{"id":657,"date":"2020-09-30T11:11:32","date_gmt":"2020-09-30T11:11:32","guid":{"rendered":"https:\/\/support.clixtell.com\/que-es-la-llamada-de-reserva\/"},"modified":"2020-09-30T11:11:33","modified_gmt":"2020-09-30T11:11:33","slug":"que-es-la-llamada-de-reserva","status":"publish","type":"page","link":"https:\/\/support.clixtell.com\/es\/que-es-la-llamada-de-reserva\/","title":{"rendered":"Qu\u00e9 es la llamada de reserva"},"content":{"rendered":"<p>Una \u00abLlamada de reserva\u00bb es un n\u00famero de tel\u00e9fono de respaldo al que el sistema puede enrutar las llamadas en caso de que el n\u00famero principal de \u00abReenviar a\u00bb est\u00e9 ocupado o no est\u00e9 disponible por cualquier motivo.<\/p>\n<p>Para establecer un \u00abN\u00famero de reserva\u00bb para su grupo:<\/p>\n<ol>\n<li>Vaya a \u00abConfiguraci\u00f3n de seguimiento de llamadas\u00bb en el men\u00fa de configuraci\u00f3n<\/li>\n<li>Haga clic en \u00abAdministrar\u00bb junto al grupo al que desea agregar la \u00abLlamada de reserva\u00bb a<\/li>\n<li>Justo debajo de \u00abReenviar llamadas a\u00bb el n\u00famero principal, gire \u00abLlamada de reserva\u00bb a \u00abON\u00bb.<\/li>\n<li>Establezca el n\u00famero de tel\u00e9fono de copia de seguridad para que el sistema marque<\/li>\n<li>Establezca cu\u00e1nto tiempo (en segundos) debe sonar el primer n\u00famero antes de marcar el n\u00famero de \u00abLlamada de reserva\u00bb.<\/li>\n<\/ol>\n<p>* Tenga en cuenta: si el n\u00famero principal est\u00e1 ocupado o no est\u00e1 disponible, el sistema transferir\u00e1 la llamada al segundo n\u00famero inmediatamente.<\/p>\n","protected":false},"excerpt":{"rendered":"<p>Una \u00abLlamada de reserva\u00bb es un n\u00famero de tel\u00e9fono de respaldo al que el sistema puede enrutar las llamadas en caso de que el n\u00famero principal de \u00abReenviar a\u00bb est\u00e9 ocupado o no est\u00e9 disponible por cualquier motivo. Para establecer un \u00abN\u00famero de reserva\u00bb para su grupo: Vaya a \u00abConfiguraci\u00f3n de seguimiento de llamadas\u00bb en [&hellip;]<\/p>\n","protected":false},"author":1,"featured_media":0,"parent":0,"menu_order":0,"comment_status":"closed","ping_status":"closed","template":"","meta":[],"yoast_head":"<!-- This site is optimized with the Yoast SEO plugin v19.9 - https:\/\/yoast.com\/wordpress\/plugins\/seo\/ -->\n<title>Qu\u00e9 es la llamada de reserva - Clixtell Support Academy<\/title>\n<meta name=\"robots\" content=\"index, follow, max-snippet:-1, max-image-preview:large, max-video-preview:-1\" \/>\n<link rel=\"canonical\" href=\"https:\/\/support.clixtell.com\/es\/que-es-la-llamada-de-reserva\/\" \/>\n<meta property=\"og:locale\" content=\"es_ES\" \/>\n<meta property=\"og:type\" content=\"article\" \/>\n<meta property=\"og:title\" content=\"Qu\u00e9 es la llamada de reserva - Clixtell Support Academy\" \/>\n<meta property=\"og:description\" content=\"Una \u00abLlamada de reserva\u00bb es un n\u00famero de tel\u00e9fono de respaldo al que el sistema puede enrutar las llamadas en caso de que el n\u00famero principal de \u00abReenviar a\u00bb est\u00e9 ocupado o no est\u00e9 disponible por cualquier motivo. Para establecer un \u00abN\u00famero de reserva\u00bb para su grupo: Vaya a \u00abConfiguraci\u00f3n de seguimiento de llamadas\u00bb en [&hellip;]\" \/>\n<meta property=\"og:url\" content=\"https:\/\/support.clixtell.com\/es\/que-es-la-llamada-de-reserva\/\" \/>\n<meta property=\"og:site_name\" content=\"Clixtell Support Academy\" \/>\n<meta property=\"article:modified_time\" content=\"2020-09-30T11:11:33+00:00\" \/>\n<meta name=\"twitter:card\" content=\"summary_large_image\" \/>\n<meta name=\"twitter:label1\" content=\"Tiempo de lectura\" \/>\n\t<meta name=\"twitter:data1\" content=\"1 minuto\" \/>\n<script type=\"application\/ld+json\" class=\"yoast-schema-graph\">{\"@context\":\"https:\/\/schema.org\",\"@graph\":[{\"@type\":\"WebPage\",\"@id\":\"https:\/\/support.clixtell.com\/es\/que-es-la-llamada-de-reserva\/\",\"url\":\"https:\/\/support.clixtell.com\/es\/que-es-la-llamada-de-reserva\/\",\"name\":\"Qu\u00e9 es la llamada de reserva - Clixtell Support Academy\",\"isPartOf\":{\"@id\":\"https:\/\/54.146.219.34:443\/#website\"},\"datePublished\":\"2020-09-30T11:11:32+00:00\",\"dateModified\":\"2020-09-30T11:11:33+00:00\",\"breadcrumb\":{\"@id\":\"https:\/\/support.clixtell.com\/es\/que-es-la-llamada-de-reserva\/#breadcrumb\"},\"inLanguage\":\"es\",\"potentialAction\":[{\"@type\":\"ReadAction\",\"target\":[\"https:\/\/support.clixtell.com\/es\/que-es-la-llamada-de-reserva\/\"]}]},{\"@type\":\"BreadcrumbList\",\"@id\":\"https:\/\/support.clixtell.com\/es\/que-es-la-llamada-de-reserva\/#breadcrumb\",\"itemListElement\":[{\"@type\":\"ListItem\",\"position\":1,\"name\":\"Home\",\"item\":\"https:\/\/support.clixtell.com\/es\/\"},{\"@type\":\"ListItem\",\"position\":2,\"name\":\"Qu\u00e9 es la llamada de reserva\"}]},{\"@type\":\"WebSite\",\"@id\":\"https:\/\/54.146.219.34:443\/#website\",\"url\":\"https:\/\/54.146.219.34:443\/\",\"name\":\"Clixtell Support Academy\",\"description\":\"\",\"publisher\":{\"@id\":\"https:\/\/54.146.219.34:443\/#organization\"},\"potentialAction\":[{\"@type\":\"SearchAction\",\"target\":{\"@type\":\"EntryPoint\",\"urlTemplate\":\"https:\/\/54.146.219.34:443\/?s={search_term_string}\"},\"query-input\":\"required name=search_term_string\"}],\"inLanguage\":\"es\"},{\"@type\":\"Organization\",\"@id\":\"https:\/\/54.146.219.34:443\/#organization\",\"name\":\"Clixtell Support Academy\",\"url\":\"https:\/\/54.146.219.34:443\/\",\"logo\":{\"@type\":\"ImageObject\",\"inLanguage\":\"es\",\"@id\":\"https:\/\/54.146.219.34:443\/#\/schema\/logo\/image\/\",\"url\":\"https:\/\/support.clixtell.com\/wp-content\/uploads\/2020\/04\/logoc.png\",\"contentUrl\":\"https:\/\/support.clixtell.com\/wp-content\/uploads\/2020\/04\/logoc.png\",\"width\":168,\"height\":43,\"caption\":\"Clixtell Support Academy\"},\"image\":{\"@id\":\"https:\/\/54.146.219.34:443\/#\/schema\/logo\/image\/\"}}]}<\/script>\n<!-- \/ Yoast SEO plugin. -->","yoast_head_json":{"title":"Qu\u00e9 es la llamada de reserva - Clixtell Support Academy","robots":{"index":"index","follow":"follow","max-snippet":"max-snippet:-1","max-image-preview":"max-image-preview:large","max-video-preview":"max-video-preview:-1"},"canonical":"https:\/\/support.clixtell.com\/es\/que-es-la-llamada-de-reserva\/","og_locale":"es_ES","og_type":"article","og_title":"Qu\u00e9 es la llamada de reserva - Clixtell Support Academy","og_description":"Una \u00abLlamada de reserva\u00bb es un n\u00famero de tel\u00e9fono de respaldo al que el sistema puede enrutar las llamadas en caso de que el n\u00famero principal de \u00abReenviar a\u00bb est\u00e9 ocupado o no est\u00e9 disponible por cualquier motivo. Para establecer un \u00abN\u00famero de reserva\u00bb para su grupo: Vaya a \u00abConfiguraci\u00f3n de seguimiento de llamadas\u00bb en [&hellip;]","og_url":"https:\/\/support.clixtell.com\/es\/que-es-la-llamada-de-reserva\/","og_site_name":"Clixtell Support Academy","article_modified_time":"2020-09-30T11:11:33+00:00","twitter_card":"summary_large_image","twitter_misc":{"Tiempo de lectura":"1 minuto"},"schema":{"@context":"https:\/\/schema.org","@graph":[{"@type":"WebPage","@id":"https:\/\/support.clixtell.com\/es\/que-es-la-llamada-de-reserva\/","url":"https:\/\/support.clixtell.com\/es\/que-es-la-llamada-de-reserva\/","name":"Qu\u00e9 es la llamada de reserva - Clixtell Support Academy","isPartOf":{"@id":"https:\/\/54.146.219.34:443\/#website"},"datePublished":"2020-09-30T11:11:32+00:00","dateModified":"2020-09-30T11:11:33+00:00","breadcrumb":{"@id":"https:\/\/support.clixtell.com\/es\/que-es-la-llamada-de-reserva\/#breadcrumb"},"inLanguage":"es","potentialAction":[{"@type":"ReadAction","target":["https:\/\/support.clixtell.com\/es\/que-es-la-llamada-de-reserva\/"]}]},{"@type":"BreadcrumbList","@id":"https:\/\/support.clixtell.com\/es\/que-es-la-llamada-de-reserva\/#breadcrumb","itemListElement":[{"@type":"ListItem","position":1,"name":"Home","item":"https:\/\/support.clixtell.com\/es\/"},{"@type":"ListItem","position":2,"name":"Qu\u00e9 es la llamada de reserva"}]},{"@type":"WebSite","@id":"https:\/\/54.146.219.34:443\/#website","url":"https:\/\/54.146.219.34:443\/","name":"Clixtell Support Academy","description":"","publisher":{"@id":"https:\/\/54.146.219.34:443\/#organization"},"potentialAction":[{"@type":"SearchAction","target":{"@type":"EntryPoint","urlTemplate":"https:\/\/54.146.219.34:443\/?s={search_term_string}"},"query-input":"required name=search_term_string"}],"inLanguage":"es"},{"@type":"Organization","@id":"https:\/\/54.146.219.34:443\/#organization","name":"Clixtell Support Academy","url":"https:\/\/54.146.219.34:443\/","logo":{"@type":"ImageObject","inLanguage":"es","@id":"https:\/\/54.146.219.34:443\/#\/schema\/logo\/image\/","url":"https:\/\/support.clixtell.com\/wp-content\/uploads\/2020\/04\/logoc.png","contentUrl":"https:\/\/support.clixtell.com\/wp-content\/uploads\/2020\/04\/logoc.png","width":168,"height":43,"caption":"Clixtell Support Academy"},"image":{"@id":"https:\/\/54.146.219.34:443\/#\/schema\/logo\/image\/"}}]}},"_links":{"self":[{"href":"https:\/\/support.clixtell.com\/es\/wp-json\/wp\/v2\/pages\/657"}],"collection":[{"href":"https:\/\/support.clixtell.com\/es\/wp-json\/wp\/v2\/pages"}],"about":[{"href":"https:\/\/support.clixtell.com\/es\/wp-json\/wp\/v2\/types\/page"}],"author":[{"embeddable":true,"href":"https:\/\/support.clixtell.com\/es\/wp-json\/wp\/v2\/users\/1"}],"replies":[{"embeddable":true,"href":"https:\/\/support.clixtell.com\/es\/wp-json\/wp\/v2\/comments?post=657"}],"version-history":[{"count":1,"href":"https:\/\/support.clixtell.com\/es\/wp-json\/wp\/v2\/pages\/657\/revisions"}],"predecessor-version":[{"id":659,"href":"https:\/\/support.clixtell.com\/es\/wp-json\/wp\/v2\/pages\/657\/revisions\/659"}],"wp:attachment":[{"href":"https:\/\/support.clixtell.com\/es\/wp-json\/wp\/v2\/media?parent=657"}],"curies":[{"name":"wp","href":"https:\/\/api.w.org\/{rel}","templated":true}]}}