{"id":656,"date":"2020-09-30T11:11:31","date_gmt":"2020-09-30T11:11:31","guid":{"rendered":"https:\/\/support.clixtell.com\/como-instalar-wordpress-plugin\/"},"modified":"2020-09-30T11:11:33","modified_gmt":"2020-09-30T11:11:33","slug":"como-instalar-wordpress-plugin","status":"publish","type":"page","link":"https:\/\/support.clixtell.com\/es\/como-instalar-wordpress-plugin\/","title":{"rendered":"C\u00f3mo instalar WordPress Plugin"},"content":{"rendered":"<p>A\u00f1adir Clixtell a tu sitio web es muy f\u00e1cil si est\u00e1s usando WordPress.<\/p>\n<ol>\n<li>En el panel de administraci\u00f3n de WP vaya a \u00abPlugins\u00bb &#8211; &gt; \u00abAdd New\u00bb.<\/li>\n<li>En el cuadro de b\u00fasqueda del plugin, busque \u00abClixtell\u00bb.<\/li>\n<li>Haga clic en \u00abInstalar\u00bb &amp; \u00abActivar\u00bb.<\/li>\n<li>Borrar cach\u00e9 del sitio web<\/li>\n<\/ol>\n<p>\u00a1Hecho! Todos los clics de fuentes rastreadas comenzar\u00e1n a mostrarse inmediatamente en el panel de Clixtell. Si tienes habilitado el seguimiento de llamadas al sitio web, comenzar\u00e1 a funcionar inmediatamente.<\/p>\n","protected":false},"excerpt":{"rendered":"<p>A\u00f1adir Clixtell a tu sitio web es muy f\u00e1cil si est\u00e1s usando WordPress. En el panel de administraci\u00f3n de WP vaya a \u00abPlugins\u00bb &#8211; &gt; \u00abAdd New\u00bb. En el cuadro de b\u00fasqueda del plugin, busque \u00abClixtell\u00bb. Haga clic en \u00abInstalar\u00bb &amp; \u00abActivar\u00bb. Borrar cach\u00e9 del sitio web \u00a1Hecho! Todos los clics de fuentes rastreadas comenzar\u00e1n [&hellip;]<\/p>\n","protected":false},"author":1,"featured_media":0,"parent":0,"menu_order":0,"comment_status":"closed","ping_status":"closed","template":"","meta":[],"yoast_head":"<!-- This site is optimized with the Yoast SEO plugin v19.9 - https:\/\/yoast.com\/wordpress\/plugins\/seo\/ -->\n<title>C\u00f3mo instalar WordPress Plugin - Clixtell Support Academy<\/title>\n<meta name=\"robots\" content=\"index, follow, max-snippet:-1, max-image-preview:large, max-video-preview:-1\" \/>\n<link rel=\"canonical\" href=\"https:\/\/support.clixtell.com\/es\/como-instalar-wordpress-plugin\/\" \/>\n<meta property=\"og:locale\" content=\"es_ES\" \/>\n<meta property=\"og:type\" content=\"article\" \/>\n<meta property=\"og:title\" content=\"C\u00f3mo instalar WordPress Plugin - Clixtell Support Academy\" \/>\n<meta property=\"og:description\" content=\"A\u00f1adir Clixtell a tu sitio web es muy f\u00e1cil si est\u00e1s usando WordPress. En el panel de administraci\u00f3n de WP vaya a \u00abPlugins\u00bb &#8211; &gt; \u00abAdd New\u00bb. En el cuadro de b\u00fasqueda del plugin, busque \u00abClixtell\u00bb. Haga clic en \u00abInstalar\u00bb &amp; \u00abActivar\u00bb. Borrar cach\u00e9 del sitio web \u00a1Hecho! Todos los clics de fuentes rastreadas comenzar\u00e1n [&hellip;]\" \/>\n<meta property=\"og:url\" content=\"https:\/\/support.clixtell.com\/es\/como-instalar-wordpress-plugin\/\" \/>\n<meta property=\"og:site_name\" content=\"Clixtell Support Academy\" \/>\n<meta property=\"article:modified_time\" content=\"2020-09-30T11:11:33+00:00\" \/>\n<meta name=\"twitter:card\" content=\"summary_large_image\" \/>\n<script type=\"application\/ld+json\" class=\"yoast-schema-graph\">{\"@context\":\"https:\/\/schema.org\",\"@graph\":[{\"@type\":\"WebPage\",\"@id\":\"https:\/\/support.clixtell.com\/es\/como-instalar-wordpress-plugin\/\",\"url\":\"https:\/\/support.clixtell.com\/es\/como-instalar-wordpress-plugin\/\",\"name\":\"C\u00f3mo instalar WordPress Plugin - Clixtell Support Academy\",\"isPartOf\":{\"@id\":\"https:\/\/support.clixtell.com\/he\/#website\"},\"datePublished\":\"2020-09-30T11:11:31+00:00\",\"dateModified\":\"2020-09-30T11:11:33+00:00\",\"breadcrumb\":{\"@id\":\"https:\/\/support.clixtell.com\/es\/como-instalar-wordpress-plugin\/#breadcrumb\"},\"inLanguage\":\"es\",\"potentialAction\":[{\"@type\":\"ReadAction\",\"target\":[\"https:\/\/support.clixtell.com\/es\/como-instalar-wordpress-plugin\/\"]}]},{\"@type\":\"BreadcrumbList\",\"@id\":\"https:\/\/support.clixtell.com\/es\/como-instalar-wordpress-plugin\/#breadcrumb\",\"itemListElement\":[{\"@type\":\"ListItem\",\"position\":1,\"name\":\"Home\",\"item\":\"https:\/\/support.clixtell.com\/es\/\"},{\"@type\":\"ListItem\",\"position\":2,\"name\":\"C\u00f3mo instalar WordPress Plugin\"}]},{\"@type\":\"WebSite\",\"@id\":\"https:\/\/support.clixtell.com\/he\/#website\",\"url\":\"https:\/\/support.clixtell.com\/he\/\",\"name\":\"Clixtell Support Academy\",\"description\":\"\",\"publisher\":{\"@id\":\"https:\/\/support.clixtell.com\/he\/#organization\"},\"potentialAction\":[{\"@type\":\"SearchAction\",\"target\":{\"@type\":\"EntryPoint\",\"urlTemplate\":\"https:\/\/support.clixtell.com\/he\/?s={search_term_string}\"},\"query-input\":\"required name=search_term_string\"}],\"inLanguage\":\"es\"},{\"@type\":\"Organization\",\"@id\":\"https:\/\/support.clixtell.com\/he\/#organization\",\"name\":\"Clixtell Support Academy\",\"url\":\"https:\/\/support.clixtell.com\/he\/\",\"logo\":{\"@type\":\"ImageObject\",\"inLanguage\":\"es\",\"@id\":\"https:\/\/support.clixtell.com\/he\/#\/schema\/logo\/image\/\",\"url\":\"https:\/\/support.clixtell.com\/wp-content\/uploads\/2020\/04\/logoc.png\",\"contentUrl\":\"https:\/\/support.clixtell.com\/wp-content\/uploads\/2020\/04\/logoc.png\",\"width\":168,\"height\":43,\"caption\":\"Clixtell Support Academy\"},\"image\":{\"@id\":\"https:\/\/support.clixtell.com\/he\/#\/schema\/logo\/image\/\"}}]}<\/script>\n<!-- \/ Yoast SEO plugin. -->","yoast_head_json":{"title":"C\u00f3mo instalar WordPress Plugin - Clixtell Support Academy","robots":{"index":"index","follow":"follow","max-snippet":"max-snippet:-1","max-image-preview":"max-image-preview:large","max-video-preview":"max-video-preview:-1"},"canonical":"https:\/\/support.clixtell.com\/es\/como-instalar-wordpress-plugin\/","og_locale":"es_ES","og_type":"article","og_title":"C\u00f3mo instalar WordPress Plugin - Clixtell Support Academy","og_description":"A\u00f1adir Clixtell a tu sitio web es muy f\u00e1cil si est\u00e1s usando WordPress. En el panel de administraci\u00f3n de WP vaya a \u00abPlugins\u00bb &#8211; &gt; \u00abAdd New\u00bb. En el cuadro de b\u00fasqueda del plugin, busque \u00abClixtell\u00bb. Haga clic en \u00abInstalar\u00bb &amp; \u00abActivar\u00bb. Borrar cach\u00e9 del sitio web \u00a1Hecho! Todos los clics de fuentes rastreadas comenzar\u00e1n [&hellip;]","og_url":"https:\/\/support.clixtell.com\/es\/como-instalar-wordpress-plugin\/","og_site_name":"Clixtell Support Academy","article_modified_time":"2020-09-30T11:11:33+00:00","twitter_card":"summary_large_image","schema":{"@context":"https:\/\/schema.org","@graph":[{"@type":"WebPage","@id":"https:\/\/support.clixtell.com\/es\/como-instalar-wordpress-plugin\/","url":"https:\/\/support.clixtell.com\/es\/como-instalar-wordpress-plugin\/","name":"C\u00f3mo instalar WordPress Plugin - Clixtell Support Academy","isPartOf":{"@id":"https:\/\/support.clixtell.com\/he\/#website"},"datePublished":"2020-09-30T11:11:31+00:00","dateModified":"2020-09-30T11:11:33+00:00","breadcrumb":{"@id":"https:\/\/support.clixtell.com\/es\/como-instalar-wordpress-plugin\/#breadcrumb"},"inLanguage":"es","potentialAction":[{"@type":"ReadAction","target":["https:\/\/support.clixtell.com\/es\/como-instalar-wordpress-plugin\/"]}]},{"@type":"BreadcrumbList","@id":"https:\/\/support.clixtell.com\/es\/como-instalar-wordpress-plugin\/#breadcrumb","itemListElement":[{"@type":"ListItem","position":1,"name":"Home","item":"https:\/\/support.clixtell.com\/es\/"},{"@type":"ListItem","position":2,"name":"C\u00f3mo instalar WordPress Plugin"}]},{"@type":"WebSite","@id":"https:\/\/support.clixtell.com\/he\/#website","url":"https:\/\/support.clixtell.com\/he\/","name":"Clixtell Support Academy","description":"","publisher":{"@id":"https:\/\/support.clixtell.com\/he\/#organization"},"potentialAction":[{"@type":"SearchAction","target":{"@type":"EntryPoint","urlTemplate":"https:\/\/support.clixtell.com\/he\/?s={search_term_string}"},"query-input":"required name=search_term_string"}],"inLanguage":"es"},{"@type":"Organization","@id":"https:\/\/support.clixtell.com\/he\/#organization","name":"Clixtell Support Academy","url":"https:\/\/support.clixtell.com\/he\/","logo":{"@type":"ImageObject","inLanguage":"es","@id":"https:\/\/support.clixtell.com\/he\/#\/schema\/logo\/image\/","url":"https:\/\/support.clixtell.com\/wp-content\/uploads\/2020\/04\/logoc.png","contentUrl":"https:\/\/support.clixtell.com\/wp-content\/uploads\/2020\/04\/logoc.png","width":168,"height":43,"caption":"Clixtell Support Academy"},"image":{"@id":"https:\/\/support.clixtell.com\/he\/#\/schema\/logo\/image\/"}}]}},"_links":{"self":[{"href":"https:\/\/support.clixtell.com\/es\/wp-json\/wp\/v2\/pages\/656"}],"collection":[{"href":"https:\/\/support.clixtell.com\/es\/wp-json\/wp\/v2\/pages"}],"about":[{"href":"https:\/\/support.clixtell.com\/es\/wp-json\/wp\/v2\/types\/page"}],"author":[{"embeddable":true,"href":"https:\/\/support.clixtell.com\/es\/wp-json\/wp\/v2\/users\/1"}],"replies":[{"embeddable":true,"href":"https:\/\/support.clixtell.com\/es\/wp-json\/wp\/v2\/comments?post=656"}],"version-history":[{"count":1,"href":"https:\/\/support.clixtell.com\/es\/wp-json\/wp\/v2\/pages\/656\/revisions"}],"predecessor-version":[{"id":660,"href":"https:\/\/support.clixtell.com\/es\/wp-json\/wp\/v2\/pages\/656\/revisions\/660"}],"wp:attachment":[{"href":"https:\/\/support.clixtell.com\/es\/wp-json\/wp\/v2\/media?parent=656"}],"curies":[{"name":"wp","href":"https:\/\/api.w.org\/{rel}","templated":true}]}}