{"id":648,"date":"2020-09-30T11:11:28","date_gmt":"2020-09-30T11:11:28","guid":{"rendered":"https:\/\/support.clixtell.com\/que-es-el-saldo-de-la-cuenta\/"},"modified":"2020-09-30T11:11:29","modified_gmt":"2020-09-30T11:11:29","slug":"que-es-el-saldo-de-la-cuenta","status":"publish","type":"page","link":"https:\/\/support.clixtell.com\/es\/que-es-el-saldo-de-la-cuenta\/","title":{"rendered":"Qu\u00e9 es el saldo de la cuenta"},"content":{"rendered":"<p>El saldo de la cuenta se crea para las cuentas con seguimiento de llamadas por Parte de Clixtell.<br \/>\nAl especificar el m\u00ednimo total para la desviaci\u00f3n de la cuenta, el sistema cargar\u00e1 autom\u00e1ticamente la suma deseada.<br \/>\nEn caso de que la cuenta supere el n\u00famero de minutos definidos para el plan, la cuenta se cargar\u00e1 autom\u00e1ticamente. Tenga en cuenta que los fondos no utilizados se guardar\u00e1n para su uso futuro, incluso despu\u00e9s de que finalice un ciclo de pago mensual.<\/p>\n","protected":false},"excerpt":{"rendered":"<p>El saldo de la cuenta se crea para las cuentas con seguimiento de llamadas por Parte de Clixtell. Al especificar el m\u00ednimo total para la desviaci\u00f3n de la cuenta, el sistema cargar\u00e1 autom\u00e1ticamente la suma deseada. En caso de que la cuenta supere el n\u00famero de minutos definidos para el plan, la cuenta se cargar\u00e1 [&hellip;]<\/p>\n","protected":false},"author":1,"featured_media":0,"parent":0,"menu_order":0,"comment_status":"closed","ping_status":"closed","template":"","meta":[],"yoast_head":"<!-- This site is optimized with the Yoast SEO plugin v19.9 - https:\/\/yoast.com\/wordpress\/plugins\/seo\/ -->\n<title>Qu\u00e9 es el saldo de la cuenta - Clixtell Support Academy<\/title>\n<meta name=\"robots\" content=\"index, follow, max-snippet:-1, max-image-preview:large, max-video-preview:-1\" \/>\n<link rel=\"canonical\" href=\"https:\/\/54.146.219.34\/es\/que-es-el-saldo-de-la-cuenta\/\" \/>\n<meta property=\"og:locale\" content=\"es_ES\" \/>\n<meta property=\"og:type\" content=\"article\" \/>\n<meta property=\"og:title\" content=\"Qu\u00e9 es el saldo de la cuenta - Clixtell Support Academy\" \/>\n<meta property=\"og:description\" content=\"El saldo de la cuenta se crea para las cuentas con seguimiento de llamadas por Parte de Clixtell. Al especificar el m\u00ednimo total para la desviaci\u00f3n de la cuenta, el sistema cargar\u00e1 autom\u00e1ticamente la suma deseada. En caso de que la cuenta supere el n\u00famero de minutos definidos para el plan, la cuenta se cargar\u00e1 [&hellip;]\" \/>\n<meta property=\"og:url\" content=\"https:\/\/54.146.219.34\/es\/que-es-el-saldo-de-la-cuenta\/\" \/>\n<meta property=\"og:site_name\" content=\"Clixtell Support Academy\" \/>\n<meta property=\"article:modified_time\" content=\"2020-09-30T11:11:29+00:00\" \/>\n<meta name=\"twitter:card\" content=\"summary_large_image\" \/>\n<script type=\"application\/ld+json\" class=\"yoast-schema-graph\">{\"@context\":\"https:\/\/schema.org\",\"@graph\":[{\"@type\":\"WebPage\",\"@id\":\"https:\/\/54.146.219.34\/es\/que-es-el-saldo-de-la-cuenta\/\",\"url\":\"https:\/\/54.146.219.34\/es\/que-es-el-saldo-de-la-cuenta\/\",\"name\":\"Qu\u00e9 es el saldo de la cuenta - Clixtell Support Academy\",\"isPartOf\":{\"@id\":\"https:\/\/54.146.219.34\/es\/#website\"},\"datePublished\":\"2020-09-30T11:11:28+00:00\",\"dateModified\":\"2020-09-30T11:11:29+00:00\",\"breadcrumb\":{\"@id\":\"https:\/\/54.146.219.34\/es\/que-es-el-saldo-de-la-cuenta\/#breadcrumb\"},\"inLanguage\":\"es\",\"potentialAction\":[{\"@type\":\"ReadAction\",\"target\":[\"https:\/\/54.146.219.34\/es\/que-es-el-saldo-de-la-cuenta\/\"]}]},{\"@type\":\"BreadcrumbList\",\"@id\":\"https:\/\/54.146.219.34\/es\/que-es-el-saldo-de-la-cuenta\/#breadcrumb\",\"itemListElement\":[{\"@type\":\"ListItem\",\"position\":1,\"name\":\"Home\",\"item\":\"https:\/\/54.146.219.34\/es\/\"},{\"@type\":\"ListItem\",\"position\":2,\"name\":\"Qu\u00e9 es el saldo de la cuenta\"}]},{\"@type\":\"WebSite\",\"@id\":\"https:\/\/54.146.219.34\/es\/#website\",\"url\":\"https:\/\/54.146.219.34\/es\/\",\"name\":\"Clixtell Support Academy\",\"description\":\"\",\"publisher\":{\"@id\":\"https:\/\/54.146.219.34\/es\/#organization\"},\"potentialAction\":[{\"@type\":\"SearchAction\",\"target\":{\"@type\":\"EntryPoint\",\"urlTemplate\":\"https:\/\/54.146.219.34\/es\/?s={search_term_string}\"},\"query-input\":\"required name=search_term_string\"}],\"inLanguage\":\"es\"},{\"@type\":\"Organization\",\"@id\":\"https:\/\/54.146.219.34\/es\/#organization\",\"name\":\"Clixtell Support Academy\",\"url\":\"https:\/\/54.146.219.34\/es\/\",\"logo\":{\"@type\":\"ImageObject\",\"inLanguage\":\"es\",\"@id\":\"https:\/\/54.146.219.34\/es\/#\/schema\/logo\/image\/\",\"url\":\"https:\/\/support.clixtell.com\/wp-content\/uploads\/2020\/04\/logoc.png\",\"contentUrl\":\"https:\/\/support.clixtell.com\/wp-content\/uploads\/2020\/04\/logoc.png\",\"width\":168,\"height\":43,\"caption\":\"Clixtell Support Academy\"},\"image\":{\"@id\":\"https:\/\/54.146.219.34\/es\/#\/schema\/logo\/image\/\"}}]}<\/script>\n<!-- \/ Yoast SEO plugin. -->","yoast_head_json":{"title":"Qu\u00e9 es el saldo de la cuenta - Clixtell Support Academy","robots":{"index":"index","follow":"follow","max-snippet":"max-snippet:-1","max-image-preview":"max-image-preview:large","max-video-preview":"max-video-preview:-1"},"canonical":"https:\/\/54.146.219.34\/es\/que-es-el-saldo-de-la-cuenta\/","og_locale":"es_ES","og_type":"article","og_title":"Qu\u00e9 es el saldo de la cuenta - Clixtell Support Academy","og_description":"El saldo de la cuenta se crea para las cuentas con seguimiento de llamadas por Parte de Clixtell. Al especificar el m\u00ednimo total para la desviaci\u00f3n de la cuenta, el sistema cargar\u00e1 autom\u00e1ticamente la suma deseada. En caso de que la cuenta supere el n\u00famero de minutos definidos para el plan, la cuenta se cargar\u00e1 [&hellip;]","og_url":"https:\/\/54.146.219.34\/es\/que-es-el-saldo-de-la-cuenta\/","og_site_name":"Clixtell Support Academy","article_modified_time":"2020-09-30T11:11:29+00:00","twitter_card":"summary_large_image","schema":{"@context":"https:\/\/schema.org","@graph":[{"@type":"WebPage","@id":"https:\/\/54.146.219.34\/es\/que-es-el-saldo-de-la-cuenta\/","url":"https:\/\/54.146.219.34\/es\/que-es-el-saldo-de-la-cuenta\/","name":"Qu\u00e9 es el saldo de la cuenta - Clixtell Support Academy","isPartOf":{"@id":"https:\/\/54.146.219.34\/es\/#website"},"datePublished":"2020-09-30T11:11:28+00:00","dateModified":"2020-09-30T11:11:29+00:00","breadcrumb":{"@id":"https:\/\/54.146.219.34\/es\/que-es-el-saldo-de-la-cuenta\/#breadcrumb"},"inLanguage":"es","potentialAction":[{"@type":"ReadAction","target":["https:\/\/54.146.219.34\/es\/que-es-el-saldo-de-la-cuenta\/"]}]},{"@type":"BreadcrumbList","@id":"https:\/\/54.146.219.34\/es\/que-es-el-saldo-de-la-cuenta\/#breadcrumb","itemListElement":[{"@type":"ListItem","position":1,"name":"Home","item":"https:\/\/54.146.219.34\/es\/"},{"@type":"ListItem","position":2,"name":"Qu\u00e9 es el saldo de la cuenta"}]},{"@type":"WebSite","@id":"https:\/\/54.146.219.34\/es\/#website","url":"https:\/\/54.146.219.34\/es\/","name":"Clixtell Support Academy","description":"","publisher":{"@id":"https:\/\/54.146.219.34\/es\/#organization"},"potentialAction":[{"@type":"SearchAction","target":{"@type":"EntryPoint","urlTemplate":"https:\/\/54.146.219.34\/es\/?s={search_term_string}"},"query-input":"required name=search_term_string"}],"inLanguage":"es"},{"@type":"Organization","@id":"https:\/\/54.146.219.34\/es\/#organization","name":"Clixtell Support Academy","url":"https:\/\/54.146.219.34\/es\/","logo":{"@type":"ImageObject","inLanguage":"es","@id":"https:\/\/54.146.219.34\/es\/#\/schema\/logo\/image\/","url":"https:\/\/support.clixtell.com\/wp-content\/uploads\/2020\/04\/logoc.png","contentUrl":"https:\/\/support.clixtell.com\/wp-content\/uploads\/2020\/04\/logoc.png","width":168,"height":43,"caption":"Clixtell Support Academy"},"image":{"@id":"https:\/\/54.146.219.34\/es\/#\/schema\/logo\/image\/"}}]}},"_links":{"self":[{"href":"https:\/\/support.clixtell.com\/es\/wp-json\/wp\/v2\/pages\/648"}],"collection":[{"href":"https:\/\/support.clixtell.com\/es\/wp-json\/wp\/v2\/pages"}],"about":[{"href":"https:\/\/support.clixtell.com\/es\/wp-json\/wp\/v2\/types\/page"}],"author":[{"embeddable":true,"href":"https:\/\/support.clixtell.com\/es\/wp-json\/wp\/v2\/users\/1"}],"replies":[{"embeddable":true,"href":"https:\/\/support.clixtell.com\/es\/wp-json\/wp\/v2\/comments?post=648"}],"version-history":[{"count":1,"href":"https:\/\/support.clixtell.com\/es\/wp-json\/wp\/v2\/pages\/648\/revisions"}],"predecessor-version":[{"id":649,"href":"https:\/\/support.clixtell.com\/es\/wp-json\/wp\/v2\/pages\/648\/revisions\/649"}],"wp:attachment":[{"href":"https:\/\/support.clixtell.com\/es\/wp-json\/wp\/v2\/media?parent=648"}],"curies":[{"name":"wp","href":"https:\/\/api.w.org\/{rel}","templated":true}]}}