{"id":646,"date":"2020-09-30T11:11:27","date_gmt":"2020-09-30T11:11:27","guid":{"rendered":"https:\/\/support.clixtell.com\/como-reportar-llamadas-a-google-analytics\/"},"modified":"2020-09-30T11:11:27","modified_gmt":"2020-09-30T11:11:27","slug":"como-reportar-llamadas-a-google-analytics","status":"publish","type":"page","link":"https:\/\/support.clixtell.com\/es\/como-reportar-llamadas-a-google-analytics\/","title":{"rendered":"C\u00f3mo reportar llamadas a Google Analytics"},"content":{"rendered":"<p>La llamada de informes a Google Analytics se puede realizar de dos maneras: Conversiones de llamadas: que contienen datos de clics y Gclids, o como \u00abFinalizaci\u00f3n de objetivos\u00bb contadas a medida que se producen sin datos de clics asociados.<\/p>\n<h4>Informar cada llamada<\/h4>\n<ol>\n<li>Vaya a \u00abConfiguraci\u00f3n de seguimiento de llamadas\u00bb en el men\u00fa de configuraci\u00f3n (arriba a la derecha)<\/li>\n<li>Seleccione el grupo que desea informar a Analytics.<\/li>\n<li>Gire el interruptor junto a \u00abGoogle Analytics\u00bb a \u00abON\u00bb<\/li>\n<li>Establezca su n\u00famero de cuenta de Analytics para que el sistema lo detecte autom\u00e1ticamente<\/li>\n<li>Establezca su categor\u00eda objetivo como desee o d\u00e9jela en blanco para la categor\u00eda predeterminada \u00abLlamadas\u00bb<\/li>\n<li><a href=\"https:\/\/www.clixtell.com\/support\/report-calls-google-analytics\">Configurar un objetivo<\/a> en Analytics<\/li>\n<\/ol>\n<h4>Reportar conversiones de llamadas<\/h4>\n<p>Para informar de conversiones de llamadas a Google Analytics: aseg\u00farate de que est\u00e1s usando un \u00abGrupo de inserci\u00f3n din\u00e1mica\u00bb. Este tipo de grupo atribuir\u00e1 cada llamada de su sitio web al usuario original del sitio web y el clic que \u00ablo trajo\u00bb.<\/p>\n<p>Leer m\u00e1s sobre <a href=\"https:\/\/support.clixtell.com\/what-is-dynamic-phone-insertion-pool\/\">Piscinas din\u00e1micas aqu\u00ed<\/a>.<\/p>\n<p>Para informar de la conversi\u00f3n de llamadas a Google Analytics:<\/p>\n<ol>\n<li>Vaya a \u00abConfiguraci\u00f3n de conversi\u00f3n\u00bb en el men\u00fa de configuraci\u00f3n (arriba a la derecha)<\/li>\n<li>Haga clic en \u00ab+Conversi\u00f3n de tel\u00e9fono nuevo\u00bb<\/li>\n<li>Asigne un nombre a la conversi\u00f3n y copie el nombre en el portapapeles<\/li>\n<li>Selecciona Google Analytics<\/li>\n<li>Establezca una condici\u00f3n para que las llamadas se consideren una conversi\u00f3n. Por ejemplo, si establece 15 segundos, todas las llamadas superiores a 15 segundos se notificar\u00e1n como una conversi\u00f3n. Si establece 0 \u2013 se notificar\u00e1n todas las llamadas.<\/li>\n<li>Establezca varios informes o uno para tratar con los llamadores que regresan. \u00abM\u00faltiple\u00bb significa que si el mismo autor de la llamada llama varias veces cada vez que llame se notificar\u00e1 como una conversi\u00f3n. Si la casilla no est\u00e1 marcada (predeterminada), cada llamador \u00fanico se notificar\u00e1 como una conversi\u00f3n, independientemente de cu\u00e1ntas veces hayan llamado.<\/li>\n<li><a href=\"https:\/\/www.clixtell.com\/support\/report-calls-google-analytics\">Configure un objetivo<\/a> en Analytics.<\/li>\n<\/ol>\n<p>* Tenga en cuenta: Las conversiones de llamadas son reportadas por el sistema a Google una vez cada 6 horas. Google muestra los resultados de la conversi\u00f3n en un plazo de 24-48 horas. Es posible que haya un retraso en los datos de conversi\u00f3n en Google Analytics.<\/p>\n<h4>Configurar el objetivo de Google Analytics<\/h4>\n<p>Para ver los datos de llamadas en Google Analytics, <a href=\"https:\/\/www.clixtell.com\/support\/report-calls-google-analytics\">sigue esta gu\u00eda<\/a> para configurar un objetivo.<\/p>\n","protected":false},"excerpt":{"rendered":"<p>La llamada de informes a Google Analytics se puede realizar de dos maneras: Conversiones de llamadas: que contienen datos de clics y Gclids, o como \u00abFinalizaci\u00f3n de objetivos\u00bb contadas a medida que se producen sin datos de clics asociados. Informar cada llamada Vaya a \u00abConfiguraci\u00f3n de seguimiento de llamadas\u00bb en el men\u00fa de configuraci\u00f3n (arriba [&hellip;]<\/p>\n","protected":false},"author":1,"featured_media":0,"parent":0,"menu_order":0,"comment_status":"closed","ping_status":"closed","template":"","meta":[],"yoast_head":"<!-- This site is optimized with the Yoast SEO plugin v19.9 - https:\/\/yoast.com\/wordpress\/plugins\/seo\/ -->\n<title>C\u00f3mo reportar llamadas a Google Analytics - Clixtell Support Academy<\/title>\n<meta name=\"robots\" content=\"index, follow, max-snippet:-1, max-image-preview:large, max-video-preview:-1\" \/>\n<link rel=\"canonical\" href=\"https:\/\/support.clixtell.com\/es\/como-reportar-llamadas-a-google-analytics\/\" \/>\n<meta property=\"og:locale\" content=\"es_ES\" \/>\n<meta property=\"og:type\" content=\"article\" \/>\n<meta property=\"og:title\" content=\"C\u00f3mo reportar llamadas a Google Analytics - Clixtell Support Academy\" \/>\n<meta property=\"og:description\" content=\"La llamada de informes a Google Analytics se puede realizar de dos maneras: Conversiones de llamadas: que contienen datos de clics y Gclids, o como \u00abFinalizaci\u00f3n de objetivos\u00bb contadas a medida que se producen sin datos de clics asociados. Informar cada llamada Vaya a \u00abConfiguraci\u00f3n de seguimiento de llamadas\u00bb en el men\u00fa de configuraci\u00f3n (arriba [&hellip;]\" \/>\n<meta property=\"og:url\" content=\"https:\/\/support.clixtell.com\/es\/como-reportar-llamadas-a-google-analytics\/\" \/>\n<meta property=\"og:site_name\" content=\"Clixtell Support Academy\" \/>\n<meta name=\"twitter:card\" content=\"summary_large_image\" \/>\n<meta name=\"twitter:label1\" content=\"Tiempo de lectura\" \/>\n\t<meta name=\"twitter:data1\" content=\"2 minutos\" \/>\n<script type=\"application\/ld+json\" class=\"yoast-schema-graph\">{\"@context\":\"https:\/\/schema.org\",\"@graph\":[{\"@type\":\"WebPage\",\"@id\":\"https:\/\/support.clixtell.com\/es\/como-reportar-llamadas-a-google-analytics\/\",\"url\":\"https:\/\/support.clixtell.com\/es\/como-reportar-llamadas-a-google-analytics\/\",\"name\":\"C\u00f3mo reportar llamadas a Google Analytics - Clixtell Support Academy\",\"isPartOf\":{\"@id\":\"https:\/\/54.146.219.34:443\/#website\"},\"datePublished\":\"2020-09-30T11:11:27+00:00\",\"dateModified\":\"2020-09-30T11:11:27+00:00\",\"breadcrumb\":{\"@id\":\"https:\/\/support.clixtell.com\/es\/como-reportar-llamadas-a-google-analytics\/#breadcrumb\"},\"inLanguage\":\"es\",\"potentialAction\":[{\"@type\":\"ReadAction\",\"target\":[\"https:\/\/support.clixtell.com\/es\/como-reportar-llamadas-a-google-analytics\/\"]}]},{\"@type\":\"BreadcrumbList\",\"@id\":\"https:\/\/support.clixtell.com\/es\/como-reportar-llamadas-a-google-analytics\/#breadcrumb\",\"itemListElement\":[{\"@type\":\"ListItem\",\"position\":1,\"name\":\"Home\",\"item\":\"https:\/\/support.clixtell.com\/es\/\"},{\"@type\":\"ListItem\",\"position\":2,\"name\":\"C\u00f3mo reportar llamadas a Google Analytics\"}]},{\"@type\":\"WebSite\",\"@id\":\"https:\/\/54.146.219.34:443\/#website\",\"url\":\"https:\/\/54.146.219.34:443\/\",\"name\":\"Clixtell Support Academy\",\"description\":\"\",\"publisher\":{\"@id\":\"https:\/\/54.146.219.34:443\/#organization\"},\"potentialAction\":[{\"@type\":\"SearchAction\",\"target\":{\"@type\":\"EntryPoint\",\"urlTemplate\":\"https:\/\/54.146.219.34:443\/?s={search_term_string}\"},\"query-input\":\"required name=search_term_string\"}],\"inLanguage\":\"es\"},{\"@type\":\"Organization\",\"@id\":\"https:\/\/54.146.219.34:443\/#organization\",\"name\":\"Clixtell Support Academy\",\"url\":\"https:\/\/54.146.219.34:443\/\",\"logo\":{\"@type\":\"ImageObject\",\"inLanguage\":\"es\",\"@id\":\"https:\/\/54.146.219.34:443\/#\/schema\/logo\/image\/\",\"url\":\"https:\/\/support.clixtell.com\/wp-content\/uploads\/2020\/04\/logoc.png\",\"contentUrl\":\"https:\/\/support.clixtell.com\/wp-content\/uploads\/2020\/04\/logoc.png\",\"width\":168,\"height\":43,\"caption\":\"Clixtell Support Academy\"},\"image\":{\"@id\":\"https:\/\/54.146.219.34:443\/#\/schema\/logo\/image\/\"}}]}<\/script>\n<!-- \/ Yoast SEO plugin. -->","yoast_head_json":{"title":"C\u00f3mo reportar llamadas a Google Analytics - Clixtell Support Academy","robots":{"index":"index","follow":"follow","max-snippet":"max-snippet:-1","max-image-preview":"max-image-preview:large","max-video-preview":"max-video-preview:-1"},"canonical":"https:\/\/support.clixtell.com\/es\/como-reportar-llamadas-a-google-analytics\/","og_locale":"es_ES","og_type":"article","og_title":"C\u00f3mo reportar llamadas a Google Analytics - Clixtell Support Academy","og_description":"La llamada de informes a Google Analytics se puede realizar de dos maneras: Conversiones de llamadas: que contienen datos de clics y Gclids, o como \u00abFinalizaci\u00f3n de objetivos\u00bb contadas a medida que se producen sin datos de clics asociados. Informar cada llamada Vaya a \u00abConfiguraci\u00f3n de seguimiento de llamadas\u00bb en el men\u00fa de configuraci\u00f3n (arriba [&hellip;]","og_url":"https:\/\/support.clixtell.com\/es\/como-reportar-llamadas-a-google-analytics\/","og_site_name":"Clixtell Support Academy","twitter_card":"summary_large_image","twitter_misc":{"Tiempo de lectura":"2 minutos"},"schema":{"@context":"https:\/\/schema.org","@graph":[{"@type":"WebPage","@id":"https:\/\/support.clixtell.com\/es\/como-reportar-llamadas-a-google-analytics\/","url":"https:\/\/support.clixtell.com\/es\/como-reportar-llamadas-a-google-analytics\/","name":"C\u00f3mo reportar llamadas a Google Analytics - Clixtell Support Academy","isPartOf":{"@id":"https:\/\/54.146.219.34:443\/#website"},"datePublished":"2020-09-30T11:11:27+00:00","dateModified":"2020-09-30T11:11:27+00:00","breadcrumb":{"@id":"https:\/\/support.clixtell.com\/es\/como-reportar-llamadas-a-google-analytics\/#breadcrumb"},"inLanguage":"es","potentialAction":[{"@type":"ReadAction","target":["https:\/\/support.clixtell.com\/es\/como-reportar-llamadas-a-google-analytics\/"]}]},{"@type":"BreadcrumbList","@id":"https:\/\/support.clixtell.com\/es\/como-reportar-llamadas-a-google-analytics\/#breadcrumb","itemListElement":[{"@type":"ListItem","position":1,"name":"Home","item":"https:\/\/support.clixtell.com\/es\/"},{"@type":"ListItem","position":2,"name":"C\u00f3mo reportar llamadas a Google Analytics"}]},{"@type":"WebSite","@id":"https:\/\/54.146.219.34:443\/#website","url":"https:\/\/54.146.219.34:443\/","name":"Clixtell Support Academy","description":"","publisher":{"@id":"https:\/\/54.146.219.34:443\/#organization"},"potentialAction":[{"@type":"SearchAction","target":{"@type":"EntryPoint","urlTemplate":"https:\/\/54.146.219.34:443\/?s={search_term_string}"},"query-input":"required name=search_term_string"}],"inLanguage":"es"},{"@type":"Organization","@id":"https:\/\/54.146.219.34:443\/#organization","name":"Clixtell Support Academy","url":"https:\/\/54.146.219.34:443\/","logo":{"@type":"ImageObject","inLanguage":"es","@id":"https:\/\/54.146.219.34:443\/#\/schema\/logo\/image\/","url":"https:\/\/support.clixtell.com\/wp-content\/uploads\/2020\/04\/logoc.png","contentUrl":"https:\/\/support.clixtell.com\/wp-content\/uploads\/2020\/04\/logoc.png","width":168,"height":43,"caption":"Clixtell Support Academy"},"image":{"@id":"https:\/\/54.146.219.34:443\/#\/schema\/logo\/image\/"}}]}},"_links":{"self":[{"href":"https:\/\/support.clixtell.com\/es\/wp-json\/wp\/v2\/pages\/646"}],"collection":[{"href":"https:\/\/support.clixtell.com\/es\/wp-json\/wp\/v2\/pages"}],"about":[{"href":"https:\/\/support.clixtell.com\/es\/wp-json\/wp\/v2\/types\/page"}],"author":[{"embeddable":true,"href":"https:\/\/support.clixtell.com\/es\/wp-json\/wp\/v2\/users\/1"}],"replies":[{"embeddable":true,"href":"https:\/\/support.clixtell.com\/es\/wp-json\/wp\/v2\/comments?post=646"}],"version-history":[{"count":0,"href":"https:\/\/support.clixtell.com\/es\/wp-json\/wp\/v2\/pages\/646\/revisions"}],"wp:attachment":[{"href":"https:\/\/support.clixtell.com\/es\/wp-json\/wp\/v2\/media?parent=646"}],"curies":[{"name":"wp","href":"https:\/\/api.w.org\/{rel}","templated":true}]}}