{"id":644,"date":"2020-09-30T11:11:26","date_gmt":"2020-09-30T11:11:26","guid":{"rendered":"https:\/\/support.clixtell.com\/que-es-el-bloqueador-i-s-p\/"},"modified":"2020-09-30T11:11:26","modified_gmt":"2020-09-30T11:11:26","slug":"que-es-el-bloqueador-i-s-p","status":"publish","type":"page","link":"https:\/\/support.clixtell.com\/es\/que-es-el-bloqueador-i-s-p\/","title":{"rendered":"\u00bfQu\u00e9 es el bloqueador I.S.P."},"content":{"rendered":"<p>Clixtell supervisa todos los proveedores de servicios que hacen clic en sus campa\u00f1as de Google Ads.<br \/>\nSi desea bloquear un proveedor de servicios, debe marcarlo y transferirlo a su lista de campa\u00f1as excluidas.<br \/>\nClixtell bloquear\u00e1 cualquier proveedor de servicios que haya marcado, con efecto inmediato.<\/p>\n","protected":false},"excerpt":{"rendered":"<p>Clixtell supervisa todos los proveedores de servicios que hacen clic en sus campa\u00f1as de Google Ads. Si desea bloquear un proveedor de servicios, debe marcarlo y transferirlo a su lista de campa\u00f1as excluidas. Clixtell bloquear\u00e1 cualquier proveedor de servicios que haya marcado, con efecto inmediato.<\/p>\n","protected":false},"author":1,"featured_media":0,"parent":0,"menu_order":0,"comment_status":"closed","ping_status":"closed","template":"","meta":[],"yoast_head":"<!-- This site is optimized with the Yoast SEO plugin v19.9 - https:\/\/yoast.com\/wordpress\/plugins\/seo\/ -->\n<title>\u00bfQu\u00e9 es el bloqueador I.S.P. - Clixtell Support Academy<\/title>\n<meta name=\"robots\" content=\"index, follow, max-snippet:-1, max-image-preview:large, max-video-preview:-1\" \/>\n<link rel=\"canonical\" href=\"https:\/\/54.146.219.34\/es\/que-es-el-bloqueador-i-s-p\/\" \/>\n<meta property=\"og:locale\" content=\"es_ES\" \/>\n<meta property=\"og:type\" content=\"article\" \/>\n<meta property=\"og:title\" content=\"\u00bfQu\u00e9 es el bloqueador I.S.P. - Clixtell Support Academy\" \/>\n<meta property=\"og:description\" content=\"Clixtell supervisa todos los proveedores de servicios que hacen clic en sus campa\u00f1as de Google Ads. Si desea bloquear un proveedor de servicios, debe marcarlo y transferirlo a su lista de campa\u00f1as excluidas. Clixtell bloquear\u00e1 cualquier proveedor de servicios que haya marcado, con efecto inmediato.\" \/>\n<meta property=\"og:url\" content=\"https:\/\/54.146.219.34\/es\/que-es-el-bloqueador-i-s-p\/\" \/>\n<meta property=\"og:site_name\" content=\"Clixtell Support Academy\" \/>\n<meta name=\"twitter:card\" content=\"summary_large_image\" \/>\n<script type=\"application\/ld+json\" class=\"yoast-schema-graph\">{\"@context\":\"https:\/\/schema.org\",\"@graph\":[{\"@type\":\"WebPage\",\"@id\":\"https:\/\/54.146.219.34\/es\/que-es-el-bloqueador-i-s-p\/\",\"url\":\"https:\/\/54.146.219.34\/es\/que-es-el-bloqueador-i-s-p\/\",\"name\":\"\u00bfQu\u00e9 es el bloqueador I.S.P. - Clixtell Support Academy\",\"isPartOf\":{\"@id\":\"https:\/\/54.146.219.34:443\/#website\"},\"datePublished\":\"2020-09-30T11:11:26+00:00\",\"dateModified\":\"2020-09-30T11:11:26+00:00\",\"breadcrumb\":{\"@id\":\"https:\/\/54.146.219.34\/es\/que-es-el-bloqueador-i-s-p\/#breadcrumb\"},\"inLanguage\":\"es\",\"potentialAction\":[{\"@type\":\"ReadAction\",\"target\":[\"https:\/\/54.146.219.34\/es\/que-es-el-bloqueador-i-s-p\/\"]}]},{\"@type\":\"BreadcrumbList\",\"@id\":\"https:\/\/54.146.219.34\/es\/que-es-el-bloqueador-i-s-p\/#breadcrumb\",\"itemListElement\":[{\"@type\":\"ListItem\",\"position\":1,\"name\":\"Home\",\"item\":\"https:\/\/support.clixtell.com\/es\/\"},{\"@type\":\"ListItem\",\"position\":2,\"name\":\"\u00bfQu\u00e9 es el bloqueador I.S.P.\"}]},{\"@type\":\"WebSite\",\"@id\":\"https:\/\/54.146.219.34:443\/#website\",\"url\":\"https:\/\/54.146.219.34:443\/\",\"name\":\"Clixtell Support Academy\",\"description\":\"\",\"publisher\":{\"@id\":\"https:\/\/54.146.219.34:443\/#organization\"},\"potentialAction\":[{\"@type\":\"SearchAction\",\"target\":{\"@type\":\"EntryPoint\",\"urlTemplate\":\"https:\/\/54.146.219.34:443\/?s={search_term_string}\"},\"query-input\":\"required name=search_term_string\"}],\"inLanguage\":\"es\"},{\"@type\":\"Organization\",\"@id\":\"https:\/\/54.146.219.34:443\/#organization\",\"name\":\"Clixtell Support Academy\",\"url\":\"https:\/\/54.146.219.34:443\/\",\"logo\":{\"@type\":\"ImageObject\",\"inLanguage\":\"es\",\"@id\":\"https:\/\/54.146.219.34:443\/#\/schema\/logo\/image\/\",\"url\":\"https:\/\/support.clixtell.com\/wp-content\/uploads\/2020\/04\/logoc.png\",\"contentUrl\":\"https:\/\/support.clixtell.com\/wp-content\/uploads\/2020\/04\/logoc.png\",\"width\":168,\"height\":43,\"caption\":\"Clixtell Support Academy\"},\"image\":{\"@id\":\"https:\/\/54.146.219.34:443\/#\/schema\/logo\/image\/\"}}]}<\/script>\n<!-- \/ Yoast SEO plugin. -->","yoast_head_json":{"title":"\u00bfQu\u00e9 es el bloqueador I.S.P. - Clixtell Support Academy","robots":{"index":"index","follow":"follow","max-snippet":"max-snippet:-1","max-image-preview":"max-image-preview:large","max-video-preview":"max-video-preview:-1"},"canonical":"https:\/\/54.146.219.34\/es\/que-es-el-bloqueador-i-s-p\/","og_locale":"es_ES","og_type":"article","og_title":"\u00bfQu\u00e9 es el bloqueador I.S.P. - Clixtell Support Academy","og_description":"Clixtell supervisa todos los proveedores de servicios que hacen clic en sus campa\u00f1as de Google Ads. Si desea bloquear un proveedor de servicios, debe marcarlo y transferirlo a su lista de campa\u00f1as excluidas. Clixtell bloquear\u00e1 cualquier proveedor de servicios que haya marcado, con efecto inmediato.","og_url":"https:\/\/54.146.219.34\/es\/que-es-el-bloqueador-i-s-p\/","og_site_name":"Clixtell Support Academy","twitter_card":"summary_large_image","schema":{"@context":"https:\/\/schema.org","@graph":[{"@type":"WebPage","@id":"https:\/\/54.146.219.34\/es\/que-es-el-bloqueador-i-s-p\/","url":"https:\/\/54.146.219.34\/es\/que-es-el-bloqueador-i-s-p\/","name":"\u00bfQu\u00e9 es el bloqueador I.S.P. - Clixtell Support Academy","isPartOf":{"@id":"https:\/\/54.146.219.34:443\/#website"},"datePublished":"2020-09-30T11:11:26+00:00","dateModified":"2020-09-30T11:11:26+00:00","breadcrumb":{"@id":"https:\/\/54.146.219.34\/es\/que-es-el-bloqueador-i-s-p\/#breadcrumb"},"inLanguage":"es","potentialAction":[{"@type":"ReadAction","target":["https:\/\/54.146.219.34\/es\/que-es-el-bloqueador-i-s-p\/"]}]},{"@type":"BreadcrumbList","@id":"https:\/\/54.146.219.34\/es\/que-es-el-bloqueador-i-s-p\/#breadcrumb","itemListElement":[{"@type":"ListItem","position":1,"name":"Home","item":"https:\/\/support.clixtell.com\/es\/"},{"@type":"ListItem","position":2,"name":"\u00bfQu\u00e9 es el bloqueador I.S.P."}]},{"@type":"WebSite","@id":"https:\/\/54.146.219.34:443\/#website","url":"https:\/\/54.146.219.34:443\/","name":"Clixtell Support Academy","description":"","publisher":{"@id":"https:\/\/54.146.219.34:443\/#organization"},"potentialAction":[{"@type":"SearchAction","target":{"@type":"EntryPoint","urlTemplate":"https:\/\/54.146.219.34:443\/?s={search_term_string}"},"query-input":"required name=search_term_string"}],"inLanguage":"es"},{"@type":"Organization","@id":"https:\/\/54.146.219.34:443\/#organization","name":"Clixtell Support Academy","url":"https:\/\/54.146.219.34:443\/","logo":{"@type":"ImageObject","inLanguage":"es","@id":"https:\/\/54.146.219.34:443\/#\/schema\/logo\/image\/","url":"https:\/\/support.clixtell.com\/wp-content\/uploads\/2020\/04\/logoc.png","contentUrl":"https:\/\/support.clixtell.com\/wp-content\/uploads\/2020\/04\/logoc.png","width":168,"height":43,"caption":"Clixtell Support Academy"},"image":{"@id":"https:\/\/54.146.219.34:443\/#\/schema\/logo\/image\/"}}]}},"_links":{"self":[{"href":"https:\/\/support.clixtell.com\/es\/wp-json\/wp\/v2\/pages\/644"}],"collection":[{"href":"https:\/\/support.clixtell.com\/es\/wp-json\/wp\/v2\/pages"}],"about":[{"href":"https:\/\/support.clixtell.com\/es\/wp-json\/wp\/v2\/types\/page"}],"author":[{"embeddable":true,"href":"https:\/\/support.clixtell.com\/es\/wp-json\/wp\/v2\/users\/1"}],"replies":[{"embeddable":true,"href":"https:\/\/support.clixtell.com\/es\/wp-json\/wp\/v2\/comments?post=644"}],"version-history":[{"count":0,"href":"https:\/\/support.clixtell.com\/es\/wp-json\/wp\/v2\/pages\/644\/revisions"}],"wp:attachment":[{"href":"https:\/\/support.clixtell.com\/es\/wp-json\/wp\/v2\/media?parent=644"}],"curies":[{"name":"wp","href":"https:\/\/api.w.org\/{rel}","templated":true}]}}