{"id":641,"date":"2020-09-30T11:11:24","date_gmt":"2020-09-30T11:11:24","guid":{"rendered":"https:\/\/support.clixtell.com\/que-es-el-geo-bloqueador-y-como-usarlo\/"},"modified":"2020-09-30T11:11:24","modified_gmt":"2020-09-30T11:11:24","slug":"que-es-el-geo-bloqueador-y-como-usarlo","status":"publish","type":"page","link":"https:\/\/support.clixtell.com\/es\/que-es-el-geo-bloqueador-y-como-usarlo\/","title":{"rendered":"Qu\u00e9 es el Geo Bloqueador y C\u00f3mo usarlo"},"content":{"rendered":"<p>El bloqueador geogr\u00e1fico le permite bloquear inmediatamente cualquier clic que se encuentra fuera de las \u00e1reas geogr\u00e1ficas espec\u00edficas de sus campa\u00f1as de Google Ads. Puede optar por utilizar este bloqueador a trav\u00e9s de 2 opciones:<\/p>\n<ol>\n<li>Excluir todo, excepto<\/li>\n<li>Excluir seleccionados<\/li>\n<\/ol>\n<p>Marque la opci\u00f3n que desea determinar como su opci\u00f3n de bloqueo adecuada y marque los pa\u00edses que desea excluir en la cuenta. Clixtell bloquear\u00e1 cualquier IP que est\u00e9 marcada fuera de su \u00e1rea geo-dirigida.<\/p>\n","protected":false},"excerpt":{"rendered":"<p>El bloqueador geogr\u00e1fico le permite bloquear inmediatamente cualquier clic que se encuentra fuera de las \u00e1reas geogr\u00e1ficas espec\u00edficas de sus campa\u00f1as de Google Ads. Puede optar por utilizar este bloqueador a trav\u00e9s de 2 opciones: Excluir todo, excepto Excluir seleccionados Marque la opci\u00f3n que desea determinar como su opci\u00f3n de bloqueo adecuada y marque los [&hellip;]<\/p>\n","protected":false},"author":1,"featured_media":0,"parent":0,"menu_order":0,"comment_status":"closed","ping_status":"closed","template":"","meta":[],"yoast_head":"<!-- This site is optimized with the Yoast SEO plugin v19.9 - https:\/\/yoast.com\/wordpress\/plugins\/seo\/ -->\n<title>Qu\u00e9 es el Geo Bloqueador y C\u00f3mo usarlo - Clixtell Support Academy<\/title>\n<meta name=\"robots\" content=\"index, follow, max-snippet:-1, max-image-preview:large, max-video-preview:-1\" \/>\n<link rel=\"canonical\" href=\"https:\/\/support.clixtell.com\/es\/que-es-el-geo-bloqueador-y-como-usarlo\/\" \/>\n<meta property=\"og:locale\" content=\"es_ES\" \/>\n<meta property=\"og:type\" content=\"article\" \/>\n<meta property=\"og:title\" content=\"Qu\u00e9 es el Geo Bloqueador y C\u00f3mo usarlo - Clixtell Support Academy\" \/>\n<meta property=\"og:description\" content=\"El bloqueador geogr\u00e1fico le permite bloquear inmediatamente cualquier clic que se encuentra fuera de las \u00e1reas geogr\u00e1ficas espec\u00edficas de sus campa\u00f1as de Google Ads. Puede optar por utilizar este bloqueador a trav\u00e9s de 2 opciones: Excluir todo, excepto Excluir seleccionados Marque la opci\u00f3n que desea determinar como su opci\u00f3n de bloqueo adecuada y marque los [&hellip;]\" \/>\n<meta property=\"og:url\" content=\"https:\/\/support.clixtell.com\/es\/que-es-el-geo-bloqueador-y-como-usarlo\/\" \/>\n<meta property=\"og:site_name\" content=\"Clixtell Support Academy\" \/>\n<meta name=\"twitter:card\" content=\"summary_large_image\" \/>\n<script type=\"application\/ld+json\" class=\"yoast-schema-graph\">{\"@context\":\"https:\/\/schema.org\",\"@graph\":[{\"@type\":\"WebPage\",\"@id\":\"https:\/\/support.clixtell.com\/es\/que-es-el-geo-bloqueador-y-como-usarlo\/\",\"url\":\"https:\/\/support.clixtell.com\/es\/que-es-el-geo-bloqueador-y-como-usarlo\/\",\"name\":\"Qu\u00e9 es el Geo Bloqueador y C\u00f3mo usarlo - Clixtell Support Academy\",\"isPartOf\":{\"@id\":\"https:\/\/54.146.219.34:443\/#website\"},\"datePublished\":\"2020-09-30T11:11:24+00:00\",\"dateModified\":\"2020-09-30T11:11:24+00:00\",\"breadcrumb\":{\"@id\":\"https:\/\/support.clixtell.com\/es\/que-es-el-geo-bloqueador-y-como-usarlo\/#breadcrumb\"},\"inLanguage\":\"es\",\"potentialAction\":[{\"@type\":\"ReadAction\",\"target\":[\"https:\/\/support.clixtell.com\/es\/que-es-el-geo-bloqueador-y-como-usarlo\/\"]}]},{\"@type\":\"BreadcrumbList\",\"@id\":\"https:\/\/support.clixtell.com\/es\/que-es-el-geo-bloqueador-y-como-usarlo\/#breadcrumb\",\"itemListElement\":[{\"@type\":\"ListItem\",\"position\":1,\"name\":\"Home\",\"item\":\"https:\/\/support.clixtell.com\/es\/\"},{\"@type\":\"ListItem\",\"position\":2,\"name\":\"Qu\u00e9 es el Geo Bloqueador y C\u00f3mo usarlo\"}]},{\"@type\":\"WebSite\",\"@id\":\"https:\/\/54.146.219.34:443\/#website\",\"url\":\"https:\/\/54.146.219.34:443\/\",\"name\":\"Clixtell Support Academy\",\"description\":\"\",\"publisher\":{\"@id\":\"https:\/\/54.146.219.34:443\/#organization\"},\"potentialAction\":[{\"@type\":\"SearchAction\",\"target\":{\"@type\":\"EntryPoint\",\"urlTemplate\":\"https:\/\/54.146.219.34:443\/?s={search_term_string}\"},\"query-input\":\"required name=search_term_string\"}],\"inLanguage\":\"es\"},{\"@type\":\"Organization\",\"@id\":\"https:\/\/54.146.219.34:443\/#organization\",\"name\":\"Clixtell Support Academy\",\"url\":\"https:\/\/54.146.219.34:443\/\",\"logo\":{\"@type\":\"ImageObject\",\"inLanguage\":\"es\",\"@id\":\"https:\/\/54.146.219.34:443\/#\/schema\/logo\/image\/\",\"url\":\"https:\/\/support.clixtell.com\/wp-content\/uploads\/2020\/04\/logoc.png\",\"contentUrl\":\"https:\/\/support.clixtell.com\/wp-content\/uploads\/2020\/04\/logoc.png\",\"width\":168,\"height\":43,\"caption\":\"Clixtell Support Academy\"},\"image\":{\"@id\":\"https:\/\/54.146.219.34:443\/#\/schema\/logo\/image\/\"}}]}<\/script>\n<!-- \/ Yoast SEO plugin. -->","yoast_head_json":{"title":"Qu\u00e9 es el Geo Bloqueador y C\u00f3mo usarlo - Clixtell Support Academy","robots":{"index":"index","follow":"follow","max-snippet":"max-snippet:-1","max-image-preview":"max-image-preview:large","max-video-preview":"max-video-preview:-1"},"canonical":"https:\/\/support.clixtell.com\/es\/que-es-el-geo-bloqueador-y-como-usarlo\/","og_locale":"es_ES","og_type":"article","og_title":"Qu\u00e9 es el Geo Bloqueador y C\u00f3mo usarlo - Clixtell Support Academy","og_description":"El bloqueador geogr\u00e1fico le permite bloquear inmediatamente cualquier clic que se encuentra fuera de las \u00e1reas geogr\u00e1ficas espec\u00edficas de sus campa\u00f1as de Google Ads. Puede optar por utilizar este bloqueador a trav\u00e9s de 2 opciones: Excluir todo, excepto Excluir seleccionados Marque la opci\u00f3n que desea determinar como su opci\u00f3n de bloqueo adecuada y marque los [&hellip;]","og_url":"https:\/\/support.clixtell.com\/es\/que-es-el-geo-bloqueador-y-como-usarlo\/","og_site_name":"Clixtell Support Academy","twitter_card":"summary_large_image","schema":{"@context":"https:\/\/schema.org","@graph":[{"@type":"WebPage","@id":"https:\/\/support.clixtell.com\/es\/que-es-el-geo-bloqueador-y-como-usarlo\/","url":"https:\/\/support.clixtell.com\/es\/que-es-el-geo-bloqueador-y-como-usarlo\/","name":"Qu\u00e9 es el Geo Bloqueador y C\u00f3mo usarlo - Clixtell Support Academy","isPartOf":{"@id":"https:\/\/54.146.219.34:443\/#website"},"datePublished":"2020-09-30T11:11:24+00:00","dateModified":"2020-09-30T11:11:24+00:00","breadcrumb":{"@id":"https:\/\/support.clixtell.com\/es\/que-es-el-geo-bloqueador-y-como-usarlo\/#breadcrumb"},"inLanguage":"es","potentialAction":[{"@type":"ReadAction","target":["https:\/\/support.clixtell.com\/es\/que-es-el-geo-bloqueador-y-como-usarlo\/"]}]},{"@type":"BreadcrumbList","@id":"https:\/\/support.clixtell.com\/es\/que-es-el-geo-bloqueador-y-como-usarlo\/#breadcrumb","itemListElement":[{"@type":"ListItem","position":1,"name":"Home","item":"https:\/\/support.clixtell.com\/es\/"},{"@type":"ListItem","position":2,"name":"Qu\u00e9 es el Geo Bloqueador y C\u00f3mo usarlo"}]},{"@type":"WebSite","@id":"https:\/\/54.146.219.34:443\/#website","url":"https:\/\/54.146.219.34:443\/","name":"Clixtell Support Academy","description":"","publisher":{"@id":"https:\/\/54.146.219.34:443\/#organization"},"potentialAction":[{"@type":"SearchAction","target":{"@type":"EntryPoint","urlTemplate":"https:\/\/54.146.219.34:443\/?s={search_term_string}"},"query-input":"required name=search_term_string"}],"inLanguage":"es"},{"@type":"Organization","@id":"https:\/\/54.146.219.34:443\/#organization","name":"Clixtell Support Academy","url":"https:\/\/54.146.219.34:443\/","logo":{"@type":"ImageObject","inLanguage":"es","@id":"https:\/\/54.146.219.34:443\/#\/schema\/logo\/image\/","url":"https:\/\/support.clixtell.com\/wp-content\/uploads\/2020\/04\/logoc.png","contentUrl":"https:\/\/support.clixtell.com\/wp-content\/uploads\/2020\/04\/logoc.png","width":168,"height":43,"caption":"Clixtell Support Academy"},"image":{"@id":"https:\/\/54.146.219.34:443\/#\/schema\/logo\/image\/"}}]}},"_links":{"self":[{"href":"https:\/\/support.clixtell.com\/es\/wp-json\/wp\/v2\/pages\/641"}],"collection":[{"href":"https:\/\/support.clixtell.com\/es\/wp-json\/wp\/v2\/pages"}],"about":[{"href":"https:\/\/support.clixtell.com\/es\/wp-json\/wp\/v2\/types\/page"}],"author":[{"embeddable":true,"href":"https:\/\/support.clixtell.com\/es\/wp-json\/wp\/v2\/users\/1"}],"replies":[{"embeddable":true,"href":"https:\/\/support.clixtell.com\/es\/wp-json\/wp\/v2\/comments?post=641"}],"version-history":[{"count":0,"href":"https:\/\/support.clixtell.com\/es\/wp-json\/wp\/v2\/pages\/641\/revisions"}],"wp:attachment":[{"href":"https:\/\/support.clixtell.com\/es\/wp-json\/wp\/v2\/media?parent=641"}],"curies":[{"name":"wp","href":"https:\/\/api.w.org\/{rel}","templated":true}]}}