{"id":640,"date":"2020-09-30T11:11:23","date_gmt":"2020-09-30T11:11:23","guid":{"rendered":"https:\/\/support.clixtell.com\/que-es-la-proteccion-entre-dominios\/"},"modified":"2020-09-30T11:11:23","modified_gmt":"2020-09-30T11:11:23","slug":"que-es-la-proteccion-entre-dominios","status":"publish","type":"page","link":"https:\/\/support.clixtell.com\/es\/que-es-la-proteccion-entre-dominios\/","title":{"rendered":"Qu\u00e9 es la protecci\u00f3n entre dominios"},"content":{"rendered":"<p>La protecci\u00f3n entre Domain\u05bfs es una funci\u00f3n que permite a nuestros clientes con m\u00e1s de un dominio o cuenta de Google Ads realizar un bloqueo activo entre todas las cuentas y compartir bloques dentro de las cuentas.<br \/>\nCuando Clixtell identifica un intento de fraude de clics en una cuenta, el bloque se compartir\u00e1 inmediatamente entre todas sus otras cuentas.<\/p>\n","protected":false},"excerpt":{"rendered":"<p>La protecci\u00f3n entre Domain\u05bfs es una funci\u00f3n que permite a nuestros clientes con m\u00e1s de un dominio o cuenta de Google Ads realizar un bloqueo activo entre todas las cuentas y compartir bloques dentro de las cuentas. Cuando Clixtell identifica un intento de fraude de clics en una cuenta, el bloque se compartir\u00e1 inmediatamente entre [&hellip;]<\/p>\n","protected":false},"author":1,"featured_media":0,"parent":0,"menu_order":0,"comment_status":"closed","ping_status":"closed","template":"","meta":[],"yoast_head":"<!-- This site is optimized with the Yoast SEO plugin v19.9 - https:\/\/yoast.com\/wordpress\/plugins\/seo\/ -->\n<title>Qu\u00e9 es la protecci\u00f3n entre dominios - Clixtell Support Academy<\/title>\n<meta name=\"robots\" content=\"index, follow, max-snippet:-1, max-image-preview:large, max-video-preview:-1\" \/>\n<link rel=\"canonical\" href=\"https:\/\/54.146.219.34\/es\/que-es-la-proteccion-entre-dominios\/\" \/>\n<meta property=\"og:locale\" content=\"es_ES\" \/>\n<meta property=\"og:type\" content=\"article\" \/>\n<meta property=\"og:title\" content=\"Qu\u00e9 es la protecci\u00f3n entre dominios - Clixtell Support Academy\" \/>\n<meta property=\"og:description\" content=\"La protecci\u00f3n entre Domain\u05bfs es una funci\u00f3n que permite a nuestros clientes con m\u00e1s de un dominio o cuenta de Google Ads realizar un bloqueo activo entre todas las cuentas y compartir bloques dentro de las cuentas. Cuando Clixtell identifica un intento de fraude de clics en una cuenta, el bloque se compartir\u00e1 inmediatamente entre [&hellip;]\" \/>\n<meta property=\"og:url\" content=\"https:\/\/54.146.219.34\/es\/que-es-la-proteccion-entre-dominios\/\" \/>\n<meta property=\"og:site_name\" content=\"Clixtell Support Academy\" \/>\n<meta name=\"twitter:card\" content=\"summary_large_image\" \/>\n<script type=\"application\/ld+json\" class=\"yoast-schema-graph\">{\"@context\":\"https:\/\/schema.org\",\"@graph\":[{\"@type\":\"WebPage\",\"@id\":\"https:\/\/54.146.219.34\/es\/que-es-la-proteccion-entre-dominios\/\",\"url\":\"https:\/\/54.146.219.34\/es\/que-es-la-proteccion-entre-dominios\/\",\"name\":\"Qu\u00e9 es la protecci\u00f3n entre dominios - Clixtell Support Academy\",\"isPartOf\":{\"@id\":\"https:\/\/54.146.219.34\/es\/#website\"},\"datePublished\":\"2020-09-30T11:11:23+00:00\",\"dateModified\":\"2020-09-30T11:11:23+00:00\",\"breadcrumb\":{\"@id\":\"https:\/\/54.146.219.34\/es\/que-es-la-proteccion-entre-dominios\/#breadcrumb\"},\"inLanguage\":\"es\",\"potentialAction\":[{\"@type\":\"ReadAction\",\"target\":[\"https:\/\/54.146.219.34\/es\/que-es-la-proteccion-entre-dominios\/\"]}]},{\"@type\":\"BreadcrumbList\",\"@id\":\"https:\/\/54.146.219.34\/es\/que-es-la-proteccion-entre-dominios\/#breadcrumb\",\"itemListElement\":[{\"@type\":\"ListItem\",\"position\":1,\"name\":\"Home\",\"item\":\"https:\/\/54.146.219.34\/es\/\"},{\"@type\":\"ListItem\",\"position\":2,\"name\":\"Qu\u00e9 es la protecci\u00f3n entre dominios\"}]},{\"@type\":\"WebSite\",\"@id\":\"https:\/\/54.146.219.34\/es\/#website\",\"url\":\"https:\/\/54.146.219.34\/es\/\",\"name\":\"Clixtell Support Academy\",\"description\":\"\",\"publisher\":{\"@id\":\"https:\/\/54.146.219.34\/es\/#organization\"},\"potentialAction\":[{\"@type\":\"SearchAction\",\"target\":{\"@type\":\"EntryPoint\",\"urlTemplate\":\"https:\/\/54.146.219.34\/es\/?s={search_term_string}\"},\"query-input\":\"required name=search_term_string\"}],\"inLanguage\":\"es\"},{\"@type\":\"Organization\",\"@id\":\"https:\/\/54.146.219.34\/es\/#organization\",\"name\":\"Clixtell Support Academy\",\"url\":\"https:\/\/54.146.219.34\/es\/\",\"logo\":{\"@type\":\"ImageObject\",\"inLanguage\":\"es\",\"@id\":\"https:\/\/54.146.219.34\/es\/#\/schema\/logo\/image\/\",\"url\":\"https:\/\/support.clixtell.com\/wp-content\/uploads\/2020\/04\/logoc.png\",\"contentUrl\":\"https:\/\/support.clixtell.com\/wp-content\/uploads\/2020\/04\/logoc.png\",\"width\":168,\"height\":43,\"caption\":\"Clixtell Support Academy\"},\"image\":{\"@id\":\"https:\/\/54.146.219.34\/es\/#\/schema\/logo\/image\/\"}}]}<\/script>\n<!-- \/ Yoast SEO plugin. -->","yoast_head_json":{"title":"Qu\u00e9 es la protecci\u00f3n entre dominios - Clixtell Support Academy","robots":{"index":"index","follow":"follow","max-snippet":"max-snippet:-1","max-image-preview":"max-image-preview:large","max-video-preview":"max-video-preview:-1"},"canonical":"https:\/\/54.146.219.34\/es\/que-es-la-proteccion-entre-dominios\/","og_locale":"es_ES","og_type":"article","og_title":"Qu\u00e9 es la protecci\u00f3n entre dominios - Clixtell Support Academy","og_description":"La protecci\u00f3n entre Domain\u05bfs es una funci\u00f3n que permite a nuestros clientes con m\u00e1s de un dominio o cuenta de Google Ads realizar un bloqueo activo entre todas las cuentas y compartir bloques dentro de las cuentas. Cuando Clixtell identifica un intento de fraude de clics en una cuenta, el bloque se compartir\u00e1 inmediatamente entre [&hellip;]","og_url":"https:\/\/54.146.219.34\/es\/que-es-la-proteccion-entre-dominios\/","og_site_name":"Clixtell Support Academy","twitter_card":"summary_large_image","schema":{"@context":"https:\/\/schema.org","@graph":[{"@type":"WebPage","@id":"https:\/\/54.146.219.34\/es\/que-es-la-proteccion-entre-dominios\/","url":"https:\/\/54.146.219.34\/es\/que-es-la-proteccion-entre-dominios\/","name":"Qu\u00e9 es la protecci\u00f3n entre dominios - Clixtell Support Academy","isPartOf":{"@id":"https:\/\/54.146.219.34\/es\/#website"},"datePublished":"2020-09-30T11:11:23+00:00","dateModified":"2020-09-30T11:11:23+00:00","breadcrumb":{"@id":"https:\/\/54.146.219.34\/es\/que-es-la-proteccion-entre-dominios\/#breadcrumb"},"inLanguage":"es","potentialAction":[{"@type":"ReadAction","target":["https:\/\/54.146.219.34\/es\/que-es-la-proteccion-entre-dominios\/"]}]},{"@type":"BreadcrumbList","@id":"https:\/\/54.146.219.34\/es\/que-es-la-proteccion-entre-dominios\/#breadcrumb","itemListElement":[{"@type":"ListItem","position":1,"name":"Home","item":"https:\/\/54.146.219.34\/es\/"},{"@type":"ListItem","position":2,"name":"Qu\u00e9 es la protecci\u00f3n entre dominios"}]},{"@type":"WebSite","@id":"https:\/\/54.146.219.34\/es\/#website","url":"https:\/\/54.146.219.34\/es\/","name":"Clixtell Support Academy","description":"","publisher":{"@id":"https:\/\/54.146.219.34\/es\/#organization"},"potentialAction":[{"@type":"SearchAction","target":{"@type":"EntryPoint","urlTemplate":"https:\/\/54.146.219.34\/es\/?s={search_term_string}"},"query-input":"required name=search_term_string"}],"inLanguage":"es"},{"@type":"Organization","@id":"https:\/\/54.146.219.34\/es\/#organization","name":"Clixtell Support Academy","url":"https:\/\/54.146.219.34\/es\/","logo":{"@type":"ImageObject","inLanguage":"es","@id":"https:\/\/54.146.219.34\/es\/#\/schema\/logo\/image\/","url":"https:\/\/support.clixtell.com\/wp-content\/uploads\/2020\/04\/logoc.png","contentUrl":"https:\/\/support.clixtell.com\/wp-content\/uploads\/2020\/04\/logoc.png","width":168,"height":43,"caption":"Clixtell Support Academy"},"image":{"@id":"https:\/\/54.146.219.34\/es\/#\/schema\/logo\/image\/"}}]}},"_links":{"self":[{"href":"https:\/\/support.clixtell.com\/es\/wp-json\/wp\/v2\/pages\/640"}],"collection":[{"href":"https:\/\/support.clixtell.com\/es\/wp-json\/wp\/v2\/pages"}],"about":[{"href":"https:\/\/support.clixtell.com\/es\/wp-json\/wp\/v2\/types\/page"}],"author":[{"embeddable":true,"href":"https:\/\/support.clixtell.com\/es\/wp-json\/wp\/v2\/users\/1"}],"replies":[{"embeddable":true,"href":"https:\/\/support.clixtell.com\/es\/wp-json\/wp\/v2\/comments?post=640"}],"version-history":[{"count":0,"href":"https:\/\/support.clixtell.com\/es\/wp-json\/wp\/v2\/pages\/640\/revisions"}],"wp:attachment":[{"href":"https:\/\/support.clixtell.com\/es\/wp-json\/wp\/v2\/media?parent=640"}],"curies":[{"name":"wp","href":"https:\/\/api.w.org\/{rel}","templated":true}]}}