{"id":638,"date":"2020-09-30T11:11:21","date_gmt":"2020-09-30T11:11:21","guid":{"rendered":"https:\/\/support.clixtell.com\/que-es-el-bloqueador-de-rango-ip\/"},"modified":"2020-09-30T11:11:21","modified_gmt":"2020-09-30T11:11:21","slug":"que-es-el-bloqueador-de-rango-ip","status":"publish","type":"page","link":"https:\/\/support.clixtell.com\/es\/que-es-el-bloqueador-de-rango-ip\/","title":{"rendered":"\u00bfQu\u00e9 es el bloqueador de rango IP"},"content":{"rendered":"<p>Un rango IP es un grupo de n\u00fameros IP asignados a un proveedor de servicios subsidiarios. Se definen por el n\u00famero de bits y se pueden dividir en grupos.<br \/>\nUna sola IP (32 bits) se marca como 255.255.65.2<br \/>\nUn rango medio de IP, 24 bits, incluye 256 direcciones IP del mismo rango de proveedor de servicios y se puede marcar por ejemplo 255.255.65.0\/24 o 255.255.65.*.<br \/>\nUna amplia gama de IP, de 16 bits, incluye 65.536 IP dirigida desde el mismo rango de proveedores de servicios y se puede marcar. Por ejemplo, 255.255.0\/16 o 255.255.*.*.<\/p>\n<p>Los algoritmos de Clixtell aprovechan el hecho de que muchas veces Click Fraud se realiza desde los mismos rangos y redes IP. Por lo tanto, el bloqueo de un rango o una red que se ha demostrado como malintencionada evitar\u00e1 futuros intentos de fraude de clics. Adem\u00e1s, esta t\u00e1ctica ahorrar\u00e1 espacio valioso en la lista de exclusi\u00f3n de IP de Google, que est\u00e1 limitada a 500.<\/p>\n","protected":false},"excerpt":{"rendered":"<p>Un rango IP es un grupo de n\u00fameros IP asignados a un proveedor de servicios subsidiarios. Se definen por el n\u00famero de bits y se pueden dividir en grupos. Una sola IP (32 bits) se marca como 255.255.65.2 Un rango medio de IP, 24 bits, incluye 256 direcciones IP del mismo rango de proveedor de [&hellip;]<\/p>\n","protected":false},"author":1,"featured_media":0,"parent":0,"menu_order":0,"comment_status":"closed","ping_status":"closed","template":"","meta":[],"yoast_head":"<!-- This site is optimized with the Yoast SEO plugin v19.9 - https:\/\/yoast.com\/wordpress\/plugins\/seo\/ -->\n<title>\u00bfQu\u00e9 es el bloqueador de rango IP - Clixtell Support Academy<\/title>\n<meta name=\"robots\" content=\"index, follow, max-snippet:-1, max-image-preview:large, max-video-preview:-1\" \/>\n<link rel=\"canonical\" href=\"https:\/\/support.clixtell.com\/es\/que-es-el-bloqueador-de-rango-ip\/\" \/>\n<meta property=\"og:locale\" content=\"es_ES\" \/>\n<meta property=\"og:type\" content=\"article\" \/>\n<meta property=\"og:title\" content=\"\u00bfQu\u00e9 es el bloqueador de rango IP - Clixtell Support Academy\" \/>\n<meta property=\"og:description\" content=\"Un rango IP es un grupo de n\u00fameros IP asignados a un proveedor de servicios subsidiarios. Se definen por el n\u00famero de bits y se pueden dividir en grupos. Una sola IP (32 bits) se marca como 255.255.65.2 Un rango medio de IP, 24 bits, incluye 256 direcciones IP del mismo rango de proveedor de [&hellip;]\" \/>\n<meta property=\"og:url\" content=\"https:\/\/support.clixtell.com\/es\/que-es-el-bloqueador-de-rango-ip\/\" \/>\n<meta property=\"og:site_name\" content=\"Clixtell Support Academy\" \/>\n<meta name=\"twitter:card\" content=\"summary_large_image\" \/>\n<meta name=\"twitter:label1\" content=\"Tiempo de lectura\" \/>\n\t<meta name=\"twitter:data1\" content=\"1 minuto\" \/>\n<script type=\"application\/ld+json\" class=\"yoast-schema-graph\">{\"@context\":\"https:\/\/schema.org\",\"@graph\":[{\"@type\":\"WebPage\",\"@id\":\"https:\/\/support.clixtell.com\/es\/que-es-el-bloqueador-de-rango-ip\/\",\"url\":\"https:\/\/support.clixtell.com\/es\/que-es-el-bloqueador-de-rango-ip\/\",\"name\":\"\u00bfQu\u00e9 es el bloqueador de rango IP - Clixtell Support Academy\",\"isPartOf\":{\"@id\":\"https:\/\/54.146.219.34:443\/#website\"},\"datePublished\":\"2020-09-30T11:11:21+00:00\",\"dateModified\":\"2020-09-30T11:11:21+00:00\",\"breadcrumb\":{\"@id\":\"https:\/\/support.clixtell.com\/es\/que-es-el-bloqueador-de-rango-ip\/#breadcrumb\"},\"inLanguage\":\"es\",\"potentialAction\":[{\"@type\":\"ReadAction\",\"target\":[\"https:\/\/support.clixtell.com\/es\/que-es-el-bloqueador-de-rango-ip\/\"]}]},{\"@type\":\"BreadcrumbList\",\"@id\":\"https:\/\/support.clixtell.com\/es\/que-es-el-bloqueador-de-rango-ip\/#breadcrumb\",\"itemListElement\":[{\"@type\":\"ListItem\",\"position\":1,\"name\":\"Home\",\"item\":\"https:\/\/support.clixtell.com\/es\/\"},{\"@type\":\"ListItem\",\"position\":2,\"name\":\"\u00bfQu\u00e9 es el bloqueador de rango IP\"}]},{\"@type\":\"WebSite\",\"@id\":\"https:\/\/54.146.219.34:443\/#website\",\"url\":\"https:\/\/54.146.219.34:443\/\",\"name\":\"Clixtell Support Academy\",\"description\":\"\",\"publisher\":{\"@id\":\"https:\/\/54.146.219.34:443\/#organization\"},\"potentialAction\":[{\"@type\":\"SearchAction\",\"target\":{\"@type\":\"EntryPoint\",\"urlTemplate\":\"https:\/\/54.146.219.34:443\/?s={search_term_string}\"},\"query-input\":\"required name=search_term_string\"}],\"inLanguage\":\"es\"},{\"@type\":\"Organization\",\"@id\":\"https:\/\/54.146.219.34:443\/#organization\",\"name\":\"Clixtell Support Academy\",\"url\":\"https:\/\/54.146.219.34:443\/\",\"logo\":{\"@type\":\"ImageObject\",\"inLanguage\":\"es\",\"@id\":\"https:\/\/54.146.219.34:443\/#\/schema\/logo\/image\/\",\"url\":\"https:\/\/support.clixtell.com\/wp-content\/uploads\/2020\/04\/logoc.png\",\"contentUrl\":\"https:\/\/support.clixtell.com\/wp-content\/uploads\/2020\/04\/logoc.png\",\"width\":168,\"height\":43,\"caption\":\"Clixtell Support Academy\"},\"image\":{\"@id\":\"https:\/\/54.146.219.34:443\/#\/schema\/logo\/image\/\"}}]}<\/script>\n<!-- \/ Yoast SEO plugin. -->","yoast_head_json":{"title":"\u00bfQu\u00e9 es el bloqueador de rango IP - Clixtell Support Academy","robots":{"index":"index","follow":"follow","max-snippet":"max-snippet:-1","max-image-preview":"max-image-preview:large","max-video-preview":"max-video-preview:-1"},"canonical":"https:\/\/support.clixtell.com\/es\/que-es-el-bloqueador-de-rango-ip\/","og_locale":"es_ES","og_type":"article","og_title":"\u00bfQu\u00e9 es el bloqueador de rango IP - Clixtell Support Academy","og_description":"Un rango IP es un grupo de n\u00fameros IP asignados a un proveedor de servicios subsidiarios. Se definen por el n\u00famero de bits y se pueden dividir en grupos. Una sola IP (32 bits) se marca como 255.255.65.2 Un rango medio de IP, 24 bits, incluye 256 direcciones IP del mismo rango de proveedor de [&hellip;]","og_url":"https:\/\/support.clixtell.com\/es\/que-es-el-bloqueador-de-rango-ip\/","og_site_name":"Clixtell Support Academy","twitter_card":"summary_large_image","twitter_misc":{"Tiempo de lectura":"1 minuto"},"schema":{"@context":"https:\/\/schema.org","@graph":[{"@type":"WebPage","@id":"https:\/\/support.clixtell.com\/es\/que-es-el-bloqueador-de-rango-ip\/","url":"https:\/\/support.clixtell.com\/es\/que-es-el-bloqueador-de-rango-ip\/","name":"\u00bfQu\u00e9 es el bloqueador de rango IP - Clixtell Support Academy","isPartOf":{"@id":"https:\/\/54.146.219.34:443\/#website"},"datePublished":"2020-09-30T11:11:21+00:00","dateModified":"2020-09-30T11:11:21+00:00","breadcrumb":{"@id":"https:\/\/support.clixtell.com\/es\/que-es-el-bloqueador-de-rango-ip\/#breadcrumb"},"inLanguage":"es","potentialAction":[{"@type":"ReadAction","target":["https:\/\/support.clixtell.com\/es\/que-es-el-bloqueador-de-rango-ip\/"]}]},{"@type":"BreadcrumbList","@id":"https:\/\/support.clixtell.com\/es\/que-es-el-bloqueador-de-rango-ip\/#breadcrumb","itemListElement":[{"@type":"ListItem","position":1,"name":"Home","item":"https:\/\/support.clixtell.com\/es\/"},{"@type":"ListItem","position":2,"name":"\u00bfQu\u00e9 es el bloqueador de rango IP"}]},{"@type":"WebSite","@id":"https:\/\/54.146.219.34:443\/#website","url":"https:\/\/54.146.219.34:443\/","name":"Clixtell Support Academy","description":"","publisher":{"@id":"https:\/\/54.146.219.34:443\/#organization"},"potentialAction":[{"@type":"SearchAction","target":{"@type":"EntryPoint","urlTemplate":"https:\/\/54.146.219.34:443\/?s={search_term_string}"},"query-input":"required name=search_term_string"}],"inLanguage":"es"},{"@type":"Organization","@id":"https:\/\/54.146.219.34:443\/#organization","name":"Clixtell Support Academy","url":"https:\/\/54.146.219.34:443\/","logo":{"@type":"ImageObject","inLanguage":"es","@id":"https:\/\/54.146.219.34:443\/#\/schema\/logo\/image\/","url":"https:\/\/support.clixtell.com\/wp-content\/uploads\/2020\/04\/logoc.png","contentUrl":"https:\/\/support.clixtell.com\/wp-content\/uploads\/2020\/04\/logoc.png","width":168,"height":43,"caption":"Clixtell Support Academy"},"image":{"@id":"https:\/\/54.146.219.34:443\/#\/schema\/logo\/image\/"}}]}},"_links":{"self":[{"href":"https:\/\/support.clixtell.com\/es\/wp-json\/wp\/v2\/pages\/638"}],"collection":[{"href":"https:\/\/support.clixtell.com\/es\/wp-json\/wp\/v2\/pages"}],"about":[{"href":"https:\/\/support.clixtell.com\/es\/wp-json\/wp\/v2\/types\/page"}],"author":[{"embeddable":true,"href":"https:\/\/support.clixtell.com\/es\/wp-json\/wp\/v2\/users\/1"}],"replies":[{"embeddable":true,"href":"https:\/\/support.clixtell.com\/es\/wp-json\/wp\/v2\/comments?post=638"}],"version-history":[{"count":0,"href":"https:\/\/support.clixtell.com\/es\/wp-json\/wp\/v2\/pages\/638\/revisions"}],"wp:attachment":[{"href":"https:\/\/support.clixtell.com\/es\/wp-json\/wp\/v2\/media?parent=638"}],"curies":[{"name":"wp","href":"https:\/\/api.w.org\/{rel}","templated":true}]}}