{"id":636,"date":"2020-09-30T11:11:20","date_gmt":"2020-09-30T11:11:20","guid":{"rendered":"https:\/\/support.clixtell.com\/que-es-la-sensibilidad-del-bloqueador-de-rango\/"},"modified":"2020-09-30T11:11:20","modified_gmt":"2020-09-30T11:11:20","slug":"que-es-la-sensibilidad-del-bloqueador-de-rango","status":"publish","type":"page","link":"https:\/\/support.clixtell.com\/es\/que-es-la-sensibilidad-del-bloqueador-de-rango\/","title":{"rendered":"Qu\u00e9 es la sensibilidad del bloqueador de rango"},"content":{"rendered":"<p>La definici\u00f3n de la sensibilidad de un bloqueador de rango IP incluye 5 niveles diferentes.<br \/>\nLos diferentes niveles ayudan a ajustar el nivel de fuerza de acci\u00f3n de bloque del algoritmo de Clixtell para bloquear rangos IP en un lapso de tiempo de una hora.<br \/>\nEn una sensibilidad de nivel 6 &#8211; el nivel m\u00e1s agresivo, Clixtell bloquear\u00e1 todo el rango IP inmediatamente para cada violaci\u00f3n. Se producir\u00e1 un bloque tanto para la \u00abIP \u00fanica\u00bb como para todo el rango IP.<br \/>\nEn la sensibilidad de nivel 1 &#8211; el nivel m\u00e1s bajo &#8211; Clixtell bloquear\u00e1 el rango IP en caso de que este rango realice fraude de clics de 6 o m\u00e1s IP que pertenezcan al mismo rango.<br \/>\nEl estado predeterminado del sistema es el nivel 4 y se puede ajustar seg\u00fan lo desee y necesite.<\/p>\n","protected":false},"excerpt":{"rendered":"<p>La definici\u00f3n de la sensibilidad de un bloqueador de rango IP incluye 5 niveles diferentes. Los diferentes niveles ayudan a ajustar el nivel de fuerza de acci\u00f3n de bloque del algoritmo de Clixtell para bloquear rangos IP en un lapso de tiempo de una hora. En una sensibilidad de nivel 6 &#8211; el nivel m\u00e1s [&hellip;]<\/p>\n","protected":false},"author":1,"featured_media":0,"parent":0,"menu_order":0,"comment_status":"closed","ping_status":"closed","template":"","meta":[],"yoast_head":"<!-- This site is optimized with the Yoast SEO plugin v19.9 - https:\/\/yoast.com\/wordpress\/plugins\/seo\/ -->\n<title>Qu\u00e9 es la sensibilidad del bloqueador de rango - Clixtell Support Academy<\/title>\n<meta name=\"robots\" content=\"index, follow, max-snippet:-1, max-image-preview:large, max-video-preview:-1\" \/>\n<link rel=\"canonical\" href=\"https:\/\/support.clixtell.com\/es\/que-es-la-sensibilidad-del-bloqueador-de-rango\/\" \/>\n<meta property=\"og:locale\" content=\"es_ES\" \/>\n<meta property=\"og:type\" content=\"article\" \/>\n<meta property=\"og:title\" content=\"Qu\u00e9 es la sensibilidad del bloqueador de rango - Clixtell Support Academy\" \/>\n<meta property=\"og:description\" content=\"La definici\u00f3n de la sensibilidad de un bloqueador de rango IP incluye 5 niveles diferentes. Los diferentes niveles ayudan a ajustar el nivel de fuerza de acci\u00f3n de bloque del algoritmo de Clixtell para bloquear rangos IP en un lapso de tiempo de una hora. En una sensibilidad de nivel 6 &#8211; el nivel m\u00e1s [&hellip;]\" \/>\n<meta property=\"og:url\" content=\"https:\/\/support.clixtell.com\/es\/que-es-la-sensibilidad-del-bloqueador-de-rango\/\" \/>\n<meta property=\"og:site_name\" content=\"Clixtell Support Academy\" \/>\n<meta name=\"twitter:card\" content=\"summary_large_image\" \/>\n<meta name=\"twitter:label1\" content=\"Tiempo de lectura\" \/>\n\t<meta name=\"twitter:data1\" content=\"1 minuto\" \/>\n<script type=\"application\/ld+json\" class=\"yoast-schema-graph\">{\"@context\":\"https:\/\/schema.org\",\"@graph\":[{\"@type\":\"WebPage\",\"@id\":\"https:\/\/support.clixtell.com\/es\/que-es-la-sensibilidad-del-bloqueador-de-rango\/\",\"url\":\"https:\/\/support.clixtell.com\/es\/que-es-la-sensibilidad-del-bloqueador-de-rango\/\",\"name\":\"Qu\u00e9 es la sensibilidad del bloqueador de rango - Clixtell Support Academy\",\"isPartOf\":{\"@id\":\"https:\/\/54.146.219.34:443\/#website\"},\"datePublished\":\"2020-09-30T11:11:20+00:00\",\"dateModified\":\"2020-09-30T11:11:20+00:00\",\"breadcrumb\":{\"@id\":\"https:\/\/support.clixtell.com\/es\/que-es-la-sensibilidad-del-bloqueador-de-rango\/#breadcrumb\"},\"inLanguage\":\"es\",\"potentialAction\":[{\"@type\":\"ReadAction\",\"target\":[\"https:\/\/support.clixtell.com\/es\/que-es-la-sensibilidad-del-bloqueador-de-rango\/\"]}]},{\"@type\":\"BreadcrumbList\",\"@id\":\"https:\/\/support.clixtell.com\/es\/que-es-la-sensibilidad-del-bloqueador-de-rango\/#breadcrumb\",\"itemListElement\":[{\"@type\":\"ListItem\",\"position\":1,\"name\":\"Home\",\"item\":\"https:\/\/support.clixtell.com\/es\/\"},{\"@type\":\"ListItem\",\"position\":2,\"name\":\"Qu\u00e9 es la sensibilidad del bloqueador de rango\"}]},{\"@type\":\"WebSite\",\"@id\":\"https:\/\/54.146.219.34:443\/#website\",\"url\":\"https:\/\/54.146.219.34:443\/\",\"name\":\"Clixtell Support Academy\",\"description\":\"\",\"publisher\":{\"@id\":\"https:\/\/54.146.219.34:443\/#organization\"},\"potentialAction\":[{\"@type\":\"SearchAction\",\"target\":{\"@type\":\"EntryPoint\",\"urlTemplate\":\"https:\/\/54.146.219.34:443\/?s={search_term_string}\"},\"query-input\":\"required name=search_term_string\"}],\"inLanguage\":\"es\"},{\"@type\":\"Organization\",\"@id\":\"https:\/\/54.146.219.34:443\/#organization\",\"name\":\"Clixtell Support Academy\",\"url\":\"https:\/\/54.146.219.34:443\/\",\"logo\":{\"@type\":\"ImageObject\",\"inLanguage\":\"es\",\"@id\":\"https:\/\/54.146.219.34:443\/#\/schema\/logo\/image\/\",\"url\":\"https:\/\/support.clixtell.com\/wp-content\/uploads\/2020\/04\/logoc.png\",\"contentUrl\":\"https:\/\/support.clixtell.com\/wp-content\/uploads\/2020\/04\/logoc.png\",\"width\":168,\"height\":43,\"caption\":\"Clixtell Support Academy\"},\"image\":{\"@id\":\"https:\/\/54.146.219.34:443\/#\/schema\/logo\/image\/\"}}]}<\/script>\n<!-- \/ Yoast SEO plugin. -->","yoast_head_json":{"title":"Qu\u00e9 es la sensibilidad del bloqueador de rango - Clixtell Support Academy","robots":{"index":"index","follow":"follow","max-snippet":"max-snippet:-1","max-image-preview":"max-image-preview:large","max-video-preview":"max-video-preview:-1"},"canonical":"https:\/\/support.clixtell.com\/es\/que-es-la-sensibilidad-del-bloqueador-de-rango\/","og_locale":"es_ES","og_type":"article","og_title":"Qu\u00e9 es la sensibilidad del bloqueador de rango - Clixtell Support Academy","og_description":"La definici\u00f3n de la sensibilidad de un bloqueador de rango IP incluye 5 niveles diferentes. Los diferentes niveles ayudan a ajustar el nivel de fuerza de acci\u00f3n de bloque del algoritmo de Clixtell para bloquear rangos IP en un lapso de tiempo de una hora. En una sensibilidad de nivel 6 &#8211; el nivel m\u00e1s [&hellip;]","og_url":"https:\/\/support.clixtell.com\/es\/que-es-la-sensibilidad-del-bloqueador-de-rango\/","og_site_name":"Clixtell Support Academy","twitter_card":"summary_large_image","twitter_misc":{"Tiempo de lectura":"1 minuto"},"schema":{"@context":"https:\/\/schema.org","@graph":[{"@type":"WebPage","@id":"https:\/\/support.clixtell.com\/es\/que-es-la-sensibilidad-del-bloqueador-de-rango\/","url":"https:\/\/support.clixtell.com\/es\/que-es-la-sensibilidad-del-bloqueador-de-rango\/","name":"Qu\u00e9 es la sensibilidad del bloqueador de rango - Clixtell Support Academy","isPartOf":{"@id":"https:\/\/54.146.219.34:443\/#website"},"datePublished":"2020-09-30T11:11:20+00:00","dateModified":"2020-09-30T11:11:20+00:00","breadcrumb":{"@id":"https:\/\/support.clixtell.com\/es\/que-es-la-sensibilidad-del-bloqueador-de-rango\/#breadcrumb"},"inLanguage":"es","potentialAction":[{"@type":"ReadAction","target":["https:\/\/support.clixtell.com\/es\/que-es-la-sensibilidad-del-bloqueador-de-rango\/"]}]},{"@type":"BreadcrumbList","@id":"https:\/\/support.clixtell.com\/es\/que-es-la-sensibilidad-del-bloqueador-de-rango\/#breadcrumb","itemListElement":[{"@type":"ListItem","position":1,"name":"Home","item":"https:\/\/support.clixtell.com\/es\/"},{"@type":"ListItem","position":2,"name":"Qu\u00e9 es la sensibilidad del bloqueador de rango"}]},{"@type":"WebSite","@id":"https:\/\/54.146.219.34:443\/#website","url":"https:\/\/54.146.219.34:443\/","name":"Clixtell Support Academy","description":"","publisher":{"@id":"https:\/\/54.146.219.34:443\/#organization"},"potentialAction":[{"@type":"SearchAction","target":{"@type":"EntryPoint","urlTemplate":"https:\/\/54.146.219.34:443\/?s={search_term_string}"},"query-input":"required name=search_term_string"}],"inLanguage":"es"},{"@type":"Organization","@id":"https:\/\/54.146.219.34:443\/#organization","name":"Clixtell Support Academy","url":"https:\/\/54.146.219.34:443\/","logo":{"@type":"ImageObject","inLanguage":"es","@id":"https:\/\/54.146.219.34:443\/#\/schema\/logo\/image\/","url":"https:\/\/support.clixtell.com\/wp-content\/uploads\/2020\/04\/logoc.png","contentUrl":"https:\/\/support.clixtell.com\/wp-content\/uploads\/2020\/04\/logoc.png","width":168,"height":43,"caption":"Clixtell Support Academy"},"image":{"@id":"https:\/\/54.146.219.34:443\/#\/schema\/logo\/image\/"}}]}},"_links":{"self":[{"href":"https:\/\/support.clixtell.com\/es\/wp-json\/wp\/v2\/pages\/636"}],"collection":[{"href":"https:\/\/support.clixtell.com\/es\/wp-json\/wp\/v2\/pages"}],"about":[{"href":"https:\/\/support.clixtell.com\/es\/wp-json\/wp\/v2\/types\/page"}],"author":[{"embeddable":true,"href":"https:\/\/support.clixtell.com\/es\/wp-json\/wp\/v2\/users\/1"}],"replies":[{"embeddable":true,"href":"https:\/\/support.clixtell.com\/es\/wp-json\/wp\/v2\/comments?post=636"}],"version-history":[{"count":0,"href":"https:\/\/support.clixtell.com\/es\/wp-json\/wp\/v2\/pages\/636\/revisions"}],"wp:attachment":[{"href":"https:\/\/support.clixtell.com\/es\/wp-json\/wp\/v2\/media?parent=636"}],"curies":[{"name":"wp","href":"https:\/\/api.w.org\/{rel}","templated":true}]}}