{"id":634,"date":"2020-09-30T11:11:19","date_gmt":"2020-09-30T11:11:19","guid":{"rendered":"https:\/\/support.clixtell.com\/que-es-el-bloqueador-de-id-de-dispositivo\/"},"modified":"2020-09-30T11:11:19","modified_gmt":"2020-09-30T11:11:19","slug":"que-es-el-bloqueador-de-id-de-dispositivo","status":"publish","type":"page","link":"https:\/\/support.clixtell.com\/es\/que-es-el-bloqueador-de-id-de-dispositivo\/","title":{"rendered":"\u00bfQu\u00e9 es el bloqueador de ID de dispositivo"},"content":{"rendered":"<p>Clixtell analiza grandes cantidades de datos en tiempo real: la fuente del clic, la identidad y el comportamiento del visitante en l\u00ednea, y el tipo de dispositivo del que provienen los clics. A continuaci\u00f3n, Clixtell genera una \u00abHuella digital del dispositivo\u00bb: un n\u00famero de identificaci\u00f3n \u00fanico de 26 caracteres para cada dispositivo de cada clic proven\u00eda. Es decir, que incluso si el proveedor de servicios o la direcci\u00f3n IP iba a ser reemplazado, Clixtell siempre puede identificar el dispositivo del que los clics provienen por su ID \u00fanico y conectar todos los clics fraudulentos realizados por \u00e9l.<br \/>\nEl bloqueador de ID de dispositivo le permite una ventaja competitiva: le permite bloquear a los competidores y hacer clic en intentos de fraude incluso despu\u00e9s de que las direcciones IP y los proveedores de servicios se cambien y reemplacen.<br \/>\nProteger las campa\u00f1as a fondo no puede ocurrir solo mediante la identificaci\u00f3n de direcciones IP, es crucial identificar el dispositivo y basar los niveles de seguridad de su campa\u00f1a en todos esos factores combinados.<br \/>\nPara conceder el permiso de Clixtell para realizar los bloques usando el device ID Blocker, vaya al men\u00fa a la izquierda en la p\u00e1gina del tablero,<br \/>\nHaga clic en Centro de seguridad &#8211; &gt; Configuraci\u00f3n,<br \/>\nHaga clic en Bloquear dispositivos y defina la longitud del bloque que prefiera para este tipo de infracci\u00f3n.<br \/>\nImportante: El bloqueador de ID de dispositivo solo funcionar\u00e1 si el script de Clixtell se implementa en todas las p\u00e1ginas de destino del sitio web o si se activa un complemento de WordPress.<\/p>\n<p>Para acceder al Bloqueador de ID de dispositivo, vaya a la p\u00e1gina Tr\u00e1fico.<br \/>\nAl pulsar la IP de cada clic se abrir\u00e1 una ventana que le permite pasar el rat\u00f3n sobre el identificador de dispositivo para ver el n\u00famero de ID completo de cada dispositivo.<\/p>\n","protected":false},"excerpt":{"rendered":"<p>Clixtell analiza grandes cantidades de datos en tiempo real: la fuente del clic, la identidad y el comportamiento del visitante en l\u00ednea, y el tipo de dispositivo del que provienen los clics. A continuaci\u00f3n, Clixtell genera una \u00abHuella digital del dispositivo\u00bb: un n\u00famero de identificaci\u00f3n \u00fanico de 26 caracteres para cada dispositivo de cada clic [&hellip;]<\/p>\n","protected":false},"author":1,"featured_media":0,"parent":0,"menu_order":0,"comment_status":"closed","ping_status":"closed","template":"","meta":[],"yoast_head":"<!-- This site is optimized with the Yoast SEO plugin v19.9 - https:\/\/yoast.com\/wordpress\/plugins\/seo\/ -->\n<title>\u00bfQu\u00e9 es el bloqueador de ID de dispositivo - Clixtell Support Academy<\/title>\n<meta name=\"robots\" content=\"index, follow, max-snippet:-1, max-image-preview:large, max-video-preview:-1\" \/>\n<link rel=\"canonical\" href=\"https:\/\/54.146.219.34\/es\/que-es-el-bloqueador-de-id-de-dispositivo\/\" \/>\n<meta property=\"og:locale\" content=\"es_ES\" \/>\n<meta property=\"og:type\" content=\"article\" \/>\n<meta property=\"og:title\" content=\"\u00bfQu\u00e9 es el bloqueador de ID de dispositivo - Clixtell Support Academy\" \/>\n<meta property=\"og:description\" content=\"Clixtell analiza grandes cantidades de datos en tiempo real: la fuente del clic, la identidad y el comportamiento del visitante en l\u00ednea, y el tipo de dispositivo del que provienen los clics. A continuaci\u00f3n, Clixtell genera una \u00abHuella digital del dispositivo\u00bb: un n\u00famero de identificaci\u00f3n \u00fanico de 26 caracteres para cada dispositivo de cada clic [&hellip;]\" \/>\n<meta property=\"og:url\" content=\"https:\/\/54.146.219.34\/es\/que-es-el-bloqueador-de-id-de-dispositivo\/\" \/>\n<meta property=\"og:site_name\" content=\"Clixtell Support Academy\" \/>\n<meta name=\"twitter:card\" content=\"summary_large_image\" \/>\n<meta name=\"twitter:label1\" content=\"Tiempo de lectura\" \/>\n\t<meta name=\"twitter:data1\" content=\"2 minutos\" \/>\n<script type=\"application\/ld+json\" class=\"yoast-schema-graph\">{\"@context\":\"https:\/\/schema.org\",\"@graph\":[{\"@type\":\"WebPage\",\"@id\":\"https:\/\/54.146.219.34\/es\/que-es-el-bloqueador-de-id-de-dispositivo\/\",\"url\":\"https:\/\/54.146.219.34\/es\/que-es-el-bloqueador-de-id-de-dispositivo\/\",\"name\":\"\u00bfQu\u00e9 es el bloqueador de ID de dispositivo - Clixtell Support Academy\",\"isPartOf\":{\"@id\":\"https:\/\/54.146.219.34\/es\/#website\"},\"datePublished\":\"2020-09-30T11:11:19+00:00\",\"dateModified\":\"2020-09-30T11:11:19+00:00\",\"breadcrumb\":{\"@id\":\"https:\/\/54.146.219.34\/es\/que-es-el-bloqueador-de-id-de-dispositivo\/#breadcrumb\"},\"inLanguage\":\"es\",\"potentialAction\":[{\"@type\":\"ReadAction\",\"target\":[\"https:\/\/54.146.219.34\/es\/que-es-el-bloqueador-de-id-de-dispositivo\/\"]}]},{\"@type\":\"BreadcrumbList\",\"@id\":\"https:\/\/54.146.219.34\/es\/que-es-el-bloqueador-de-id-de-dispositivo\/#breadcrumb\",\"itemListElement\":[{\"@type\":\"ListItem\",\"position\":1,\"name\":\"Home\",\"item\":\"https:\/\/54.146.219.34\/es\/\"},{\"@type\":\"ListItem\",\"position\":2,\"name\":\"\u00bfQu\u00e9 es el bloqueador de ID de dispositivo\"}]},{\"@type\":\"WebSite\",\"@id\":\"https:\/\/54.146.219.34\/es\/#website\",\"url\":\"https:\/\/54.146.219.34\/es\/\",\"name\":\"Clixtell Support Academy\",\"description\":\"\",\"publisher\":{\"@id\":\"https:\/\/54.146.219.34\/es\/#organization\"},\"potentialAction\":[{\"@type\":\"SearchAction\",\"target\":{\"@type\":\"EntryPoint\",\"urlTemplate\":\"https:\/\/54.146.219.34\/es\/?s={search_term_string}\"},\"query-input\":\"required name=search_term_string\"}],\"inLanguage\":\"es\"},{\"@type\":\"Organization\",\"@id\":\"https:\/\/54.146.219.34\/es\/#organization\",\"name\":\"Clixtell Support Academy\",\"url\":\"https:\/\/54.146.219.34\/es\/\",\"logo\":{\"@type\":\"ImageObject\",\"inLanguage\":\"es\",\"@id\":\"https:\/\/54.146.219.34\/es\/#\/schema\/logo\/image\/\",\"url\":\"https:\/\/support.clixtell.com\/wp-content\/uploads\/2020\/04\/logoc.png\",\"contentUrl\":\"https:\/\/support.clixtell.com\/wp-content\/uploads\/2020\/04\/logoc.png\",\"width\":168,\"height\":43,\"caption\":\"Clixtell Support Academy\"},\"image\":{\"@id\":\"https:\/\/54.146.219.34\/es\/#\/schema\/logo\/image\/\"}}]}<\/script>\n<!-- \/ Yoast SEO plugin. -->","yoast_head_json":{"title":"\u00bfQu\u00e9 es el bloqueador de ID de dispositivo - Clixtell Support Academy","robots":{"index":"index","follow":"follow","max-snippet":"max-snippet:-1","max-image-preview":"max-image-preview:large","max-video-preview":"max-video-preview:-1"},"canonical":"https:\/\/54.146.219.34\/es\/que-es-el-bloqueador-de-id-de-dispositivo\/","og_locale":"es_ES","og_type":"article","og_title":"\u00bfQu\u00e9 es el bloqueador de ID de dispositivo - Clixtell Support Academy","og_description":"Clixtell analiza grandes cantidades de datos en tiempo real: la fuente del clic, la identidad y el comportamiento del visitante en l\u00ednea, y el tipo de dispositivo del que provienen los clics. A continuaci\u00f3n, Clixtell genera una \u00abHuella digital del dispositivo\u00bb: un n\u00famero de identificaci\u00f3n \u00fanico de 26 caracteres para cada dispositivo de cada clic [&hellip;]","og_url":"https:\/\/54.146.219.34\/es\/que-es-el-bloqueador-de-id-de-dispositivo\/","og_site_name":"Clixtell Support Academy","twitter_card":"summary_large_image","twitter_misc":{"Tiempo de lectura":"2 minutos"},"schema":{"@context":"https:\/\/schema.org","@graph":[{"@type":"WebPage","@id":"https:\/\/54.146.219.34\/es\/que-es-el-bloqueador-de-id-de-dispositivo\/","url":"https:\/\/54.146.219.34\/es\/que-es-el-bloqueador-de-id-de-dispositivo\/","name":"\u00bfQu\u00e9 es el bloqueador de ID de dispositivo - Clixtell Support Academy","isPartOf":{"@id":"https:\/\/54.146.219.34\/es\/#website"},"datePublished":"2020-09-30T11:11:19+00:00","dateModified":"2020-09-30T11:11:19+00:00","breadcrumb":{"@id":"https:\/\/54.146.219.34\/es\/que-es-el-bloqueador-de-id-de-dispositivo\/#breadcrumb"},"inLanguage":"es","potentialAction":[{"@type":"ReadAction","target":["https:\/\/54.146.219.34\/es\/que-es-el-bloqueador-de-id-de-dispositivo\/"]}]},{"@type":"BreadcrumbList","@id":"https:\/\/54.146.219.34\/es\/que-es-el-bloqueador-de-id-de-dispositivo\/#breadcrumb","itemListElement":[{"@type":"ListItem","position":1,"name":"Home","item":"https:\/\/54.146.219.34\/es\/"},{"@type":"ListItem","position":2,"name":"\u00bfQu\u00e9 es el bloqueador de ID de dispositivo"}]},{"@type":"WebSite","@id":"https:\/\/54.146.219.34\/es\/#website","url":"https:\/\/54.146.219.34\/es\/","name":"Clixtell Support Academy","description":"","publisher":{"@id":"https:\/\/54.146.219.34\/es\/#organization"},"potentialAction":[{"@type":"SearchAction","target":{"@type":"EntryPoint","urlTemplate":"https:\/\/54.146.219.34\/es\/?s={search_term_string}"},"query-input":"required name=search_term_string"}],"inLanguage":"es"},{"@type":"Organization","@id":"https:\/\/54.146.219.34\/es\/#organization","name":"Clixtell Support Academy","url":"https:\/\/54.146.219.34\/es\/","logo":{"@type":"ImageObject","inLanguage":"es","@id":"https:\/\/54.146.219.34\/es\/#\/schema\/logo\/image\/","url":"https:\/\/support.clixtell.com\/wp-content\/uploads\/2020\/04\/logoc.png","contentUrl":"https:\/\/support.clixtell.com\/wp-content\/uploads\/2020\/04\/logoc.png","width":168,"height":43,"caption":"Clixtell Support Academy"},"image":{"@id":"https:\/\/54.146.219.34\/es\/#\/schema\/logo\/image\/"}}]}},"_links":{"self":[{"href":"https:\/\/support.clixtell.com\/es\/wp-json\/wp\/v2\/pages\/634"}],"collection":[{"href":"https:\/\/support.clixtell.com\/es\/wp-json\/wp\/v2\/pages"}],"about":[{"href":"https:\/\/support.clixtell.com\/es\/wp-json\/wp\/v2\/types\/page"}],"author":[{"embeddable":true,"href":"https:\/\/support.clixtell.com\/es\/wp-json\/wp\/v2\/users\/1"}],"replies":[{"embeddable":true,"href":"https:\/\/support.clixtell.com\/es\/wp-json\/wp\/v2\/comments?post=634"}],"version-history":[{"count":0,"href":"https:\/\/support.clixtell.com\/es\/wp-json\/wp\/v2\/pages\/634\/revisions"}],"wp:attachment":[{"href":"https:\/\/support.clixtell.com\/es\/wp-json\/wp\/v2\/media?parent=634"}],"curies":[{"name":"wp","href":"https:\/\/api.w.org\/{rel}","templated":true}]}}