{"id":598,"date":"2020-09-21T07:09:56","date_gmt":"2020-09-21T07:09:56","guid":{"rendered":"https:\/\/support.clixtell.com\/como-configurar-un-numero-de-seguimiento-de-llamadas\/"},"modified":"2020-09-21T07:10:07","modified_gmt":"2020-09-21T07:10:07","slug":"como-configurar-un-numero-de-seguimiento-de-llamadas","status":"publish","type":"page","link":"https:\/\/support.clixtell.com\/es\/como-configurar-un-numero-de-seguimiento-de-llamadas\/","title":{"rendered":"C\u00f3mo configurar un n\u00famero de seguimiento de llamadas"},"content":{"rendered":"<p>Configurar un nuevo n\u00famero de tel\u00e9fono es f\u00e1cil con Clixtell. Los n\u00fameros de tel\u00e9fono se organizan en su cuenta de Clixtell dentro de \u00abGrupos\u00bb. Un grupo es un grupo de n\u00fameros de tel\u00e9fono a los que puede asignar un nombre. La configuraci\u00f3n de seguimiento de llamadas es siempre la misma para los n\u00fameros de tel\u00e9fono del mismo grupo.<\/p>\n<h4>Piscina nueva<\/h4>\n<p>Para configurar un nuevo \u00abGrupo\u00bb, haga clic en el enlace \u00ab+ Agregar n\u00famero\u00bb en la parte superior derecha del tablero y siga las instrucciones en pantalla:<\/p>\n<ol>\n<li>Seleccione el tipo de grupo: est\u00e1tico, de anuncios o seguimiento din\u00e1mico.<\/li>\n<li>Seleccione el pa\u00eds y el c\u00f3digo<\/li>\n<li>Seleccione los n\u00fameros de tel\u00e9fono deseados<\/li>\n<li>Ponle un nombre a tu piscina y establece un destino de llamada<\/li>\n<li>Haga clic en \u00abFinalizar\u00bb<\/li>\n<\/ol>\n<p>Los n\u00fameros de tel\u00e9fono de los pa\u00edses admitidos est\u00e1n disponibles en el panel para su activaci\u00f3n inmediata. Los n\u00fameros de tel\u00e9fono de todo el mundo est\u00e1n disponibles a trav\u00e9s de nuestro equipo de soporte. Debido a las reglas y regulaciones locales de cada pa\u00eds, comun\u00edquese con nosotros en cualquier momento para obtener ayuda.<\/p>\n<h4>Piscina existente<\/h4>\n<p>Si tiene un grupo de seguimiento de llamadas existente, puede agregar un n\u00famero al<\/p>\n<ol>\n<li>Vaya a Configuraci\u00f3n de seguimiento de llamadas en el men\u00fa de configuraci\u00f3n (icono de engranaje superior derecho).<\/li>\n<li>Haga clic en \u00abAdministrar\u00bb junto al grupo al que desea agregar el n\u00famero.<\/li>\n<li>Haga clic en \u00abAgregar n\u00fameros de seguimiento\u00bb y seleccione su c\u00f3digo de pa\u00eds y \u00e1rea<\/li>\n<\/ol>\n<p>Puede agregar tantos n\u00fameros que est\u00e9n incluidos en su suscripci\u00f3n sin costo adicional. Si excede la cantidad de n\u00fameros de tel\u00e9fono en su suscripci\u00f3n, puede actualizar en cualquier momento, o simplemente confirmar el cargo adicional por n\u00famero.<\/p>\n<p>&nbsp;<\/p>\n<p>&nbsp;<\/p>\n<p>&nbsp;<\/p>\n","protected":false},"excerpt":{"rendered":"<p>Configurar un nuevo n\u00famero de tel\u00e9fono es f\u00e1cil con Clixtell. Los n\u00fameros de tel\u00e9fono se organizan en su cuenta de Clixtell dentro de \u00abGrupos\u00bb. Un grupo es un grupo de n\u00fameros de tel\u00e9fono a los que puede asignar un nombre. La configuraci\u00f3n de seguimiento de llamadas es siempre la misma para los n\u00fameros de tel\u00e9fono [&hellip;]<\/p>\n","protected":false},"author":1,"featured_media":0,"parent":0,"menu_order":0,"comment_status":"closed","ping_status":"closed","template":"","meta":[],"yoast_head":"<!-- This site is optimized with the Yoast SEO plugin v19.9 - https:\/\/yoast.com\/wordpress\/plugins\/seo\/ -->\n<title>C\u00f3mo configurar un n\u00famero de seguimiento de llamadas - Clixtell Support Academy<\/title>\n<meta name=\"robots\" content=\"index, follow, max-snippet:-1, max-image-preview:large, max-video-preview:-1\" \/>\n<link rel=\"canonical\" href=\"https:\/\/support.clixtell.com\/es\/como-configurar-un-numero-de-seguimiento-de-llamadas\/\" \/>\n<meta property=\"og:locale\" content=\"es_ES\" \/>\n<meta property=\"og:type\" content=\"article\" \/>\n<meta property=\"og:title\" content=\"C\u00f3mo configurar un n\u00famero de seguimiento de llamadas - Clixtell Support Academy\" \/>\n<meta property=\"og:description\" content=\"Configurar un nuevo n\u00famero de tel\u00e9fono es f\u00e1cil con Clixtell. Los n\u00fameros de tel\u00e9fono se organizan en su cuenta de Clixtell dentro de \u00abGrupos\u00bb. Un grupo es un grupo de n\u00fameros de tel\u00e9fono a los que puede asignar un nombre. La configuraci\u00f3n de seguimiento de llamadas es siempre la misma para los n\u00fameros de tel\u00e9fono [&hellip;]\" \/>\n<meta property=\"og:url\" content=\"https:\/\/support.clixtell.com\/es\/como-configurar-un-numero-de-seguimiento-de-llamadas\/\" \/>\n<meta property=\"og:site_name\" content=\"Clixtell Support Academy\" \/>\n<meta property=\"article:modified_time\" content=\"2020-09-21T07:10:07+00:00\" \/>\n<meta name=\"twitter:card\" content=\"summary_large_image\" \/>\n<meta name=\"twitter:label1\" content=\"Tiempo de lectura\" \/>\n\t<meta name=\"twitter:data1\" content=\"2 minutos\" \/>\n<script type=\"application\/ld+json\" class=\"yoast-schema-graph\">{\"@context\":\"https:\/\/schema.org\",\"@graph\":[{\"@type\":\"WebPage\",\"@id\":\"https:\/\/support.clixtell.com\/es\/como-configurar-un-numero-de-seguimiento-de-llamadas\/\",\"url\":\"https:\/\/support.clixtell.com\/es\/como-configurar-un-numero-de-seguimiento-de-llamadas\/\",\"name\":\"C\u00f3mo configurar un n\u00famero de seguimiento de llamadas - Clixtell Support Academy\",\"isPartOf\":{\"@id\":\"https:\/\/54.146.219.34:443\/#website\"},\"datePublished\":\"2020-09-21T07:09:56+00:00\",\"dateModified\":\"2020-09-21T07:10:07+00:00\",\"breadcrumb\":{\"@id\":\"https:\/\/support.clixtell.com\/es\/como-configurar-un-numero-de-seguimiento-de-llamadas\/#breadcrumb\"},\"inLanguage\":\"es\",\"potentialAction\":[{\"@type\":\"ReadAction\",\"target\":[\"https:\/\/support.clixtell.com\/es\/como-configurar-un-numero-de-seguimiento-de-llamadas\/\"]}]},{\"@type\":\"BreadcrumbList\",\"@id\":\"https:\/\/support.clixtell.com\/es\/como-configurar-un-numero-de-seguimiento-de-llamadas\/#breadcrumb\",\"itemListElement\":[{\"@type\":\"ListItem\",\"position\":1,\"name\":\"Home\",\"item\":\"https:\/\/support.clixtell.com\/es\/\"},{\"@type\":\"ListItem\",\"position\":2,\"name\":\"C\u00f3mo configurar un n\u00famero de seguimiento de llamadas\"}]},{\"@type\":\"WebSite\",\"@id\":\"https:\/\/54.146.219.34:443\/#website\",\"url\":\"https:\/\/54.146.219.34:443\/\",\"name\":\"Clixtell Support Academy\",\"description\":\"\",\"publisher\":{\"@id\":\"https:\/\/54.146.219.34:443\/#organization\"},\"potentialAction\":[{\"@type\":\"SearchAction\",\"target\":{\"@type\":\"EntryPoint\",\"urlTemplate\":\"https:\/\/54.146.219.34:443\/?s={search_term_string}\"},\"query-input\":\"required name=search_term_string\"}],\"inLanguage\":\"es\"},{\"@type\":\"Organization\",\"@id\":\"https:\/\/54.146.219.34:443\/#organization\",\"name\":\"Clixtell Support Academy\",\"url\":\"https:\/\/54.146.219.34:443\/\",\"logo\":{\"@type\":\"ImageObject\",\"inLanguage\":\"es\",\"@id\":\"https:\/\/54.146.219.34:443\/#\/schema\/logo\/image\/\",\"url\":\"https:\/\/support.clixtell.com\/wp-content\/uploads\/2020\/04\/logoc.png\",\"contentUrl\":\"https:\/\/support.clixtell.com\/wp-content\/uploads\/2020\/04\/logoc.png\",\"width\":168,\"height\":43,\"caption\":\"Clixtell Support Academy\"},\"image\":{\"@id\":\"https:\/\/54.146.219.34:443\/#\/schema\/logo\/image\/\"}}]}<\/script>\n<!-- \/ Yoast SEO plugin. -->","yoast_head_json":{"title":"C\u00f3mo configurar un n\u00famero de seguimiento de llamadas - Clixtell Support Academy","robots":{"index":"index","follow":"follow","max-snippet":"max-snippet:-1","max-image-preview":"max-image-preview:large","max-video-preview":"max-video-preview:-1"},"canonical":"https:\/\/support.clixtell.com\/es\/como-configurar-un-numero-de-seguimiento-de-llamadas\/","og_locale":"es_ES","og_type":"article","og_title":"C\u00f3mo configurar un n\u00famero de seguimiento de llamadas - Clixtell Support Academy","og_description":"Configurar un nuevo n\u00famero de tel\u00e9fono es f\u00e1cil con Clixtell. Los n\u00fameros de tel\u00e9fono se organizan en su cuenta de Clixtell dentro de \u00abGrupos\u00bb. Un grupo es un grupo de n\u00fameros de tel\u00e9fono a los que puede asignar un nombre. La configuraci\u00f3n de seguimiento de llamadas es siempre la misma para los n\u00fameros de tel\u00e9fono [&hellip;]","og_url":"https:\/\/support.clixtell.com\/es\/como-configurar-un-numero-de-seguimiento-de-llamadas\/","og_site_name":"Clixtell Support Academy","article_modified_time":"2020-09-21T07:10:07+00:00","twitter_card":"summary_large_image","twitter_misc":{"Tiempo de lectura":"2 minutos"},"schema":{"@context":"https:\/\/schema.org","@graph":[{"@type":"WebPage","@id":"https:\/\/support.clixtell.com\/es\/como-configurar-un-numero-de-seguimiento-de-llamadas\/","url":"https:\/\/support.clixtell.com\/es\/como-configurar-un-numero-de-seguimiento-de-llamadas\/","name":"C\u00f3mo configurar un n\u00famero de seguimiento de llamadas - Clixtell Support Academy","isPartOf":{"@id":"https:\/\/54.146.219.34:443\/#website"},"datePublished":"2020-09-21T07:09:56+00:00","dateModified":"2020-09-21T07:10:07+00:00","breadcrumb":{"@id":"https:\/\/support.clixtell.com\/es\/como-configurar-un-numero-de-seguimiento-de-llamadas\/#breadcrumb"},"inLanguage":"es","potentialAction":[{"@type":"ReadAction","target":["https:\/\/support.clixtell.com\/es\/como-configurar-un-numero-de-seguimiento-de-llamadas\/"]}]},{"@type":"BreadcrumbList","@id":"https:\/\/support.clixtell.com\/es\/como-configurar-un-numero-de-seguimiento-de-llamadas\/#breadcrumb","itemListElement":[{"@type":"ListItem","position":1,"name":"Home","item":"https:\/\/support.clixtell.com\/es\/"},{"@type":"ListItem","position":2,"name":"C\u00f3mo configurar un n\u00famero de seguimiento de llamadas"}]},{"@type":"WebSite","@id":"https:\/\/54.146.219.34:443\/#website","url":"https:\/\/54.146.219.34:443\/","name":"Clixtell Support Academy","description":"","publisher":{"@id":"https:\/\/54.146.219.34:443\/#organization"},"potentialAction":[{"@type":"SearchAction","target":{"@type":"EntryPoint","urlTemplate":"https:\/\/54.146.219.34:443\/?s={search_term_string}"},"query-input":"required name=search_term_string"}],"inLanguage":"es"},{"@type":"Organization","@id":"https:\/\/54.146.219.34:443\/#organization","name":"Clixtell Support Academy","url":"https:\/\/54.146.219.34:443\/","logo":{"@type":"ImageObject","inLanguage":"es","@id":"https:\/\/54.146.219.34:443\/#\/schema\/logo\/image\/","url":"https:\/\/support.clixtell.com\/wp-content\/uploads\/2020\/04\/logoc.png","contentUrl":"https:\/\/support.clixtell.com\/wp-content\/uploads\/2020\/04\/logoc.png","width":168,"height":43,"caption":"Clixtell Support Academy"},"image":{"@id":"https:\/\/54.146.219.34:443\/#\/schema\/logo\/image\/"}}]}},"_links":{"self":[{"href":"https:\/\/support.clixtell.com\/es\/wp-json\/wp\/v2\/pages\/598"}],"collection":[{"href":"https:\/\/support.clixtell.com\/es\/wp-json\/wp\/v2\/pages"}],"about":[{"href":"https:\/\/support.clixtell.com\/es\/wp-json\/wp\/v2\/types\/page"}],"author":[{"embeddable":true,"href":"https:\/\/support.clixtell.com\/es\/wp-json\/wp\/v2\/users\/1"}],"replies":[{"embeddable":true,"href":"https:\/\/support.clixtell.com\/es\/wp-json\/wp\/v2\/comments?post=598"}],"version-history":[{"count":1,"href":"https:\/\/support.clixtell.com\/es\/wp-json\/wp\/v2\/pages\/598\/revisions"}],"predecessor-version":[{"id":607,"href":"https:\/\/support.clixtell.com\/es\/wp-json\/wp\/v2\/pages\/598\/revisions\/607"}],"wp:attachment":[{"href":"https:\/\/support.clixtell.com\/es\/wp-json\/wp\/v2\/media?parent=598"}],"curies":[{"name":"wp","href":"https:\/\/api.w.org\/{rel}","templated":true}]}}