{"id":595,"date":"2020-09-21T07:09:55","date_gmt":"2020-09-21T07:09:55","guid":{"rendered":"https:\/\/support.clixtell.com\/como-utilizar-el-seguimiento-de-clic-para-llamar\/"},"modified":"2020-09-21T07:10:03","modified_gmt":"2020-09-21T07:10:03","slug":"como-utilizar-el-seguimiento-de-clic-para-llamar","status":"publish","type":"page","link":"https:\/\/support.clixtell.com\/es\/como-utilizar-el-seguimiento-de-clic-para-llamar\/","title":{"rendered":"C\u00f3mo utilizar el seguimiento de clic para llamar"},"content":{"rendered":"<p>Al usar un n\u00famero de tel\u00e9fono de Clixtell en sus extensiones de llamada de Google Ads o anuncios de solo llamada, podr\u00e1 monitorear el total de clics que est\u00e1 pagando en comparaci\u00f3n con la cantidad real de llamadas que ha recibido el n\u00famero de tel\u00e9fono.<\/p>\n<p>Esto le permitir\u00e1 una total transparencia y control sobre sus extensiones de llamada y su inversi\u00f3n en anuncios de solo llamada, expondr\u00e1 cualquier intento de fraude por clic y registrar\u00e1 todos los datos para una investigaci\u00f3n futura.<\/p>\n<h3>Configurar un n\u00famero de tel\u00e9fono de seguimiento de Clixtell<\/h3>\n<ol>\n<li>Haga clic en el enlace \u00ab+ Agregar n\u00famero\u00bb en la parte superior derecha del panel.<\/li>\n<li>Seleccione \u00abLlamadas desde anuncios\u00bb<\/li>\n<li>Seleccione el pa\u00eds deseado y el c\u00f3digo de \u00e1rea (si su pa\u00eds no est\u00e1 en la lista, cont\u00e1ctenos).<\/li>\n<li>Establezca la configuraci\u00f3n de su nuevo n\u00famero de tel\u00e9fono y complete el asistente.<\/li>\n<\/ol>\n<p>* Alternativamente, puede editar un tipo de grupo de Clixtell existente a \u00abLlamadas desde anuncios\u00bb y usar los n\u00fameros para completar los pasos a continuaci\u00f3n.<\/p>\n<h3>Seguimiento de extensiones de llamada<\/h3>\n<ol>\n<li>En su (s) campa\u00f1a (s) de Google Ads, vaya a \u00abAnuncios y extensiones\u00bb.<\/li>\n<li>Haga clic en \u00abExtensiones\u00bb<\/li>\n<li>Haga clic en el icono azul \u00ab+\u00bb y seleccione \u00abExtensi\u00f3n de llamada\u00bb.<\/li>\n<li>Seleccione el nivel de la extensi\u00f3n (Cuenta \/ Campa\u00f1a \/ Grupo de anuncios).<\/li>\n<li>Ingrese el n\u00famero de tel\u00e9fono de Clixtell del paso anterior.<\/li>\n<li>Ponga \u00abInforme de llamadas\u00bb en \u00abOFF\u00bb.<\/li>\n<li>Todos los clics y llamadas comenzar\u00e1n a mostrarse en la p\u00e1gina \u00abHacer clic para llamar\u00bb en el men\u00fa de la izquierda del tablero.<\/li>\n<\/ol>\n<p>* Alternativamente, puede editar una extensi\u00f3n de llamada existente para incluir un n\u00famero de seguimiento de Clixtell. El seguimiento comenzar\u00e1 a funcionar de inmediato.<\/p>\n<h3>Seguimiento de anuncios de solo llamada<\/h3>\n<ol>\n<li>En su (s) campa\u00f1a (s) de Google Ads, vaya a \u00abAnuncios y extensiones\u00bb.<\/li>\n<li>Haga clic en \u00abAnuncios\u00bb<\/li>\n<li>Haga clic en el icono azul \u00ab+\u00bb y seleccione \u00abAnuncio de llamada\u00bb.<\/li>\n<li>Seleccione las campa\u00f1as y los grupos de anuncios para el nuevo anuncio.<\/li>\n<li>Ingrese el n\u00famero de tel\u00e9fono de Clixtell del paso anterior.<\/li>\n<li>Desactiva \u00abInformes de llamadas\u00bb<\/li>\n<li>Complete la creatividad del anuncio y la URL y haga clic en \u00abGuardar\u00bb.<\/li>\n<\/ol>\n<p>* Alternativamente, puede editar un anuncio existente para incluir un n\u00famero de seguimiento de Clixtell. El seguimiento comenzar\u00e1 a funcionar de inmediato.<\/p>\n<p>&nbsp;<\/p>\n<p>&nbsp;<\/p>\n","protected":false},"excerpt":{"rendered":"<p>Al usar un n\u00famero de tel\u00e9fono de Clixtell en sus extensiones de llamada de Google Ads o anuncios de solo llamada, podr\u00e1 monitorear el total de clics que est\u00e1 pagando en comparaci\u00f3n con la cantidad real de llamadas que ha recibido el n\u00famero de tel\u00e9fono. Esto le permitir\u00e1 una total transparencia y control sobre sus [&hellip;]<\/p>\n","protected":false},"author":1,"featured_media":0,"parent":0,"menu_order":0,"comment_status":"closed","ping_status":"closed","template":"","meta":[],"yoast_head":"<!-- This site is optimized with the Yoast SEO plugin v19.9 - https:\/\/yoast.com\/wordpress\/plugins\/seo\/ -->\n<title>C\u00f3mo utilizar el seguimiento de clic para llamar - Clixtell Support Academy<\/title>\n<meta name=\"robots\" content=\"index, follow, max-snippet:-1, max-image-preview:large, max-video-preview:-1\" \/>\n<link rel=\"canonical\" href=\"https:\/\/support.clixtell.com\/es\/como-utilizar-el-seguimiento-de-clic-para-llamar\/\" \/>\n<meta property=\"og:locale\" content=\"es_ES\" \/>\n<meta property=\"og:type\" content=\"article\" \/>\n<meta property=\"og:title\" content=\"C\u00f3mo utilizar el seguimiento de clic para llamar - Clixtell Support Academy\" \/>\n<meta property=\"og:description\" content=\"Al usar un n\u00famero de tel\u00e9fono de Clixtell en sus extensiones de llamada de Google Ads o anuncios de solo llamada, podr\u00e1 monitorear el total de clics que est\u00e1 pagando en comparaci\u00f3n con la cantidad real de llamadas que ha recibido el n\u00famero de tel\u00e9fono. Esto le permitir\u00e1 una total transparencia y control sobre sus [&hellip;]\" \/>\n<meta property=\"og:url\" content=\"https:\/\/support.clixtell.com\/es\/como-utilizar-el-seguimiento-de-clic-para-llamar\/\" \/>\n<meta property=\"og:site_name\" content=\"Clixtell Support Academy\" \/>\n<meta property=\"article:modified_time\" content=\"2020-09-21T07:10:03+00:00\" \/>\n<meta name=\"twitter:card\" content=\"summary_large_image\" \/>\n<meta name=\"twitter:label1\" content=\"Tiempo de lectura\" \/>\n\t<meta name=\"twitter:data1\" content=\"2 minutos\" \/>\n<script type=\"application\/ld+json\" class=\"yoast-schema-graph\">{\"@context\":\"https:\/\/schema.org\",\"@graph\":[{\"@type\":\"WebPage\",\"@id\":\"https:\/\/support.clixtell.com\/es\/como-utilizar-el-seguimiento-de-clic-para-llamar\/\",\"url\":\"https:\/\/support.clixtell.com\/es\/como-utilizar-el-seguimiento-de-clic-para-llamar\/\",\"name\":\"C\u00f3mo utilizar el seguimiento de clic para llamar - Clixtell Support Academy\",\"isPartOf\":{\"@id\":\"https:\/\/support.clixtell.com\/he\/#website\"},\"datePublished\":\"2020-09-21T07:09:55+00:00\",\"dateModified\":\"2020-09-21T07:10:03+00:00\",\"breadcrumb\":{\"@id\":\"https:\/\/support.clixtell.com\/es\/como-utilizar-el-seguimiento-de-clic-para-llamar\/#breadcrumb\"},\"inLanguage\":\"es\",\"potentialAction\":[{\"@type\":\"ReadAction\",\"target\":[\"https:\/\/support.clixtell.com\/es\/como-utilizar-el-seguimiento-de-clic-para-llamar\/\"]}]},{\"@type\":\"BreadcrumbList\",\"@id\":\"https:\/\/support.clixtell.com\/es\/como-utilizar-el-seguimiento-de-clic-para-llamar\/#breadcrumb\",\"itemListElement\":[{\"@type\":\"ListItem\",\"position\":1,\"name\":\"Home\",\"item\":\"https:\/\/support.clixtell.com\/es\/\"},{\"@type\":\"ListItem\",\"position\":2,\"name\":\"C\u00f3mo utilizar el seguimiento de clic para llamar\"}]},{\"@type\":\"WebSite\",\"@id\":\"https:\/\/support.clixtell.com\/he\/#website\",\"url\":\"https:\/\/support.clixtell.com\/he\/\",\"name\":\"Clixtell Support Academy\",\"description\":\"\",\"publisher\":{\"@id\":\"https:\/\/support.clixtell.com\/he\/#organization\"},\"potentialAction\":[{\"@type\":\"SearchAction\",\"target\":{\"@type\":\"EntryPoint\",\"urlTemplate\":\"https:\/\/support.clixtell.com\/he\/?s={search_term_string}\"},\"query-input\":\"required name=search_term_string\"}],\"inLanguage\":\"es\"},{\"@type\":\"Organization\",\"@id\":\"https:\/\/support.clixtell.com\/he\/#organization\",\"name\":\"Clixtell Support Academy\",\"url\":\"https:\/\/support.clixtell.com\/he\/\",\"logo\":{\"@type\":\"ImageObject\",\"inLanguage\":\"es\",\"@id\":\"https:\/\/support.clixtell.com\/he\/#\/schema\/logo\/image\/\",\"url\":\"https:\/\/support.clixtell.com\/wp-content\/uploads\/2020\/04\/logoc.png\",\"contentUrl\":\"https:\/\/support.clixtell.com\/wp-content\/uploads\/2020\/04\/logoc.png\",\"width\":168,\"height\":43,\"caption\":\"Clixtell Support Academy\"},\"image\":{\"@id\":\"https:\/\/support.clixtell.com\/he\/#\/schema\/logo\/image\/\"}}]}<\/script>\n<!-- \/ Yoast SEO plugin. -->","yoast_head_json":{"title":"C\u00f3mo utilizar el seguimiento de clic para llamar - Clixtell Support Academy","robots":{"index":"index","follow":"follow","max-snippet":"max-snippet:-1","max-image-preview":"max-image-preview:large","max-video-preview":"max-video-preview:-1"},"canonical":"https:\/\/support.clixtell.com\/es\/como-utilizar-el-seguimiento-de-clic-para-llamar\/","og_locale":"es_ES","og_type":"article","og_title":"C\u00f3mo utilizar el seguimiento de clic para llamar - Clixtell Support Academy","og_description":"Al usar un n\u00famero de tel\u00e9fono de Clixtell en sus extensiones de llamada de Google Ads o anuncios de solo llamada, podr\u00e1 monitorear el total de clics que est\u00e1 pagando en comparaci\u00f3n con la cantidad real de llamadas que ha recibido el n\u00famero de tel\u00e9fono. Esto le permitir\u00e1 una total transparencia y control sobre sus [&hellip;]","og_url":"https:\/\/support.clixtell.com\/es\/como-utilizar-el-seguimiento-de-clic-para-llamar\/","og_site_name":"Clixtell Support Academy","article_modified_time":"2020-09-21T07:10:03+00:00","twitter_card":"summary_large_image","twitter_misc":{"Tiempo de lectura":"2 minutos"},"schema":{"@context":"https:\/\/schema.org","@graph":[{"@type":"WebPage","@id":"https:\/\/support.clixtell.com\/es\/como-utilizar-el-seguimiento-de-clic-para-llamar\/","url":"https:\/\/support.clixtell.com\/es\/como-utilizar-el-seguimiento-de-clic-para-llamar\/","name":"C\u00f3mo utilizar el seguimiento de clic para llamar - Clixtell Support Academy","isPartOf":{"@id":"https:\/\/support.clixtell.com\/he\/#website"},"datePublished":"2020-09-21T07:09:55+00:00","dateModified":"2020-09-21T07:10:03+00:00","breadcrumb":{"@id":"https:\/\/support.clixtell.com\/es\/como-utilizar-el-seguimiento-de-clic-para-llamar\/#breadcrumb"},"inLanguage":"es","potentialAction":[{"@type":"ReadAction","target":["https:\/\/support.clixtell.com\/es\/como-utilizar-el-seguimiento-de-clic-para-llamar\/"]}]},{"@type":"BreadcrumbList","@id":"https:\/\/support.clixtell.com\/es\/como-utilizar-el-seguimiento-de-clic-para-llamar\/#breadcrumb","itemListElement":[{"@type":"ListItem","position":1,"name":"Home","item":"https:\/\/support.clixtell.com\/es\/"},{"@type":"ListItem","position":2,"name":"C\u00f3mo utilizar el seguimiento de clic para llamar"}]},{"@type":"WebSite","@id":"https:\/\/support.clixtell.com\/he\/#website","url":"https:\/\/support.clixtell.com\/he\/","name":"Clixtell Support Academy","description":"","publisher":{"@id":"https:\/\/support.clixtell.com\/he\/#organization"},"potentialAction":[{"@type":"SearchAction","target":{"@type":"EntryPoint","urlTemplate":"https:\/\/support.clixtell.com\/he\/?s={search_term_string}"},"query-input":"required name=search_term_string"}],"inLanguage":"es"},{"@type":"Organization","@id":"https:\/\/support.clixtell.com\/he\/#organization","name":"Clixtell Support Academy","url":"https:\/\/support.clixtell.com\/he\/","logo":{"@type":"ImageObject","inLanguage":"es","@id":"https:\/\/support.clixtell.com\/he\/#\/schema\/logo\/image\/","url":"https:\/\/support.clixtell.com\/wp-content\/uploads\/2020\/04\/logoc.png","contentUrl":"https:\/\/support.clixtell.com\/wp-content\/uploads\/2020\/04\/logoc.png","width":168,"height":43,"caption":"Clixtell Support Academy"},"image":{"@id":"https:\/\/support.clixtell.com\/he\/#\/schema\/logo\/image\/"}}]}},"_links":{"self":[{"href":"https:\/\/support.clixtell.com\/es\/wp-json\/wp\/v2\/pages\/595"}],"collection":[{"href":"https:\/\/support.clixtell.com\/es\/wp-json\/wp\/v2\/pages"}],"about":[{"href":"https:\/\/support.clixtell.com\/es\/wp-json\/wp\/v2\/types\/page"}],"author":[{"embeddable":true,"href":"https:\/\/support.clixtell.com\/es\/wp-json\/wp\/v2\/users\/1"}],"replies":[{"embeddable":true,"href":"https:\/\/support.clixtell.com\/es\/wp-json\/wp\/v2\/comments?post=595"}],"version-history":[{"count":1,"href":"https:\/\/support.clixtell.com\/es\/wp-json\/wp\/v2\/pages\/595\/revisions"}],"predecessor-version":[{"id":604,"href":"https:\/\/support.clixtell.com\/es\/wp-json\/wp\/v2\/pages\/595\/revisions\/604"}],"wp:attachment":[{"href":"https:\/\/support.clixtell.com\/es\/wp-json\/wp\/v2\/media?parent=595"}],"curies":[{"name":"wp","href":"https:\/\/api.w.org\/{rel}","templated":true}]}}