{"id":594,"date":"2020-09-21T07:09:55","date_gmt":"2020-09-21T07:09:55","guid":{"rendered":"https:\/\/support.clixtell.com\/tiene-una-aplicacion-movil\/"},"modified":"2020-09-21T07:10:09","modified_gmt":"2020-09-21T07:10:09","slug":"tiene-una-aplicacion-movil","status":"publish","type":"page","link":"https:\/\/support.clixtell.com\/es\/tiene-una-aplicacion-movil\/","title":{"rendered":"\u00bfTiene una aplicaci\u00f3n m\u00f3vil?"},"content":{"rendered":"<p>S\u00ed, puede descargar nuestra propia aplicaci\u00f3n m\u00f3vil Clixtell que tambi\u00e9n le permite rastrear el tr\u00e1fico en tiempo real, rastrear las fuentes de publicidad y hacer clic en la actividad de bloqueo de fraude. Tambi\u00e9n tiene la capacidad de escuchar las llamadas de los clientes.<br \/>\nLa aplicaci\u00f3n est\u00e1 disponible en <a href=\"https:\/\/apps.apple.com\/us\/app\/clixtell\/id1363297006\" target=\"_blank\" rel=\"noopener noreferrer\"> Tienda de aplicaciones <\/a> por Apple y <a href=\"https:\/\/play.google.com\/store\/apps\/details?id=com.clixtell.app&amp;pcampaignid=MKT-Other-global-all-co-prtnr-py-PartBadge-Mar2515-1\" target=\"_blank\" rel=\"noopener noreferrer\"> Google Play <\/a> y se puede descargar gratis.<\/p>\n","protected":false},"excerpt":{"rendered":"<p>S\u00ed, puede descargar nuestra propia aplicaci\u00f3n m\u00f3vil Clixtell que tambi\u00e9n le permite rastrear el tr\u00e1fico en tiempo real, rastrear las fuentes de publicidad y hacer clic en la actividad de bloqueo de fraude. Tambi\u00e9n tiene la capacidad de escuchar las llamadas de los clientes. La aplicaci\u00f3n est\u00e1 disponible en Tienda de aplicaciones por Apple y [&hellip;]<\/p>\n","protected":false},"author":1,"featured_media":0,"parent":0,"menu_order":0,"comment_status":"closed","ping_status":"closed","template":"","meta":[],"yoast_head":"<!-- This site is optimized with the Yoast SEO plugin v19.9 - https:\/\/yoast.com\/wordpress\/plugins\/seo\/ -->\n<title>\u00bfTiene una aplicaci\u00f3n m\u00f3vil? - Clixtell Support Academy<\/title>\n<meta name=\"robots\" content=\"index, follow, max-snippet:-1, max-image-preview:large, max-video-preview:-1\" \/>\n<link rel=\"canonical\" href=\"https:\/\/support.clixtell.com\/es\/tiene-una-aplicacion-movil\/\" \/>\n<meta property=\"og:locale\" content=\"es_ES\" \/>\n<meta property=\"og:type\" content=\"article\" \/>\n<meta property=\"og:title\" content=\"\u00bfTiene una aplicaci\u00f3n m\u00f3vil? - Clixtell Support Academy\" \/>\n<meta property=\"og:description\" content=\"S\u00ed, puede descargar nuestra propia aplicaci\u00f3n m\u00f3vil Clixtell que tambi\u00e9n le permite rastrear el tr\u00e1fico en tiempo real, rastrear las fuentes de publicidad y hacer clic en la actividad de bloqueo de fraude. Tambi\u00e9n tiene la capacidad de escuchar las llamadas de los clientes. La aplicaci\u00f3n est\u00e1 disponible en Tienda de aplicaciones por Apple y [&hellip;]\" \/>\n<meta property=\"og:url\" content=\"https:\/\/support.clixtell.com\/es\/tiene-una-aplicacion-movil\/\" \/>\n<meta property=\"og:site_name\" content=\"Clixtell Support Academy\" \/>\n<meta property=\"article:modified_time\" content=\"2020-09-21T07:10:09+00:00\" \/>\n<meta name=\"twitter:card\" content=\"summary_large_image\" \/>\n<script type=\"application\/ld+json\" class=\"yoast-schema-graph\">{\"@context\":\"https:\/\/schema.org\",\"@graph\":[{\"@type\":\"WebPage\",\"@id\":\"https:\/\/support.clixtell.com\/es\/tiene-una-aplicacion-movil\/\",\"url\":\"https:\/\/support.clixtell.com\/es\/tiene-una-aplicacion-movil\/\",\"name\":\"\u00bfTiene una aplicaci\u00f3n m\u00f3vil? - Clixtell Support Academy\",\"isPartOf\":{\"@id\":\"https:\/\/54.146.219.34\/es\/#website\"},\"datePublished\":\"2020-09-21T07:09:55+00:00\",\"dateModified\":\"2020-09-21T07:10:09+00:00\",\"breadcrumb\":{\"@id\":\"https:\/\/support.clixtell.com\/es\/tiene-una-aplicacion-movil\/#breadcrumb\"},\"inLanguage\":\"es\",\"potentialAction\":[{\"@type\":\"ReadAction\",\"target\":[\"https:\/\/support.clixtell.com\/es\/tiene-una-aplicacion-movil\/\"]}]},{\"@type\":\"BreadcrumbList\",\"@id\":\"https:\/\/support.clixtell.com\/es\/tiene-una-aplicacion-movil\/#breadcrumb\",\"itemListElement\":[{\"@type\":\"ListItem\",\"position\":1,\"name\":\"Home\",\"item\":\"https:\/\/54.146.219.34\/es\/\"},{\"@type\":\"ListItem\",\"position\":2,\"name\":\"\u00bfTiene una aplicaci\u00f3n m\u00f3vil?\"}]},{\"@type\":\"WebSite\",\"@id\":\"https:\/\/54.146.219.34\/es\/#website\",\"url\":\"https:\/\/54.146.219.34\/es\/\",\"name\":\"Clixtell Support Academy\",\"description\":\"\",\"publisher\":{\"@id\":\"https:\/\/54.146.219.34\/es\/#organization\"},\"potentialAction\":[{\"@type\":\"SearchAction\",\"target\":{\"@type\":\"EntryPoint\",\"urlTemplate\":\"https:\/\/54.146.219.34\/es\/?s={search_term_string}\"},\"query-input\":\"required name=search_term_string\"}],\"inLanguage\":\"es\"},{\"@type\":\"Organization\",\"@id\":\"https:\/\/54.146.219.34\/es\/#organization\",\"name\":\"Clixtell Support Academy\",\"url\":\"https:\/\/54.146.219.34\/es\/\",\"logo\":{\"@type\":\"ImageObject\",\"inLanguage\":\"es\",\"@id\":\"https:\/\/54.146.219.34\/es\/#\/schema\/logo\/image\/\",\"url\":\"https:\/\/support.clixtell.com\/wp-content\/uploads\/2020\/04\/logoc.png\",\"contentUrl\":\"https:\/\/support.clixtell.com\/wp-content\/uploads\/2020\/04\/logoc.png\",\"width\":168,\"height\":43,\"caption\":\"Clixtell Support Academy\"},\"image\":{\"@id\":\"https:\/\/54.146.219.34\/es\/#\/schema\/logo\/image\/\"}}]}<\/script>\n<!-- \/ Yoast SEO plugin. -->","yoast_head_json":{"title":"\u00bfTiene una aplicaci\u00f3n m\u00f3vil? - Clixtell Support Academy","robots":{"index":"index","follow":"follow","max-snippet":"max-snippet:-1","max-image-preview":"max-image-preview:large","max-video-preview":"max-video-preview:-1"},"canonical":"https:\/\/support.clixtell.com\/es\/tiene-una-aplicacion-movil\/","og_locale":"es_ES","og_type":"article","og_title":"\u00bfTiene una aplicaci\u00f3n m\u00f3vil? - Clixtell Support Academy","og_description":"S\u00ed, puede descargar nuestra propia aplicaci\u00f3n m\u00f3vil Clixtell que tambi\u00e9n le permite rastrear el tr\u00e1fico en tiempo real, rastrear las fuentes de publicidad y hacer clic en la actividad de bloqueo de fraude. Tambi\u00e9n tiene la capacidad de escuchar las llamadas de los clientes. La aplicaci\u00f3n est\u00e1 disponible en Tienda de aplicaciones por Apple y [&hellip;]","og_url":"https:\/\/support.clixtell.com\/es\/tiene-una-aplicacion-movil\/","og_site_name":"Clixtell Support Academy","article_modified_time":"2020-09-21T07:10:09+00:00","twitter_card":"summary_large_image","schema":{"@context":"https:\/\/schema.org","@graph":[{"@type":"WebPage","@id":"https:\/\/support.clixtell.com\/es\/tiene-una-aplicacion-movil\/","url":"https:\/\/support.clixtell.com\/es\/tiene-una-aplicacion-movil\/","name":"\u00bfTiene una aplicaci\u00f3n m\u00f3vil? - Clixtell Support Academy","isPartOf":{"@id":"https:\/\/54.146.219.34\/es\/#website"},"datePublished":"2020-09-21T07:09:55+00:00","dateModified":"2020-09-21T07:10:09+00:00","breadcrumb":{"@id":"https:\/\/support.clixtell.com\/es\/tiene-una-aplicacion-movil\/#breadcrumb"},"inLanguage":"es","potentialAction":[{"@type":"ReadAction","target":["https:\/\/support.clixtell.com\/es\/tiene-una-aplicacion-movil\/"]}]},{"@type":"BreadcrumbList","@id":"https:\/\/support.clixtell.com\/es\/tiene-una-aplicacion-movil\/#breadcrumb","itemListElement":[{"@type":"ListItem","position":1,"name":"Home","item":"https:\/\/54.146.219.34\/es\/"},{"@type":"ListItem","position":2,"name":"\u00bfTiene una aplicaci\u00f3n m\u00f3vil?"}]},{"@type":"WebSite","@id":"https:\/\/54.146.219.34\/es\/#website","url":"https:\/\/54.146.219.34\/es\/","name":"Clixtell Support Academy","description":"","publisher":{"@id":"https:\/\/54.146.219.34\/es\/#organization"},"potentialAction":[{"@type":"SearchAction","target":{"@type":"EntryPoint","urlTemplate":"https:\/\/54.146.219.34\/es\/?s={search_term_string}"},"query-input":"required name=search_term_string"}],"inLanguage":"es"},{"@type":"Organization","@id":"https:\/\/54.146.219.34\/es\/#organization","name":"Clixtell Support Academy","url":"https:\/\/54.146.219.34\/es\/","logo":{"@type":"ImageObject","inLanguage":"es","@id":"https:\/\/54.146.219.34\/es\/#\/schema\/logo\/image\/","url":"https:\/\/support.clixtell.com\/wp-content\/uploads\/2020\/04\/logoc.png","contentUrl":"https:\/\/support.clixtell.com\/wp-content\/uploads\/2020\/04\/logoc.png","width":168,"height":43,"caption":"Clixtell Support Academy"},"image":{"@id":"https:\/\/54.146.219.34\/es\/#\/schema\/logo\/image\/"}}]}},"_links":{"self":[{"href":"https:\/\/support.clixtell.com\/es\/wp-json\/wp\/v2\/pages\/594"}],"collection":[{"href":"https:\/\/support.clixtell.com\/es\/wp-json\/wp\/v2\/pages"}],"about":[{"href":"https:\/\/support.clixtell.com\/es\/wp-json\/wp\/v2\/types\/page"}],"author":[{"embeddable":true,"href":"https:\/\/support.clixtell.com\/es\/wp-json\/wp\/v2\/users\/1"}],"replies":[{"embeddable":true,"href":"https:\/\/support.clixtell.com\/es\/wp-json\/wp\/v2\/comments?post=594"}],"version-history":[{"count":1,"href":"https:\/\/support.clixtell.com\/es\/wp-json\/wp\/v2\/pages\/594\/revisions"}],"predecessor-version":[{"id":613,"href":"https:\/\/support.clixtell.com\/es\/wp-json\/wp\/v2\/pages\/594\/revisions\/613"}],"wp:attachment":[{"href":"https:\/\/support.clixtell.com\/es\/wp-json\/wp\/v2\/media?parent=594"}],"curies":[{"name":"wp","href":"https:\/\/api.w.org\/{rel}","templated":true}]}}