{"id":593,"date":"2020-09-21T07:09:53","date_gmt":"2020-09-21T07:09:53","guid":{"rendered":"https:\/\/support.clixtell.com\/que-es-una-piscina-estatica\/"},"modified":"2020-09-21T07:10:00","modified_gmt":"2020-09-21T07:10:00","slug":"que-es-una-piscina-estatica","status":"publish","type":"page","link":"https:\/\/support.clixtell.com\/es\/que-es-una-piscina-estatica\/","title":{"rendered":"\u00bfQu\u00e9 es una piscina est\u00e1tica?"},"content":{"rendered":"<p>Un \u00abgrupo est\u00e1tico\u00bb es uno (o m\u00e1s) n\u00fameros de tel\u00e9fono que comparten el mismo nombre y la configuraci\u00f3n de seguimiento de llamadas. Puede usar un n\u00famero de tel\u00e9fono de seguimiento est\u00e1tico en cualquier lugar que desee: en l\u00ednea o fuera de l\u00ednea, en su sitio web o p\u00e1gina de Facebook.<\/p>\n<p>Asignar un n\u00famero de tel\u00e9fono \u00fanico a cada canal que desee rastrear le permitir\u00e1 medir todas las llamadas que generan los canales junto con los registros de detalles de llamadas y las grabaciones de llamadas procesables.<\/p>\n","protected":false},"excerpt":{"rendered":"<p>Un \u00abgrupo est\u00e1tico\u00bb es uno (o m\u00e1s) n\u00fameros de tel\u00e9fono que comparten el mismo nombre y la configuraci\u00f3n de seguimiento de llamadas. Puede usar un n\u00famero de tel\u00e9fono de seguimiento est\u00e1tico en cualquier lugar que desee: en l\u00ednea o fuera de l\u00ednea, en su sitio web o p\u00e1gina de Facebook. Asignar un n\u00famero de tel\u00e9fono [&hellip;]<\/p>\n","protected":false},"author":1,"featured_media":0,"parent":0,"menu_order":0,"comment_status":"closed","ping_status":"closed","template":"","meta":[],"yoast_head":"<!-- This site is optimized with the Yoast SEO plugin v19.9 - https:\/\/yoast.com\/wordpress\/plugins\/seo\/ -->\n<title>\u00bfQu\u00e9 es una piscina est\u00e1tica? - Clixtell Support Academy<\/title>\n<meta name=\"robots\" content=\"index, follow, max-snippet:-1, max-image-preview:large, max-video-preview:-1\" \/>\n<link rel=\"canonical\" href=\"https:\/\/54.146.219.34\/es\/que-es-una-piscina-estatica\/\" \/>\n<meta property=\"og:locale\" content=\"es_ES\" \/>\n<meta property=\"og:type\" content=\"article\" \/>\n<meta property=\"og:title\" content=\"\u00bfQu\u00e9 es una piscina est\u00e1tica? - Clixtell Support Academy\" \/>\n<meta property=\"og:description\" content=\"Un \u00abgrupo est\u00e1tico\u00bb es uno (o m\u00e1s) n\u00fameros de tel\u00e9fono que comparten el mismo nombre y la configuraci\u00f3n de seguimiento de llamadas. Puede usar un n\u00famero de tel\u00e9fono de seguimiento est\u00e1tico en cualquier lugar que desee: en l\u00ednea o fuera de l\u00ednea, en su sitio web o p\u00e1gina de Facebook. Asignar un n\u00famero de tel\u00e9fono [&hellip;]\" \/>\n<meta property=\"og:url\" content=\"https:\/\/54.146.219.34\/es\/que-es-una-piscina-estatica\/\" \/>\n<meta property=\"og:site_name\" content=\"Clixtell Support Academy\" \/>\n<meta property=\"article:modified_time\" content=\"2020-09-21T07:10:00+00:00\" \/>\n<meta name=\"twitter:card\" content=\"summary_large_image\" \/>\n<script type=\"application\/ld+json\" class=\"yoast-schema-graph\">{\"@context\":\"https:\/\/schema.org\",\"@graph\":[{\"@type\":\"WebPage\",\"@id\":\"https:\/\/54.146.219.34\/es\/que-es-una-piscina-estatica\/\",\"url\":\"https:\/\/54.146.219.34\/es\/que-es-una-piscina-estatica\/\",\"name\":\"\u00bfQu\u00e9 es una piscina est\u00e1tica? - Clixtell Support Academy\",\"isPartOf\":{\"@id\":\"https:\/\/54.146.219.34\/es\/#website\"},\"datePublished\":\"2020-09-21T07:09:53+00:00\",\"dateModified\":\"2020-09-21T07:10:00+00:00\",\"breadcrumb\":{\"@id\":\"https:\/\/54.146.219.34\/es\/que-es-una-piscina-estatica\/#breadcrumb\"},\"inLanguage\":\"es\",\"potentialAction\":[{\"@type\":\"ReadAction\",\"target\":[\"https:\/\/54.146.219.34\/es\/que-es-una-piscina-estatica\/\"]}]},{\"@type\":\"BreadcrumbList\",\"@id\":\"https:\/\/54.146.219.34\/es\/que-es-una-piscina-estatica\/#breadcrumb\",\"itemListElement\":[{\"@type\":\"ListItem\",\"position\":1,\"name\":\"Home\",\"item\":\"https:\/\/54.146.219.34\/es\/\"},{\"@type\":\"ListItem\",\"position\":2,\"name\":\"\u00bfQu\u00e9 es una piscina est\u00e1tica?\"}]},{\"@type\":\"WebSite\",\"@id\":\"https:\/\/54.146.219.34\/es\/#website\",\"url\":\"https:\/\/54.146.219.34\/es\/\",\"name\":\"Clixtell Support Academy\",\"description\":\"\",\"publisher\":{\"@id\":\"https:\/\/54.146.219.34\/es\/#organization\"},\"potentialAction\":[{\"@type\":\"SearchAction\",\"target\":{\"@type\":\"EntryPoint\",\"urlTemplate\":\"https:\/\/54.146.219.34\/es\/?s={search_term_string}\"},\"query-input\":\"required name=search_term_string\"}],\"inLanguage\":\"es\"},{\"@type\":\"Organization\",\"@id\":\"https:\/\/54.146.219.34\/es\/#organization\",\"name\":\"Clixtell Support Academy\",\"url\":\"https:\/\/54.146.219.34\/es\/\",\"logo\":{\"@type\":\"ImageObject\",\"inLanguage\":\"es\",\"@id\":\"https:\/\/54.146.219.34\/es\/#\/schema\/logo\/image\/\",\"url\":\"https:\/\/support.clixtell.com\/wp-content\/uploads\/2020\/04\/logoc.png\",\"contentUrl\":\"https:\/\/support.clixtell.com\/wp-content\/uploads\/2020\/04\/logoc.png\",\"width\":168,\"height\":43,\"caption\":\"Clixtell Support Academy\"},\"image\":{\"@id\":\"https:\/\/54.146.219.34\/es\/#\/schema\/logo\/image\/\"}}]}<\/script>\n<!-- \/ Yoast SEO plugin. -->","yoast_head_json":{"title":"\u00bfQu\u00e9 es una piscina est\u00e1tica? - Clixtell Support Academy","robots":{"index":"index","follow":"follow","max-snippet":"max-snippet:-1","max-image-preview":"max-image-preview:large","max-video-preview":"max-video-preview:-1"},"canonical":"https:\/\/54.146.219.34\/es\/que-es-una-piscina-estatica\/","og_locale":"es_ES","og_type":"article","og_title":"\u00bfQu\u00e9 es una piscina est\u00e1tica? - Clixtell Support Academy","og_description":"Un \u00abgrupo est\u00e1tico\u00bb es uno (o m\u00e1s) n\u00fameros de tel\u00e9fono que comparten el mismo nombre y la configuraci\u00f3n de seguimiento de llamadas. Puede usar un n\u00famero de tel\u00e9fono de seguimiento est\u00e1tico en cualquier lugar que desee: en l\u00ednea o fuera de l\u00ednea, en su sitio web o p\u00e1gina de Facebook. Asignar un n\u00famero de tel\u00e9fono [&hellip;]","og_url":"https:\/\/54.146.219.34\/es\/que-es-una-piscina-estatica\/","og_site_name":"Clixtell Support Academy","article_modified_time":"2020-09-21T07:10:00+00:00","twitter_card":"summary_large_image","schema":{"@context":"https:\/\/schema.org","@graph":[{"@type":"WebPage","@id":"https:\/\/54.146.219.34\/es\/que-es-una-piscina-estatica\/","url":"https:\/\/54.146.219.34\/es\/que-es-una-piscina-estatica\/","name":"\u00bfQu\u00e9 es una piscina est\u00e1tica? - Clixtell Support Academy","isPartOf":{"@id":"https:\/\/54.146.219.34\/es\/#website"},"datePublished":"2020-09-21T07:09:53+00:00","dateModified":"2020-09-21T07:10:00+00:00","breadcrumb":{"@id":"https:\/\/54.146.219.34\/es\/que-es-una-piscina-estatica\/#breadcrumb"},"inLanguage":"es","potentialAction":[{"@type":"ReadAction","target":["https:\/\/54.146.219.34\/es\/que-es-una-piscina-estatica\/"]}]},{"@type":"BreadcrumbList","@id":"https:\/\/54.146.219.34\/es\/que-es-una-piscina-estatica\/#breadcrumb","itemListElement":[{"@type":"ListItem","position":1,"name":"Home","item":"https:\/\/54.146.219.34\/es\/"},{"@type":"ListItem","position":2,"name":"\u00bfQu\u00e9 es una piscina est\u00e1tica?"}]},{"@type":"WebSite","@id":"https:\/\/54.146.219.34\/es\/#website","url":"https:\/\/54.146.219.34\/es\/","name":"Clixtell Support Academy","description":"","publisher":{"@id":"https:\/\/54.146.219.34\/es\/#organization"},"potentialAction":[{"@type":"SearchAction","target":{"@type":"EntryPoint","urlTemplate":"https:\/\/54.146.219.34\/es\/?s={search_term_string}"},"query-input":"required name=search_term_string"}],"inLanguage":"es"},{"@type":"Organization","@id":"https:\/\/54.146.219.34\/es\/#organization","name":"Clixtell Support Academy","url":"https:\/\/54.146.219.34\/es\/","logo":{"@type":"ImageObject","inLanguage":"es","@id":"https:\/\/54.146.219.34\/es\/#\/schema\/logo\/image\/","url":"https:\/\/support.clixtell.com\/wp-content\/uploads\/2020\/04\/logoc.png","contentUrl":"https:\/\/support.clixtell.com\/wp-content\/uploads\/2020\/04\/logoc.png","width":168,"height":43,"caption":"Clixtell Support Academy"},"image":{"@id":"https:\/\/54.146.219.34\/es\/#\/schema\/logo\/image\/"}}]}},"_links":{"self":[{"href":"https:\/\/support.clixtell.com\/es\/wp-json\/wp\/v2\/pages\/593"}],"collection":[{"href":"https:\/\/support.clixtell.com\/es\/wp-json\/wp\/v2\/pages"}],"about":[{"href":"https:\/\/support.clixtell.com\/es\/wp-json\/wp\/v2\/types\/page"}],"author":[{"embeddable":true,"href":"https:\/\/support.clixtell.com\/es\/wp-json\/wp\/v2\/users\/1"}],"replies":[{"embeddable":true,"href":"https:\/\/support.clixtell.com\/es\/wp-json\/wp\/v2\/comments?post=593"}],"version-history":[{"count":1,"href":"https:\/\/support.clixtell.com\/es\/wp-json\/wp\/v2\/pages\/593\/revisions"}],"predecessor-version":[{"id":599,"href":"https:\/\/support.clixtell.com\/es\/wp-json\/wp\/v2\/pages\/593\/revisions\/599"}],"wp:attachment":[{"href":"https:\/\/support.clixtell.com\/es\/wp-json\/wp\/v2\/media?parent=593"}],"curies":[{"name":"wp","href":"https:\/\/api.w.org\/{rel}","templated":true}]}}