{"id":590,"date":"2020-09-21T07:09:51","date_gmt":"2020-09-21T07:09:51","guid":{"rendered":"https:\/\/support.clixtell.com\/como-reclamar-un-reembolso-por-fraude-de-clic-de-google\/"},"modified":"2020-09-21T07:10:05","modified_gmt":"2020-09-21T07:10:05","slug":"como-reclamar-un-reembolso-por-fraude-de-clic-de-google","status":"publish","type":"page","link":"https:\/\/support.clixtell.com\/es\/como-reclamar-un-reembolso-por-fraude-de-clic-de-google\/","title":{"rendered":"C\u00f3mo reclamar un reembolso por fraude de clic de Google"},"content":{"rendered":"<p>Las pol\u00edticas de Google permiten una investigaci\u00f3n manual de fraude por clic una vez cada 60 d\u00edas para cada cuenta de Google Ads. Esto significa que un equipo humano dedicado revisar\u00e1 su cuenta de Google Ads y volver\u00e1 a revisar la calidad de su tr\u00e1fico. La revisi\u00f3n se basa en los datos que tienen y los datos que usted proporciona.<\/p>\n<p>Para que al equipo de Google le resulte muy f\u00e1cil emitir un cr\u00e9dito en la cuenta, hemos organizado todos los datos relacionados con el fraude por clic en una hoja de c\u00e1lculo detallada que puede descargar en cualquier momento.<\/p>\n<p>Siga los siguientes pasos para presentar una reclamaci\u00f3n de reembolso por fraude por clic de Google:<\/p>\n<ol>\n<li>En su panel de Clixtell, vaya a la p\u00e1gina Tr\u00e1fico y seleccione el intervalo de fechas adecuado. Siguiendo las pautas de Google, Clixtell recomienda 60 d\u00edas.<\/li>\n<li>Haga clic en el bot\u00f3n \u00abExcel\u00bb justo debajo del gr\u00e1fico principal.<\/li>\n<li>Descarga el archivo y gu\u00e1rdalo. Recuerde su ubicaci\u00f3n para los siguientes pasos.<\/li>\n<li><a href=\"https:\/\/support.google.com\/google-ads\/contact\/click_quality\" target=\"_blank\" rel=\"noopener noreferrer\"> Haga clic aqu\u00ed para el formulario de Google <\/a> y complete todos los campos.<\/li>\n<li>En la parte inferior, en \u00abAdjunte una copia de sus weblogs u otros datos de seguimiento que muestren los datos en cuesti\u00f3n\u00bb, cargue el archivo que descarg\u00f3 anteriormente del panel de Clixtell.<\/li>\n<li>\u00a1Buena suerte! Google se pondr\u00e1 en contacto directo con usted cuando comience y complete su investigaci\u00f3n.<\/li>\n<\/ol>\n","protected":false},"excerpt":{"rendered":"<p>Las pol\u00edticas de Google permiten una investigaci\u00f3n manual de fraude por clic una vez cada 60 d\u00edas para cada cuenta de Google Ads. Esto significa que un equipo humano dedicado revisar\u00e1 su cuenta de Google Ads y volver\u00e1 a revisar la calidad de su tr\u00e1fico. La revisi\u00f3n se basa en los datos que tienen y [&hellip;]<\/p>\n","protected":false},"author":1,"featured_media":0,"parent":0,"menu_order":0,"comment_status":"closed","ping_status":"closed","template":"","meta":[],"yoast_head":"<!-- This site is optimized with the Yoast SEO plugin v19.9 - https:\/\/yoast.com\/wordpress\/plugins\/seo\/ -->\n<title>C\u00f3mo reclamar un reembolso por fraude de clic de Google - Clixtell Support Academy<\/title>\n<meta name=\"robots\" content=\"index, follow, max-snippet:-1, max-image-preview:large, max-video-preview:-1\" \/>\n<link rel=\"canonical\" href=\"https:\/\/54.146.219.34\/es\/como-reclamar-un-reembolso-por-fraude-de-clic-de-google\/\" \/>\n<meta property=\"og:locale\" content=\"es_ES\" \/>\n<meta property=\"og:type\" content=\"article\" \/>\n<meta property=\"og:title\" content=\"C\u00f3mo reclamar un reembolso por fraude de clic de Google - Clixtell Support Academy\" \/>\n<meta property=\"og:description\" content=\"Las pol\u00edticas de Google permiten una investigaci\u00f3n manual de fraude por clic una vez cada 60 d\u00edas para cada cuenta de Google Ads. Esto significa que un equipo humano dedicado revisar\u00e1 su cuenta de Google Ads y volver\u00e1 a revisar la calidad de su tr\u00e1fico. La revisi\u00f3n se basa en los datos que tienen y [&hellip;]\" \/>\n<meta property=\"og:url\" content=\"https:\/\/54.146.219.34\/es\/como-reclamar-un-reembolso-por-fraude-de-clic-de-google\/\" \/>\n<meta property=\"og:site_name\" content=\"Clixtell Support Academy\" \/>\n<meta property=\"article:modified_time\" content=\"2020-09-21T07:10:05+00:00\" \/>\n<meta name=\"twitter:card\" content=\"summary_large_image\" \/>\n<meta name=\"twitter:label1\" content=\"Tiempo de lectura\" \/>\n\t<meta name=\"twitter:data1\" content=\"1 minuto\" \/>\n<script type=\"application\/ld+json\" class=\"yoast-schema-graph\">{\"@context\":\"https:\/\/schema.org\",\"@graph\":[{\"@type\":\"WebPage\",\"@id\":\"https:\/\/54.146.219.34\/es\/como-reclamar-un-reembolso-por-fraude-de-clic-de-google\/\",\"url\":\"https:\/\/54.146.219.34\/es\/como-reclamar-un-reembolso-por-fraude-de-clic-de-google\/\",\"name\":\"C\u00f3mo reclamar un reembolso por fraude de clic de Google - Clixtell Support Academy\",\"isPartOf\":{\"@id\":\"https:\/\/support.clixtell.com\/he\/#website\"},\"datePublished\":\"2020-09-21T07:09:51+00:00\",\"dateModified\":\"2020-09-21T07:10:05+00:00\",\"breadcrumb\":{\"@id\":\"https:\/\/54.146.219.34\/es\/como-reclamar-un-reembolso-por-fraude-de-clic-de-google\/#breadcrumb\"},\"inLanguage\":\"es\",\"potentialAction\":[{\"@type\":\"ReadAction\",\"target\":[\"https:\/\/54.146.219.34\/es\/como-reclamar-un-reembolso-por-fraude-de-clic-de-google\/\"]}]},{\"@type\":\"BreadcrumbList\",\"@id\":\"https:\/\/54.146.219.34\/es\/como-reclamar-un-reembolso-por-fraude-de-clic-de-google\/#breadcrumb\",\"itemListElement\":[{\"@type\":\"ListItem\",\"position\":1,\"name\":\"Home\",\"item\":\"https:\/\/support.clixtell.com\/es\/\"},{\"@type\":\"ListItem\",\"position\":2,\"name\":\"C\u00f3mo reclamar un reembolso por fraude de clic de Google\"}]},{\"@type\":\"WebSite\",\"@id\":\"https:\/\/support.clixtell.com\/he\/#website\",\"url\":\"https:\/\/support.clixtell.com\/he\/\",\"name\":\"Clixtell Support Academy\",\"description\":\"\",\"publisher\":{\"@id\":\"https:\/\/support.clixtell.com\/he\/#organization\"},\"potentialAction\":[{\"@type\":\"SearchAction\",\"target\":{\"@type\":\"EntryPoint\",\"urlTemplate\":\"https:\/\/support.clixtell.com\/he\/?s={search_term_string}\"},\"query-input\":\"required name=search_term_string\"}],\"inLanguage\":\"es\"},{\"@type\":\"Organization\",\"@id\":\"https:\/\/support.clixtell.com\/he\/#organization\",\"name\":\"Clixtell Support Academy\",\"url\":\"https:\/\/support.clixtell.com\/he\/\",\"logo\":{\"@type\":\"ImageObject\",\"inLanguage\":\"es\",\"@id\":\"https:\/\/support.clixtell.com\/he\/#\/schema\/logo\/image\/\",\"url\":\"https:\/\/support.clixtell.com\/wp-content\/uploads\/2020\/04\/logoc.png\",\"contentUrl\":\"https:\/\/support.clixtell.com\/wp-content\/uploads\/2020\/04\/logoc.png\",\"width\":168,\"height\":43,\"caption\":\"Clixtell Support Academy\"},\"image\":{\"@id\":\"https:\/\/support.clixtell.com\/he\/#\/schema\/logo\/image\/\"}}]}<\/script>\n<!-- \/ Yoast SEO plugin. -->","yoast_head_json":{"title":"C\u00f3mo reclamar un reembolso por fraude de clic de Google - Clixtell Support Academy","robots":{"index":"index","follow":"follow","max-snippet":"max-snippet:-1","max-image-preview":"max-image-preview:large","max-video-preview":"max-video-preview:-1"},"canonical":"https:\/\/54.146.219.34\/es\/como-reclamar-un-reembolso-por-fraude-de-clic-de-google\/","og_locale":"es_ES","og_type":"article","og_title":"C\u00f3mo reclamar un reembolso por fraude de clic de Google - Clixtell Support Academy","og_description":"Las pol\u00edticas de Google permiten una investigaci\u00f3n manual de fraude por clic una vez cada 60 d\u00edas para cada cuenta de Google Ads. Esto significa que un equipo humano dedicado revisar\u00e1 su cuenta de Google Ads y volver\u00e1 a revisar la calidad de su tr\u00e1fico. La revisi\u00f3n se basa en los datos que tienen y [&hellip;]","og_url":"https:\/\/54.146.219.34\/es\/como-reclamar-un-reembolso-por-fraude-de-clic-de-google\/","og_site_name":"Clixtell Support Academy","article_modified_time":"2020-09-21T07:10:05+00:00","twitter_card":"summary_large_image","twitter_misc":{"Tiempo de lectura":"1 minuto"},"schema":{"@context":"https:\/\/schema.org","@graph":[{"@type":"WebPage","@id":"https:\/\/54.146.219.34\/es\/como-reclamar-un-reembolso-por-fraude-de-clic-de-google\/","url":"https:\/\/54.146.219.34\/es\/como-reclamar-un-reembolso-por-fraude-de-clic-de-google\/","name":"C\u00f3mo reclamar un reembolso por fraude de clic de Google - Clixtell Support Academy","isPartOf":{"@id":"https:\/\/support.clixtell.com\/he\/#website"},"datePublished":"2020-09-21T07:09:51+00:00","dateModified":"2020-09-21T07:10:05+00:00","breadcrumb":{"@id":"https:\/\/54.146.219.34\/es\/como-reclamar-un-reembolso-por-fraude-de-clic-de-google\/#breadcrumb"},"inLanguage":"es","potentialAction":[{"@type":"ReadAction","target":["https:\/\/54.146.219.34\/es\/como-reclamar-un-reembolso-por-fraude-de-clic-de-google\/"]}]},{"@type":"BreadcrumbList","@id":"https:\/\/54.146.219.34\/es\/como-reclamar-un-reembolso-por-fraude-de-clic-de-google\/#breadcrumb","itemListElement":[{"@type":"ListItem","position":1,"name":"Home","item":"https:\/\/support.clixtell.com\/es\/"},{"@type":"ListItem","position":2,"name":"C\u00f3mo reclamar un reembolso por fraude de clic de Google"}]},{"@type":"WebSite","@id":"https:\/\/support.clixtell.com\/he\/#website","url":"https:\/\/support.clixtell.com\/he\/","name":"Clixtell Support Academy","description":"","publisher":{"@id":"https:\/\/support.clixtell.com\/he\/#organization"},"potentialAction":[{"@type":"SearchAction","target":{"@type":"EntryPoint","urlTemplate":"https:\/\/support.clixtell.com\/he\/?s={search_term_string}"},"query-input":"required name=search_term_string"}],"inLanguage":"es"},{"@type":"Organization","@id":"https:\/\/support.clixtell.com\/he\/#organization","name":"Clixtell Support Academy","url":"https:\/\/support.clixtell.com\/he\/","logo":{"@type":"ImageObject","inLanguage":"es","@id":"https:\/\/support.clixtell.com\/he\/#\/schema\/logo\/image\/","url":"https:\/\/support.clixtell.com\/wp-content\/uploads\/2020\/04\/logoc.png","contentUrl":"https:\/\/support.clixtell.com\/wp-content\/uploads\/2020\/04\/logoc.png","width":168,"height":43,"caption":"Clixtell Support Academy"},"image":{"@id":"https:\/\/support.clixtell.com\/he\/#\/schema\/logo\/image\/"}}]}},"_links":{"self":[{"href":"https:\/\/support.clixtell.com\/es\/wp-json\/wp\/v2\/pages\/590"}],"collection":[{"href":"https:\/\/support.clixtell.com\/es\/wp-json\/wp\/v2\/pages"}],"about":[{"href":"https:\/\/support.clixtell.com\/es\/wp-json\/wp\/v2\/types\/page"}],"author":[{"embeddable":true,"href":"https:\/\/support.clixtell.com\/es\/wp-json\/wp\/v2\/users\/1"}],"replies":[{"embeddable":true,"href":"https:\/\/support.clixtell.com\/es\/wp-json\/wp\/v2\/comments?post=590"}],"version-history":[{"count":1,"href":"https:\/\/support.clixtell.com\/es\/wp-json\/wp\/v2\/pages\/590\/revisions"}],"predecessor-version":[{"id":608,"href":"https:\/\/support.clixtell.com\/es\/wp-json\/wp\/v2\/pages\/590\/revisions\/608"}],"wp:attachment":[{"href":"https:\/\/support.clixtell.com\/es\/wp-json\/wp\/v2\/media?parent=590"}],"curies":[{"name":"wp","href":"https:\/\/api.w.org\/{rel}","templated":true}]}}