{"id":588,"date":"2020-09-21T07:09:51","date_gmt":"2020-09-21T07:09:51","guid":{"rendered":"https:\/\/support.clixtell.com\/que-tipo-de-piscina-debo-seleccionar\/"},"modified":"2020-09-21T07:09:51","modified_gmt":"2020-09-21T07:09:51","slug":"que-tipo-de-piscina-debo-seleccionar","status":"publish","type":"page","link":"https:\/\/support.clixtell.com\/es\/que-tipo-de-piscina-debo-seleccionar\/","title":{"rendered":"\u00bfQu\u00e9 tipo de piscina debo seleccionar?"},"content":{"rendered":"<p>Un grupo de seguimiento de llamadas es un grupo de n\u00fameros que se utilizan juntos. Hay tres tipos de grupos para ayudarlo a especificar sus opciones de llamada en Clixtell:<\/p>\n<ul>\n<li>Seguimiento est\u00e1tico<\/li>\n<li>Llamadas desde anuncios<\/li>\n<li>Llamadas desde el sitio web<\/li>\n<\/ul>\n<h4>Seguimiento est\u00e1tico<\/h4>\n<p>Hecho para rastrear llamadas en una fuente de medios fuera de l\u00ednea o para rastrear llamadas provenientes de anuncios espec\u00edficos.<\/p>\n<h4>Llamadas desde anuncios<\/h4>\n<p>Realice un seguimiento y supervise las llamadas publicitarias o los complementos de llamadas en sus campa\u00f1as de Google Ads. Este grupo nos permite controlar todos los clics en los anuncios en comparaci\u00f3n con el n\u00famero real de llamadas realizadas.<br \/>\nCada clic deber\u00eda crear una llamada: si hay una brecha entre la cantidad de clics y la cantidad de llamadas, Clixtell puede encontrar la fuente de la brecha, informar los intentos de fraude de clics y producir un informe detallado que puede enviar a Google y recibir un reembolso.<\/p>\n<h4>Llamadas desde el sitio web<\/h4>\n<p>Una herramienta creada para rastrear la fuente de la persona que llama con precisi\u00f3n y analizar la eficiencia de las palabras clave y las campa\u00f1as que llevaron a las llamadas y las conversiones, as\u00ed como transmitir los datos a sus anuncios de Google y Google Analytics para las necesidades de optimizaci\u00f3n.<br \/>\nEn este tipo de grupo, hay m\u00e1s de una l\u00ednea telef\u00f3nica disponible para rastrear. La especificaci\u00f3n del n\u00famero de l\u00edneas en el pool se realizar\u00e1 de acuerdo con el n\u00famero de visitantes en el sitio web provenientes de las fuentes que desee medir, dentro de una hora.<br \/>\nAl definir este tipo de grupo, a trav\u00e9s del c\u00f3digo de seguimiento de Clixtell, todos los visitantes del sitio web recibir\u00e1n un n\u00famero de tel\u00e9fono \u00fanico que se adjuntar\u00e1 al visitante durante toda la visita al sitio web y se guardar\u00e1 para necesidades futuras. Esta herramienta permite a Clixtell rastrear y analizar la fuente del clic por palabras clave y analizar las conversiones por la duraci\u00f3n de las llamadas.<\/p>\n","protected":false},"excerpt":{"rendered":"<p>Un grupo de seguimiento de llamadas es un grupo de n\u00fameros que se utilizan juntos. Hay tres tipos de grupos para ayudarlo a especificar sus opciones de llamada en Clixtell: Seguimiento est\u00e1tico Llamadas desde anuncios Llamadas desde el sitio web Seguimiento est\u00e1tico Hecho para rastrear llamadas en una fuente de medios fuera de l\u00ednea o [&hellip;]<\/p>\n","protected":false},"author":1,"featured_media":0,"parent":0,"menu_order":0,"comment_status":"closed","ping_status":"closed","template":"","meta":[],"yoast_head":"<!-- This site is optimized with the Yoast SEO plugin v19.9 - https:\/\/yoast.com\/wordpress\/plugins\/seo\/ -->\n<title>\u00bfQu\u00e9 tipo de piscina debo seleccionar? - Clixtell Support Academy<\/title>\n<meta name=\"robots\" content=\"index, follow, max-snippet:-1, max-image-preview:large, max-video-preview:-1\" \/>\n<link rel=\"canonical\" href=\"https:\/\/support.clixtell.com\/es\/que-tipo-de-piscina-debo-seleccionar\/\" \/>\n<meta property=\"og:locale\" content=\"es_ES\" \/>\n<meta property=\"og:type\" content=\"article\" \/>\n<meta property=\"og:title\" content=\"\u00bfQu\u00e9 tipo de piscina debo seleccionar? - Clixtell Support Academy\" \/>\n<meta property=\"og:description\" content=\"Un grupo de seguimiento de llamadas es un grupo de n\u00fameros que se utilizan juntos. Hay tres tipos de grupos para ayudarlo a especificar sus opciones de llamada en Clixtell: Seguimiento est\u00e1tico Llamadas desde anuncios Llamadas desde el sitio web Seguimiento est\u00e1tico Hecho para rastrear llamadas en una fuente de medios fuera de l\u00ednea o [&hellip;]\" \/>\n<meta property=\"og:url\" content=\"https:\/\/support.clixtell.com\/es\/que-tipo-de-piscina-debo-seleccionar\/\" \/>\n<meta property=\"og:site_name\" content=\"Clixtell Support Academy\" \/>\n<meta name=\"twitter:card\" content=\"summary_large_image\" \/>\n<meta name=\"twitter:label1\" content=\"Tiempo de lectura\" \/>\n\t<meta name=\"twitter:data1\" content=\"2 minutos\" \/>\n<script type=\"application\/ld+json\" class=\"yoast-schema-graph\">{\"@context\":\"https:\/\/schema.org\",\"@graph\":[{\"@type\":\"WebPage\",\"@id\":\"https:\/\/support.clixtell.com\/es\/que-tipo-de-piscina-debo-seleccionar\/\",\"url\":\"https:\/\/support.clixtell.com\/es\/que-tipo-de-piscina-debo-seleccionar\/\",\"name\":\"\u00bfQu\u00e9 tipo de piscina debo seleccionar? - Clixtell Support Academy\",\"isPartOf\":{\"@id\":\"https:\/\/54.146.219.34\/es\/#website\"},\"datePublished\":\"2020-09-21T07:09:51+00:00\",\"dateModified\":\"2020-09-21T07:09:51+00:00\",\"breadcrumb\":{\"@id\":\"https:\/\/support.clixtell.com\/es\/que-tipo-de-piscina-debo-seleccionar\/#breadcrumb\"},\"inLanguage\":\"es\",\"potentialAction\":[{\"@type\":\"ReadAction\",\"target\":[\"https:\/\/support.clixtell.com\/es\/que-tipo-de-piscina-debo-seleccionar\/\"]}]},{\"@type\":\"BreadcrumbList\",\"@id\":\"https:\/\/support.clixtell.com\/es\/que-tipo-de-piscina-debo-seleccionar\/#breadcrumb\",\"itemListElement\":[{\"@type\":\"ListItem\",\"position\":1,\"name\":\"Home\",\"item\":\"https:\/\/54.146.219.34\/es\/\"},{\"@type\":\"ListItem\",\"position\":2,\"name\":\"\u00bfQu\u00e9 tipo de piscina debo seleccionar?\"}]},{\"@type\":\"WebSite\",\"@id\":\"https:\/\/54.146.219.34\/es\/#website\",\"url\":\"https:\/\/54.146.219.34\/es\/\",\"name\":\"Clixtell Support Academy\",\"description\":\"\",\"publisher\":{\"@id\":\"https:\/\/54.146.219.34\/es\/#organization\"},\"potentialAction\":[{\"@type\":\"SearchAction\",\"target\":{\"@type\":\"EntryPoint\",\"urlTemplate\":\"https:\/\/54.146.219.34\/es\/?s={search_term_string}\"},\"query-input\":\"required name=search_term_string\"}],\"inLanguage\":\"es\"},{\"@type\":\"Organization\",\"@id\":\"https:\/\/54.146.219.34\/es\/#organization\",\"name\":\"Clixtell Support Academy\",\"url\":\"https:\/\/54.146.219.34\/es\/\",\"logo\":{\"@type\":\"ImageObject\",\"inLanguage\":\"es\",\"@id\":\"https:\/\/54.146.219.34\/es\/#\/schema\/logo\/image\/\",\"url\":\"https:\/\/support.clixtell.com\/wp-content\/uploads\/2020\/04\/logoc.png\",\"contentUrl\":\"https:\/\/support.clixtell.com\/wp-content\/uploads\/2020\/04\/logoc.png\",\"width\":168,\"height\":43,\"caption\":\"Clixtell Support Academy\"},\"image\":{\"@id\":\"https:\/\/54.146.219.34\/es\/#\/schema\/logo\/image\/\"}}]}<\/script>\n<!-- \/ Yoast SEO plugin. -->","yoast_head_json":{"title":"\u00bfQu\u00e9 tipo de piscina debo seleccionar? - Clixtell Support Academy","robots":{"index":"index","follow":"follow","max-snippet":"max-snippet:-1","max-image-preview":"max-image-preview:large","max-video-preview":"max-video-preview:-1"},"canonical":"https:\/\/support.clixtell.com\/es\/que-tipo-de-piscina-debo-seleccionar\/","og_locale":"es_ES","og_type":"article","og_title":"\u00bfQu\u00e9 tipo de piscina debo seleccionar? - Clixtell Support Academy","og_description":"Un grupo de seguimiento de llamadas es un grupo de n\u00fameros que se utilizan juntos. Hay tres tipos de grupos para ayudarlo a especificar sus opciones de llamada en Clixtell: Seguimiento est\u00e1tico Llamadas desde anuncios Llamadas desde el sitio web Seguimiento est\u00e1tico Hecho para rastrear llamadas en una fuente de medios fuera de l\u00ednea o [&hellip;]","og_url":"https:\/\/support.clixtell.com\/es\/que-tipo-de-piscina-debo-seleccionar\/","og_site_name":"Clixtell Support Academy","twitter_card":"summary_large_image","twitter_misc":{"Tiempo de lectura":"2 minutos"},"schema":{"@context":"https:\/\/schema.org","@graph":[{"@type":"WebPage","@id":"https:\/\/support.clixtell.com\/es\/que-tipo-de-piscina-debo-seleccionar\/","url":"https:\/\/support.clixtell.com\/es\/que-tipo-de-piscina-debo-seleccionar\/","name":"\u00bfQu\u00e9 tipo de piscina debo seleccionar? - Clixtell Support Academy","isPartOf":{"@id":"https:\/\/54.146.219.34\/es\/#website"},"datePublished":"2020-09-21T07:09:51+00:00","dateModified":"2020-09-21T07:09:51+00:00","breadcrumb":{"@id":"https:\/\/support.clixtell.com\/es\/que-tipo-de-piscina-debo-seleccionar\/#breadcrumb"},"inLanguage":"es","potentialAction":[{"@type":"ReadAction","target":["https:\/\/support.clixtell.com\/es\/que-tipo-de-piscina-debo-seleccionar\/"]}]},{"@type":"BreadcrumbList","@id":"https:\/\/support.clixtell.com\/es\/que-tipo-de-piscina-debo-seleccionar\/#breadcrumb","itemListElement":[{"@type":"ListItem","position":1,"name":"Home","item":"https:\/\/54.146.219.34\/es\/"},{"@type":"ListItem","position":2,"name":"\u00bfQu\u00e9 tipo de piscina debo seleccionar?"}]},{"@type":"WebSite","@id":"https:\/\/54.146.219.34\/es\/#website","url":"https:\/\/54.146.219.34\/es\/","name":"Clixtell Support Academy","description":"","publisher":{"@id":"https:\/\/54.146.219.34\/es\/#organization"},"potentialAction":[{"@type":"SearchAction","target":{"@type":"EntryPoint","urlTemplate":"https:\/\/54.146.219.34\/es\/?s={search_term_string}"},"query-input":"required name=search_term_string"}],"inLanguage":"es"},{"@type":"Organization","@id":"https:\/\/54.146.219.34\/es\/#organization","name":"Clixtell Support Academy","url":"https:\/\/54.146.219.34\/es\/","logo":{"@type":"ImageObject","inLanguage":"es","@id":"https:\/\/54.146.219.34\/es\/#\/schema\/logo\/image\/","url":"https:\/\/support.clixtell.com\/wp-content\/uploads\/2020\/04\/logoc.png","contentUrl":"https:\/\/support.clixtell.com\/wp-content\/uploads\/2020\/04\/logoc.png","width":168,"height":43,"caption":"Clixtell Support Academy"},"image":{"@id":"https:\/\/54.146.219.34\/es\/#\/schema\/logo\/image\/"}}]}},"_links":{"self":[{"href":"https:\/\/support.clixtell.com\/es\/wp-json\/wp\/v2\/pages\/588"}],"collection":[{"href":"https:\/\/support.clixtell.com\/es\/wp-json\/wp\/v2\/pages"}],"about":[{"href":"https:\/\/support.clixtell.com\/es\/wp-json\/wp\/v2\/types\/page"}],"author":[{"embeddable":true,"href":"https:\/\/support.clixtell.com\/es\/wp-json\/wp\/v2\/users\/1"}],"replies":[{"embeddable":true,"href":"https:\/\/support.clixtell.com\/es\/wp-json\/wp\/v2\/comments?post=588"}],"version-history":[{"count":0,"href":"https:\/\/support.clixtell.com\/es\/wp-json\/wp\/v2\/pages\/588\/revisions"}],"wp:attachment":[{"href":"https:\/\/support.clixtell.com\/es\/wp-json\/wp\/v2\/media?parent=588"}],"curies":[{"name":"wp","href":"https:\/\/api.w.org\/{rel}","templated":true}]}}