{"id":584,"date":"2020-09-21T07:09:49","date_gmt":"2020-09-21T07:09:49","guid":{"rendered":"https:\/\/support.clixtell.com\/que-es-el-grabador-de-sitios-web-y-como-usarlo\/"},"modified":"2020-09-21T07:10:05","modified_gmt":"2020-09-21T07:10:05","slug":"que-es-el-grabador-de-sitios-web-y-como-usarlo","status":"publish","type":"page","link":"https:\/\/support.clixtell.com\/es\/que-es-el-grabador-de-sitios-web-y-como-usarlo\/","title":{"rendered":"\u00bfQu\u00e9 es el Grabador de sitios web y c\u00f3mo usarlo?"},"content":{"rendered":"<p>El registrador de sitios web de Clixtell es una funci\u00f3n GRATUITA que registra y registra la actividad de los visitantes de su sitio web. La grabadora captura su sitio web como lo ven los usuarios en su dispositivo. Los movimientos del mouse, los clics en los enlaces, el desplazamiento hacia abajo, los rellenos de formularios y m\u00e1s &#8230; son todos registrados y analizados por los algoritmos de Clixtell.<\/p>\n<p>Aunque los algoritmos de protecci\u00f3n contra fraudes de clics de Clixtell analizan las grabaciones en busca de comportamientos no humanos, navegadores falsos, bots, scripts, etc. Puede utilizar las grabaciones para obtener informaci\u00f3n valiosa sobre la experiencia del usuario de su sitio web. Puede ver y corregir errores del sitio web, mostrar problemas con ciertos dispositivos o navegadores, ver qu\u00e9 hace que las personas reboten en su sitio web y qu\u00e9 hacen antes de realizar la conversi\u00f3n. y mucho m\u00e1s.<\/p>\n<p>Para activar la grabadora de sitios web, aseg\u00farese de que el script de seguimiento principal de Clixtell (o el complemento de WordPress) est\u00e9 activo en su sitio web \/ p\u00e1gina de destino.<\/p>\n<ol>\n<li>En su panel de Clixtell, haga clic en \u00abGrabadora web\u00bb<\/li>\n<li>Activa \u00abGrabar sesiones\u00bb<\/li>\n<li>Puede establecer la cantidad de tr\u00e1fico en porcentajes que se registrar\u00e1n. 100% equivale a todo el tr\u00e1fico registrado.<\/li>\n<\/ol>\n<p>* Tenga en cuenta: las suscripciones est\u00e1ndar permiten hasta 10,000 grabaciones de sesiones. Una sesi\u00f3n es el viaje completo del usuario a trav\u00e9s del sitio web y puede constituir varias p\u00e1ginas \/ grabaciones.<\/p>\n<p>Para ver una grabaci\u00f3n, haga clic en el icono \u00abReproducir\u00bb junto a la IP en la p\u00e1gina \u00abTr\u00e1fico\u00bb.<\/p>\n<p>En este momento, las grabaciones no se pueden descargar ni compartir.<\/p>\n","protected":false},"excerpt":{"rendered":"<p>El registrador de sitios web de Clixtell es una funci\u00f3n GRATUITA que registra y registra la actividad de los visitantes de su sitio web. La grabadora captura su sitio web como lo ven los usuarios en su dispositivo. Los movimientos del mouse, los clics en los enlaces, el desplazamiento hacia abajo, los rellenos de formularios [&hellip;]<\/p>\n","protected":false},"author":1,"featured_media":0,"parent":0,"menu_order":0,"comment_status":"closed","ping_status":"closed","template":"","meta":[],"yoast_head":"<!-- This site is optimized with the Yoast SEO plugin v19.9 - https:\/\/yoast.com\/wordpress\/plugins\/seo\/ -->\n<title>\u00bfQu\u00e9 es el Grabador de sitios web y c\u00f3mo usarlo? - Clixtell Support Academy<\/title>\n<meta name=\"robots\" content=\"index, follow, max-snippet:-1, max-image-preview:large, max-video-preview:-1\" \/>\n<link rel=\"canonical\" href=\"https:\/\/54.146.219.34\/es\/que-es-el-grabador-de-sitios-web-y-como-usarlo\/\" \/>\n<meta property=\"og:locale\" content=\"es_ES\" \/>\n<meta property=\"og:type\" content=\"article\" \/>\n<meta property=\"og:title\" content=\"\u00bfQu\u00e9 es el Grabador de sitios web y c\u00f3mo usarlo? - Clixtell Support Academy\" \/>\n<meta property=\"og:description\" content=\"El registrador de sitios web de Clixtell es una funci\u00f3n GRATUITA que registra y registra la actividad de los visitantes de su sitio web. La grabadora captura su sitio web como lo ven los usuarios en su dispositivo. Los movimientos del mouse, los clics en los enlaces, el desplazamiento hacia abajo, los rellenos de formularios [&hellip;]\" \/>\n<meta property=\"og:url\" content=\"https:\/\/54.146.219.34\/es\/que-es-el-grabador-de-sitios-web-y-como-usarlo\/\" \/>\n<meta property=\"og:site_name\" content=\"Clixtell Support Academy\" \/>\n<meta property=\"article:modified_time\" content=\"2020-09-21T07:10:05+00:00\" \/>\n<meta name=\"twitter:card\" content=\"summary_large_image\" \/>\n<meta name=\"twitter:label1\" content=\"Tiempo de lectura\" \/>\n\t<meta name=\"twitter:data1\" content=\"1 minuto\" \/>\n<script type=\"application\/ld+json\" class=\"yoast-schema-graph\">{\"@context\":\"https:\/\/schema.org\",\"@graph\":[{\"@type\":\"WebPage\",\"@id\":\"https:\/\/54.146.219.34\/es\/que-es-el-grabador-de-sitios-web-y-como-usarlo\/\",\"url\":\"https:\/\/54.146.219.34\/es\/que-es-el-grabador-de-sitios-web-y-como-usarlo\/\",\"name\":\"\u00bfQu\u00e9 es el Grabador de sitios web y c\u00f3mo usarlo? - Clixtell Support Academy\",\"isPartOf\":{\"@id\":\"https:\/\/54.146.219.34:443\/#website\"},\"datePublished\":\"2020-09-21T07:09:49+00:00\",\"dateModified\":\"2020-09-21T07:10:05+00:00\",\"breadcrumb\":{\"@id\":\"https:\/\/54.146.219.34\/es\/que-es-el-grabador-de-sitios-web-y-como-usarlo\/#breadcrumb\"},\"inLanguage\":\"es\",\"potentialAction\":[{\"@type\":\"ReadAction\",\"target\":[\"https:\/\/54.146.219.34\/es\/que-es-el-grabador-de-sitios-web-y-como-usarlo\/\"]}]},{\"@type\":\"BreadcrumbList\",\"@id\":\"https:\/\/54.146.219.34\/es\/que-es-el-grabador-de-sitios-web-y-como-usarlo\/#breadcrumb\",\"itemListElement\":[{\"@type\":\"ListItem\",\"position\":1,\"name\":\"Home\",\"item\":\"https:\/\/support.clixtell.com\/es\/\"},{\"@type\":\"ListItem\",\"position\":2,\"name\":\"\u00bfQu\u00e9 es el Grabador de sitios web y c\u00f3mo usarlo?\"}]},{\"@type\":\"WebSite\",\"@id\":\"https:\/\/54.146.219.34:443\/#website\",\"url\":\"https:\/\/54.146.219.34:443\/\",\"name\":\"Clixtell Support Academy\",\"description\":\"\",\"publisher\":{\"@id\":\"https:\/\/54.146.219.34:443\/#organization\"},\"potentialAction\":[{\"@type\":\"SearchAction\",\"target\":{\"@type\":\"EntryPoint\",\"urlTemplate\":\"https:\/\/54.146.219.34:443\/?s={search_term_string}\"},\"query-input\":\"required name=search_term_string\"}],\"inLanguage\":\"es\"},{\"@type\":\"Organization\",\"@id\":\"https:\/\/54.146.219.34:443\/#organization\",\"name\":\"Clixtell Support Academy\",\"url\":\"https:\/\/54.146.219.34:443\/\",\"logo\":{\"@type\":\"ImageObject\",\"inLanguage\":\"es\",\"@id\":\"https:\/\/54.146.219.34:443\/#\/schema\/logo\/image\/\",\"url\":\"https:\/\/support.clixtell.com\/wp-content\/uploads\/2020\/04\/logoc.png\",\"contentUrl\":\"https:\/\/support.clixtell.com\/wp-content\/uploads\/2020\/04\/logoc.png\",\"width\":168,\"height\":43,\"caption\":\"Clixtell Support Academy\"},\"image\":{\"@id\":\"https:\/\/54.146.219.34:443\/#\/schema\/logo\/image\/\"}}]}<\/script>\n<!-- \/ Yoast SEO plugin. -->","yoast_head_json":{"title":"\u00bfQu\u00e9 es el Grabador de sitios web y c\u00f3mo usarlo? - Clixtell Support Academy","robots":{"index":"index","follow":"follow","max-snippet":"max-snippet:-1","max-image-preview":"max-image-preview:large","max-video-preview":"max-video-preview:-1"},"canonical":"https:\/\/54.146.219.34\/es\/que-es-el-grabador-de-sitios-web-y-como-usarlo\/","og_locale":"es_ES","og_type":"article","og_title":"\u00bfQu\u00e9 es el Grabador de sitios web y c\u00f3mo usarlo? - Clixtell Support Academy","og_description":"El registrador de sitios web de Clixtell es una funci\u00f3n GRATUITA que registra y registra la actividad de los visitantes de su sitio web. La grabadora captura su sitio web como lo ven los usuarios en su dispositivo. Los movimientos del mouse, los clics en los enlaces, el desplazamiento hacia abajo, los rellenos de formularios [&hellip;]","og_url":"https:\/\/54.146.219.34\/es\/que-es-el-grabador-de-sitios-web-y-como-usarlo\/","og_site_name":"Clixtell Support Academy","article_modified_time":"2020-09-21T07:10:05+00:00","twitter_card":"summary_large_image","twitter_misc":{"Tiempo de lectura":"1 minuto"},"schema":{"@context":"https:\/\/schema.org","@graph":[{"@type":"WebPage","@id":"https:\/\/54.146.219.34\/es\/que-es-el-grabador-de-sitios-web-y-como-usarlo\/","url":"https:\/\/54.146.219.34\/es\/que-es-el-grabador-de-sitios-web-y-como-usarlo\/","name":"\u00bfQu\u00e9 es el Grabador de sitios web y c\u00f3mo usarlo? - Clixtell Support Academy","isPartOf":{"@id":"https:\/\/54.146.219.34:443\/#website"},"datePublished":"2020-09-21T07:09:49+00:00","dateModified":"2020-09-21T07:10:05+00:00","breadcrumb":{"@id":"https:\/\/54.146.219.34\/es\/que-es-el-grabador-de-sitios-web-y-como-usarlo\/#breadcrumb"},"inLanguage":"es","potentialAction":[{"@type":"ReadAction","target":["https:\/\/54.146.219.34\/es\/que-es-el-grabador-de-sitios-web-y-como-usarlo\/"]}]},{"@type":"BreadcrumbList","@id":"https:\/\/54.146.219.34\/es\/que-es-el-grabador-de-sitios-web-y-como-usarlo\/#breadcrumb","itemListElement":[{"@type":"ListItem","position":1,"name":"Home","item":"https:\/\/support.clixtell.com\/es\/"},{"@type":"ListItem","position":2,"name":"\u00bfQu\u00e9 es el Grabador de sitios web y c\u00f3mo usarlo?"}]},{"@type":"WebSite","@id":"https:\/\/54.146.219.34:443\/#website","url":"https:\/\/54.146.219.34:443\/","name":"Clixtell Support Academy","description":"","publisher":{"@id":"https:\/\/54.146.219.34:443\/#organization"},"potentialAction":[{"@type":"SearchAction","target":{"@type":"EntryPoint","urlTemplate":"https:\/\/54.146.219.34:443\/?s={search_term_string}"},"query-input":"required name=search_term_string"}],"inLanguage":"es"},{"@type":"Organization","@id":"https:\/\/54.146.219.34:443\/#organization","name":"Clixtell Support Academy","url":"https:\/\/54.146.219.34:443\/","logo":{"@type":"ImageObject","inLanguage":"es","@id":"https:\/\/54.146.219.34:443\/#\/schema\/logo\/image\/","url":"https:\/\/support.clixtell.com\/wp-content\/uploads\/2020\/04\/logoc.png","contentUrl":"https:\/\/support.clixtell.com\/wp-content\/uploads\/2020\/04\/logoc.png","width":168,"height":43,"caption":"Clixtell Support Academy"},"image":{"@id":"https:\/\/54.146.219.34:443\/#\/schema\/logo\/image\/"}}]}},"_links":{"self":[{"href":"https:\/\/support.clixtell.com\/es\/wp-json\/wp\/v2\/pages\/584"}],"collection":[{"href":"https:\/\/support.clixtell.com\/es\/wp-json\/wp\/v2\/pages"}],"about":[{"href":"https:\/\/support.clixtell.com\/es\/wp-json\/wp\/v2\/types\/page"}],"author":[{"embeddable":true,"href":"https:\/\/support.clixtell.com\/es\/wp-json\/wp\/v2\/users\/1"}],"replies":[{"embeddable":true,"href":"https:\/\/support.clixtell.com\/es\/wp-json\/wp\/v2\/comments?post=584"}],"version-history":[{"count":1,"href":"https:\/\/support.clixtell.com\/es\/wp-json\/wp\/v2\/pages\/584\/revisions"}],"predecessor-version":[{"id":596,"href":"https:\/\/support.clixtell.com\/es\/wp-json\/wp\/v2\/pages\/584\/revisions\/596"}],"wp:attachment":[{"href":"https:\/\/support.clixtell.com\/es\/wp-json\/wp\/v2\/media?parent=584"}],"curies":[{"name":"wp","href":"https:\/\/api.w.org\/{rel}","templated":true}]}}