{"id":583,"date":"2020-09-21T07:09:43","date_gmt":"2020-09-21T07:09:43","guid":{"rendered":"https:\/\/support.clixtell.com\/como-descargar-un-informe-de-fraude-por-clic\/"},"modified":"2020-09-21T07:09:43","modified_gmt":"2020-09-21T07:09:43","slug":"como-descargar-un-informe-de-fraude-por-clic","status":"publish","type":"page","link":"https:\/\/support.clixtell.com\/es\/como-descargar-un-informe-de-fraude-por-clic\/","title":{"rendered":"C\u00f3mo descargar un informe de fraude por clic"},"content":{"rendered":"<p>El informe detallado de fraude de clics de Clixtell contiene todos los datos relacionados con el fraude de clics en una hoja de c\u00e1lculo de Excel. Los datos est\u00e1n organizados de una manera que facilita a los equipos de Google revisarlos y validar cualquier intento de fraude por clic. Contiene las ID de clic originales de Google, las direcciones IP y el desglose del dispositivo, los datos geogr\u00e1ficos, el tiempo en la p\u00e1gina y otros datos valiosos.<\/p>\n<p>Aunque Google permite una investigaci\u00f3n manual de fraude por clic una vez cada 60 d\u00edas, el informe est\u00e1 disponible para descargar en cualquier momento:<\/p>\n<ol>\n<li>En su panel, vaya a la p\u00e1gina \u00abTr\u00e1fico\u00bb en el men\u00fa de la izquierda.<\/li>\n<li>Seleccione el rango de fechas y los dominios para los que desea obtener los datos<\/li>\n<li>Debajo del gr\u00e1fico principal, en el lado derecho, haga clic en el bot\u00f3n \u00abExcel\u00bb.<\/li>\n<li>Seleccione \u00abInforme de Google Ads\u00bb o \u00abInforme de Bing Ads\u00bb.<\/li>\n<\/ol>\n<p>El informe se descargar\u00e1 en su carpeta de Descargas local.<\/p>\n<p>Leer m\u00e1s sobre c\u00f3mo <a href=\"https:\/\/www.clixtell.com\/click-fraud-investigation\"> Presentar una reclamaci\u00f3n por fraude por clic con Google aqu\u00ed. <\/a> .<\/p>\n","protected":false},"excerpt":{"rendered":"<p>El informe detallado de fraude de clics de Clixtell contiene todos los datos relacionados con el fraude de clics en una hoja de c\u00e1lculo de Excel. Los datos est\u00e1n organizados de una manera que facilita a los equipos de Google revisarlos y validar cualquier intento de fraude por clic. Contiene las ID de clic originales [&hellip;]<\/p>\n","protected":false},"author":1,"featured_media":0,"parent":0,"menu_order":0,"comment_status":"closed","ping_status":"closed","template":"","meta":[],"yoast_head":"<!-- This site is optimized with the Yoast SEO plugin v19.9 - https:\/\/yoast.com\/wordpress\/plugins\/seo\/ -->\n<title>C\u00f3mo descargar un informe de fraude por clic - Clixtell Support Academy<\/title>\n<meta name=\"robots\" content=\"index, follow, max-snippet:-1, max-image-preview:large, max-video-preview:-1\" \/>\n<link rel=\"canonical\" href=\"https:\/\/54.146.219.34\/es\/como-descargar-un-informe-de-fraude-por-clic\/\" \/>\n<meta property=\"og:locale\" content=\"es_ES\" \/>\n<meta property=\"og:type\" content=\"article\" \/>\n<meta property=\"og:title\" content=\"C\u00f3mo descargar un informe de fraude por clic - Clixtell Support Academy\" \/>\n<meta property=\"og:description\" content=\"El informe detallado de fraude de clics de Clixtell contiene todos los datos relacionados con el fraude de clics en una hoja de c\u00e1lculo de Excel. Los datos est\u00e1n organizados de una manera que facilita a los equipos de Google revisarlos y validar cualquier intento de fraude por clic. Contiene las ID de clic originales [&hellip;]\" \/>\n<meta property=\"og:url\" content=\"https:\/\/54.146.219.34\/es\/como-descargar-un-informe-de-fraude-por-clic\/\" \/>\n<meta property=\"og:site_name\" content=\"Clixtell Support Academy\" \/>\n<meta name=\"twitter:card\" content=\"summary_large_image\" \/>\n<meta name=\"twitter:label1\" content=\"Tiempo de lectura\" \/>\n\t<meta name=\"twitter:data1\" content=\"1 minuto\" \/>\n<script type=\"application\/ld+json\" class=\"yoast-schema-graph\">{\"@context\":\"https:\/\/schema.org\",\"@graph\":[{\"@type\":\"WebPage\",\"@id\":\"https:\/\/54.146.219.34\/es\/como-descargar-un-informe-de-fraude-por-clic\/\",\"url\":\"https:\/\/54.146.219.34\/es\/como-descargar-un-informe-de-fraude-por-clic\/\",\"name\":\"C\u00f3mo descargar un informe de fraude por clic - Clixtell Support Academy\",\"isPartOf\":{\"@id\":\"https:\/\/54.146.219.34:443\/#website\"},\"datePublished\":\"2020-09-21T07:09:43+00:00\",\"dateModified\":\"2020-09-21T07:09:43+00:00\",\"breadcrumb\":{\"@id\":\"https:\/\/54.146.219.34\/es\/como-descargar-un-informe-de-fraude-por-clic\/#breadcrumb\"},\"inLanguage\":\"es\",\"potentialAction\":[{\"@type\":\"ReadAction\",\"target\":[\"https:\/\/54.146.219.34\/es\/como-descargar-un-informe-de-fraude-por-clic\/\"]}]},{\"@type\":\"BreadcrumbList\",\"@id\":\"https:\/\/54.146.219.34\/es\/como-descargar-un-informe-de-fraude-por-clic\/#breadcrumb\",\"itemListElement\":[{\"@type\":\"ListItem\",\"position\":1,\"name\":\"Home\",\"item\":\"https:\/\/support.clixtell.com\/es\/\"},{\"@type\":\"ListItem\",\"position\":2,\"name\":\"C\u00f3mo descargar un informe de fraude por clic\"}]},{\"@type\":\"WebSite\",\"@id\":\"https:\/\/54.146.219.34:443\/#website\",\"url\":\"https:\/\/54.146.219.34:443\/\",\"name\":\"Clixtell Support Academy\",\"description\":\"\",\"publisher\":{\"@id\":\"https:\/\/54.146.219.34:443\/#organization\"},\"potentialAction\":[{\"@type\":\"SearchAction\",\"target\":{\"@type\":\"EntryPoint\",\"urlTemplate\":\"https:\/\/54.146.219.34:443\/?s={search_term_string}\"},\"query-input\":\"required name=search_term_string\"}],\"inLanguage\":\"es\"},{\"@type\":\"Organization\",\"@id\":\"https:\/\/54.146.219.34:443\/#organization\",\"name\":\"Clixtell Support Academy\",\"url\":\"https:\/\/54.146.219.34:443\/\",\"logo\":{\"@type\":\"ImageObject\",\"inLanguage\":\"es\",\"@id\":\"https:\/\/54.146.219.34:443\/#\/schema\/logo\/image\/\",\"url\":\"https:\/\/support.clixtell.com\/wp-content\/uploads\/2020\/04\/logoc.png\",\"contentUrl\":\"https:\/\/support.clixtell.com\/wp-content\/uploads\/2020\/04\/logoc.png\",\"width\":168,\"height\":43,\"caption\":\"Clixtell Support Academy\"},\"image\":{\"@id\":\"https:\/\/54.146.219.34:443\/#\/schema\/logo\/image\/\"}}]}<\/script>\n<!-- \/ Yoast SEO plugin. -->","yoast_head_json":{"title":"C\u00f3mo descargar un informe de fraude por clic - Clixtell Support Academy","robots":{"index":"index","follow":"follow","max-snippet":"max-snippet:-1","max-image-preview":"max-image-preview:large","max-video-preview":"max-video-preview:-1"},"canonical":"https:\/\/54.146.219.34\/es\/como-descargar-un-informe-de-fraude-por-clic\/","og_locale":"es_ES","og_type":"article","og_title":"C\u00f3mo descargar un informe de fraude por clic - Clixtell Support Academy","og_description":"El informe detallado de fraude de clics de Clixtell contiene todos los datos relacionados con el fraude de clics en una hoja de c\u00e1lculo de Excel. Los datos est\u00e1n organizados de una manera que facilita a los equipos de Google revisarlos y validar cualquier intento de fraude por clic. Contiene las ID de clic originales [&hellip;]","og_url":"https:\/\/54.146.219.34\/es\/como-descargar-un-informe-de-fraude-por-clic\/","og_site_name":"Clixtell Support Academy","twitter_card":"summary_large_image","twitter_misc":{"Tiempo de lectura":"1 minuto"},"schema":{"@context":"https:\/\/schema.org","@graph":[{"@type":"WebPage","@id":"https:\/\/54.146.219.34\/es\/como-descargar-un-informe-de-fraude-por-clic\/","url":"https:\/\/54.146.219.34\/es\/como-descargar-un-informe-de-fraude-por-clic\/","name":"C\u00f3mo descargar un informe de fraude por clic - Clixtell Support Academy","isPartOf":{"@id":"https:\/\/54.146.219.34:443\/#website"},"datePublished":"2020-09-21T07:09:43+00:00","dateModified":"2020-09-21T07:09:43+00:00","breadcrumb":{"@id":"https:\/\/54.146.219.34\/es\/como-descargar-un-informe-de-fraude-por-clic\/#breadcrumb"},"inLanguage":"es","potentialAction":[{"@type":"ReadAction","target":["https:\/\/54.146.219.34\/es\/como-descargar-un-informe-de-fraude-por-clic\/"]}]},{"@type":"BreadcrumbList","@id":"https:\/\/54.146.219.34\/es\/como-descargar-un-informe-de-fraude-por-clic\/#breadcrumb","itemListElement":[{"@type":"ListItem","position":1,"name":"Home","item":"https:\/\/support.clixtell.com\/es\/"},{"@type":"ListItem","position":2,"name":"C\u00f3mo descargar un informe de fraude por clic"}]},{"@type":"WebSite","@id":"https:\/\/54.146.219.34:443\/#website","url":"https:\/\/54.146.219.34:443\/","name":"Clixtell Support Academy","description":"","publisher":{"@id":"https:\/\/54.146.219.34:443\/#organization"},"potentialAction":[{"@type":"SearchAction","target":{"@type":"EntryPoint","urlTemplate":"https:\/\/54.146.219.34:443\/?s={search_term_string}"},"query-input":"required name=search_term_string"}],"inLanguage":"es"},{"@type":"Organization","@id":"https:\/\/54.146.219.34:443\/#organization","name":"Clixtell Support Academy","url":"https:\/\/54.146.219.34:443\/","logo":{"@type":"ImageObject","inLanguage":"es","@id":"https:\/\/54.146.219.34:443\/#\/schema\/logo\/image\/","url":"https:\/\/support.clixtell.com\/wp-content\/uploads\/2020\/04\/logoc.png","contentUrl":"https:\/\/support.clixtell.com\/wp-content\/uploads\/2020\/04\/logoc.png","width":168,"height":43,"caption":"Clixtell Support Academy"},"image":{"@id":"https:\/\/54.146.219.34:443\/#\/schema\/logo\/image\/"}}]}},"_links":{"self":[{"href":"https:\/\/support.clixtell.com\/es\/wp-json\/wp\/v2\/pages\/583"}],"collection":[{"href":"https:\/\/support.clixtell.com\/es\/wp-json\/wp\/v2\/pages"}],"about":[{"href":"https:\/\/support.clixtell.com\/es\/wp-json\/wp\/v2\/types\/page"}],"author":[{"embeddable":true,"href":"https:\/\/support.clixtell.com\/es\/wp-json\/wp\/v2\/users\/1"}],"replies":[{"embeddable":true,"href":"https:\/\/support.clixtell.com\/es\/wp-json\/wp\/v2\/comments?post=583"}],"version-history":[{"count":0,"href":"https:\/\/support.clixtell.com\/es\/wp-json\/wp\/v2\/pages\/583\/revisions"}],"wp:attachment":[{"href":"https:\/\/support.clixtell.com\/es\/wp-json\/wp\/v2\/media?parent=583"}],"curies":[{"name":"wp","href":"https:\/\/api.w.org\/{rel}","templated":true}]}}