{"id":564,"date":"2020-09-21T07:06:10","date_gmt":"2020-09-21T07:06:10","guid":{"rendered":"https:\/\/support.clixtell.com\/como-activar-el-seguimiento-de-bing-ads\/"},"modified":"2020-09-21T07:06:12","modified_gmt":"2020-09-21T07:06:12","slug":"como-activar-el-seguimiento-de-bing-ads","status":"publish","type":"page","link":"https:\/\/support.clixtell.com\/es\/como-activar-el-seguimiento-de-bing-ads\/","title":{"rendered":"C\u00f3mo activar el seguimiento de Bing Ads"},"content":{"rendered":"&#13;\n<p>Para activar el seguimiento de Bing Ads, primero aseg\u00farese de que su sitio web o p\u00e1gina de destino contenga <a href=\"https:\/\/support.clixtell.com\/es\/como-incrustar-los-scripts-de-seguimiento-de-clixtell\/\"> C\u00f3digo de seguimiento de Clixtell <\/a> . Tambi\u00e9n puede verificar esto a trav\u00e9s de la p\u00e1gina Scripts e integraciones de los paneles en el bot\u00f3n \u00abVerificar\u00bb.<\/p>&#13;\n&#13;\n<p>1. En Bing Ads, haga clic en el icono \u00abConfiguraci\u00f3n\u00bb en la parte superior derecha.<\/p>&#13;\n<p><img decoding=\"async\" loading=\"lazy\" class=\"alignnone wp-image-165 size-full\" src=\"https:\/\/support.clixtell.com\/wp-content\/uploads\/2020\/06\/Annotation-2020-06-09-031424.png\" alt=\"Bing Ads Settings\" width=\"2256\" height=\"1306\" srcset=\"https:\/\/support.clixtell.com\/wp-content\/uploads\/2020\/06\/Annotation-2020-06-09-031424.png 2256w, https:\/\/support.clixtell.com\/wp-content\/uploads\/2020\/06\/Annotation-2020-06-09-031424-300x174.png 300w, https:\/\/support.clixtell.com\/wp-content\/uploads\/2020\/06\/Annotation-2020-06-09-031424-1024x593.png 1024w, https:\/\/support.clixtell.com\/wp-content\/uploads\/2020\/06\/Annotation-2020-06-09-031424-768x445.png 768w, https:\/\/support.clixtell.com\/wp-content\/uploads\/2020\/06\/Annotation-2020-06-09-031424-1536x889.png 1536w, https:\/\/support.clixtell.com\/wp-content\/uploads\/2020\/06\/Annotation-2020-06-09-031424-2048x1186.png 2048w, https:\/\/support.clixtell.com\/wp-content\/uploads\/2020\/06\/Annotation-2020-06-09-031424-1200x695.png 1200w, https:\/\/support.clixtell.com\/wp-content\/uploads\/2020\/06\/Annotation-2020-06-09-031424-1980x1146.png 1980w\" sizes=\"(max-width: 2256px) 100vw, 2256px\" \/><\/p>&#13;\n<p>2. Haga clic en \u00abConfiguraci\u00f3n\u00bb.<\/p>&#13;\n<p><img decoding=\"async\" loading=\"lazy\" class=\"alignnone size-full wp-image-167\" src=\"https:\/\/support.clixtell.com\/wp-content\/uploads\/2020\/06\/Annotation-2020-06-09-032832.png\" alt=\"\" width=\"2256\" height=\"1315\" srcset=\"https:\/\/support.clixtell.com\/wp-content\/uploads\/2020\/06\/Annotation-2020-06-09-032832.png 2256w, https:\/\/support.clixtell.com\/wp-content\/uploads\/2020\/06\/Annotation-2020-06-09-032832-300x175.png 300w, https:\/\/support.clixtell.com\/wp-content\/uploads\/2020\/06\/Annotation-2020-06-09-032832-1024x597.png 1024w, https:\/\/support.clixtell.com\/wp-content\/uploads\/2020\/06\/Annotation-2020-06-09-032832-768x448.png 768w, https:\/\/support.clixtell.com\/wp-content\/uploads\/2020\/06\/Annotation-2020-06-09-032832-1536x895.png 1536w, https:\/\/support.clixtell.com\/wp-content\/uploads\/2020\/06\/Annotation-2020-06-09-032832-2048x1194.png 2048w, https:\/\/support.clixtell.com\/wp-content\/uploads\/2020\/06\/Annotation-2020-06-09-032832-1200x699.png 1200w, https:\/\/support.clixtell.com\/wp-content\/uploads\/2020\/06\/Annotation-2020-06-09-032832-1980x1154.png 1980w\" sizes=\"(max-width: 2256px) 100vw, 2256px\" \/><\/p>&#13;\n&#13;\n<p>2. Haga clic en \u00abConfiguraci\u00f3n de la cuenta\u00bb en el men\u00fa de la izquierda.<\/p>&#13;\n<p><img decoding=\"async\" loading=\"lazy\" class=\"alignnone size-full wp-image-171\" src=\"https:\/\/support.clixtell.com\/wp-content\/uploads\/2020\/06\/Annotation-2020-06-09-0333332.png\" alt=\"bing ads click fraud protection\" width=\"2256\" height=\"1338\" srcset=\"https:\/\/support.clixtell.com\/wp-content\/uploads\/2020\/06\/Annotation-2020-06-09-0333332.png 2256w, https:\/\/support.clixtell.com\/wp-content\/uploads\/2020\/06\/Annotation-2020-06-09-0333332-300x178.png 300w, https:\/\/support.clixtell.com\/wp-content\/uploads\/2020\/06\/Annotation-2020-06-09-0333332-1024x607.png 1024w, https:\/\/support.clixtell.com\/wp-content\/uploads\/2020\/06\/Annotation-2020-06-09-0333332-768x455.png 768w, https:\/\/support.clixtell.com\/wp-content\/uploads\/2020\/06\/Annotation-2020-06-09-0333332-1536x911.png 1536w, https:\/\/support.clixtell.com\/wp-content\/uploads\/2020\/06\/Annotation-2020-06-09-0333332-2048x1215.png 2048w, https:\/\/support.clixtell.com\/wp-content\/uploads\/2020\/06\/Annotation-2020-06-09-0333332-1200x712.png 1200w, https:\/\/support.clixtell.com\/wp-content\/uploads\/2020\/06\/Annotation-2020-06-09-0333332-1980x1174.png 1980w\" sizes=\"(max-width: 2256px) 100vw, 2256px\" \/><\/p>&#13;\n<p>3. Haga clic en \u00abEditar configuraci\u00f3n de la cuenta\u00bb.<\/p>&#13;\n<p>4. En \u00abEtiquetado autom\u00e1tico\u00bb, marque la casilla junto a \u00abAgregar etiquetas UTM a mis URL de destino\u00bb. Si tiene etiquetas UTM existentes en sus campa\u00f1as, seleccione \u00abMantener &#8230;\u00bb. De lo contrario, seleccione \u00abReemplazar &#8230;\u00bb y haga clic en \u00abGuardar\u00bb.<\/p>&#13;\n<p><img decoding=\"async\" loading=\"lazy\" class=\"alignnone size-full wp-image-168\" src=\"https:\/\/support.clixtell.com\/wp-content\/uploads\/2020\/06\/Annotation-2020-06-09-0333322.png\" alt=\"\" width=\"2256\" height=\"1338\" srcset=\"https:\/\/support.clixtell.com\/wp-content\/uploads\/2020\/06\/Annotation-2020-06-09-0333322.png 2256w, https:\/\/support.clixtell.com\/wp-content\/uploads\/2020\/06\/Annotation-2020-06-09-0333322-300x178.png 300w, https:\/\/support.clixtell.com\/wp-content\/uploads\/2020\/06\/Annotation-2020-06-09-0333322-1024x607.png 1024w, https:\/\/support.clixtell.com\/wp-content\/uploads\/2020\/06\/Annotation-2020-06-09-0333322-768x455.png 768w, https:\/\/support.clixtell.com\/wp-content\/uploads\/2020\/06\/Annotation-2020-06-09-0333322-1536x911.png 1536w, https:\/\/support.clixtell.com\/wp-content\/uploads\/2020\/06\/Annotation-2020-06-09-0333322-2048x1215.png 2048w, https:\/\/support.clixtell.com\/wp-content\/uploads\/2020\/06\/Annotation-2020-06-09-0333322-1200x712.png 1200w, https:\/\/support.clixtell.com\/wp-content\/uploads\/2020\/06\/Annotation-2020-06-09-0333322-1980x1174.png 1980w\" sizes=\"(max-width: 2256px) 100vw, 2256px\" \/><\/p>&#13;\n<p>Todos los clics de Bing Ads comenzar\u00e1n a aparecer en su panel en \u00abTr\u00e1fico\u00bb. Puede descargar un informe detallado de Excel \/ CSV que contiene todos sus datos de clics de Bing Ads en cualquier momento haciendo clic en el bot\u00f3n de Excel debajo del gr\u00e1fico y seleccionando \u00abInforme de Bing Ads\u00bb.<\/p>&#13;\n<p>Su lista negra de Bing Ads (limitada a 100 bloques de IP por Bing) siempre est\u00e1 en \u00abAdministraci\u00f3n de IP\u00bb. <\/p>&#13;\n","protected":false},"excerpt":{"rendered":"<p>&#13; Para activar el seguimiento de Bing Ads, primero aseg\u00farese de que su sitio web o p\u00e1gina de destino contenga C\u00f3digo de seguimiento de Clixtell . Tambi\u00e9n puede verificar esto a trav\u00e9s de la p\u00e1gina Scripts e integraciones de los paneles en el bot\u00f3n \u00abVerificar\u00bb. &#13; &#13; 1. En Bing Ads, haga clic en el [&hellip;]<\/p>\n","protected":false},"author":1,"featured_media":0,"parent":0,"menu_order":0,"comment_status":"closed","ping_status":"closed","template":"","meta":[],"yoast_head":"<!-- This site is optimized with the Yoast SEO plugin v19.9 - https:\/\/yoast.com\/wordpress\/plugins\/seo\/ -->\n<title>C\u00f3mo activar el seguimiento de Bing Ads - Clixtell Support Academy<\/title>\n<meta name=\"robots\" content=\"index, follow, max-snippet:-1, max-image-preview:large, max-video-preview:-1\" \/>\n<link rel=\"canonical\" href=\"https:\/\/54.146.219.34\/es\/como-activar-el-seguimiento-de-bing-ads\/\" \/>\n<meta property=\"og:locale\" content=\"es_ES\" \/>\n<meta property=\"og:type\" content=\"article\" \/>\n<meta property=\"og:title\" content=\"C\u00f3mo activar el seguimiento de Bing Ads - Clixtell Support Academy\" \/>\n<meta property=\"og:description\" content=\"&#013; Para activar el seguimiento de Bing Ads, primero aseg\u00farese de que su sitio web o p\u00e1gina de destino contenga C\u00f3digo de seguimiento de Clixtell . Tambi\u00e9n puede verificar esto a trav\u00e9s de la p\u00e1gina Scripts e integraciones de los paneles en el bot\u00f3n \u00abVerificar\u00bb. &#013; &#013; 1. En Bing Ads, haga clic en el [&hellip;]\" \/>\n<meta property=\"og:url\" content=\"https:\/\/54.146.219.34\/es\/como-activar-el-seguimiento-de-bing-ads\/\" \/>\n<meta property=\"og:site_name\" content=\"Clixtell Support Academy\" \/>\n<meta property=\"article:modified_time\" content=\"2020-09-21T07:06:12+00:00\" \/>\n<meta property=\"og:image\" content=\"https:\/\/support.clixtell.com\/wp-content\/uploads\/2020\/06\/Annotation-2020-06-09-031424.png\" \/>\n<meta name=\"twitter:card\" content=\"summary_large_image\" \/>\n<meta name=\"twitter:label1\" content=\"Tiempo de lectura\" \/>\n\t<meta name=\"twitter:data1\" content=\"1 minuto\" \/>\n<script type=\"application\/ld+json\" class=\"yoast-schema-graph\">{\"@context\":\"https:\/\/schema.org\",\"@graph\":[{\"@type\":\"WebPage\",\"@id\":\"https:\/\/54.146.219.34\/es\/como-activar-el-seguimiento-de-bing-ads\/\",\"url\":\"https:\/\/54.146.219.34\/es\/como-activar-el-seguimiento-de-bing-ads\/\",\"name\":\"C\u00f3mo activar el seguimiento de Bing Ads - Clixtell Support Academy\",\"isPartOf\":{\"@id\":\"https:\/\/54.146.219.34:443\/#website\"},\"datePublished\":\"2020-09-21T07:06:10+00:00\",\"dateModified\":\"2020-09-21T07:06:12+00:00\",\"breadcrumb\":{\"@id\":\"https:\/\/54.146.219.34\/es\/como-activar-el-seguimiento-de-bing-ads\/#breadcrumb\"},\"inLanguage\":\"es\",\"potentialAction\":[{\"@type\":\"ReadAction\",\"target\":[\"https:\/\/54.146.219.34\/es\/como-activar-el-seguimiento-de-bing-ads\/\"]}]},{\"@type\":\"BreadcrumbList\",\"@id\":\"https:\/\/54.146.219.34\/es\/como-activar-el-seguimiento-de-bing-ads\/#breadcrumb\",\"itemListElement\":[{\"@type\":\"ListItem\",\"position\":1,\"name\":\"Home\",\"item\":\"https:\/\/support.clixtell.com\/es\/\"},{\"@type\":\"ListItem\",\"position\":2,\"name\":\"C\u00f3mo activar el seguimiento de Bing Ads\"}]},{\"@type\":\"WebSite\",\"@id\":\"https:\/\/54.146.219.34:443\/#website\",\"url\":\"https:\/\/54.146.219.34:443\/\",\"name\":\"Clixtell Support Academy\",\"description\":\"\",\"publisher\":{\"@id\":\"https:\/\/54.146.219.34:443\/#organization\"},\"potentialAction\":[{\"@type\":\"SearchAction\",\"target\":{\"@type\":\"EntryPoint\",\"urlTemplate\":\"https:\/\/54.146.219.34:443\/?s={search_term_string}\"},\"query-input\":\"required name=search_term_string\"}],\"inLanguage\":\"es\"},{\"@type\":\"Organization\",\"@id\":\"https:\/\/54.146.219.34:443\/#organization\",\"name\":\"Clixtell Support Academy\",\"url\":\"https:\/\/54.146.219.34:443\/\",\"logo\":{\"@type\":\"ImageObject\",\"inLanguage\":\"es\",\"@id\":\"https:\/\/54.146.219.34:443\/#\/schema\/logo\/image\/\",\"url\":\"https:\/\/support.clixtell.com\/wp-content\/uploads\/2020\/04\/logoc.png\",\"contentUrl\":\"https:\/\/support.clixtell.com\/wp-content\/uploads\/2020\/04\/logoc.png\",\"width\":168,\"height\":43,\"caption\":\"Clixtell Support Academy\"},\"image\":{\"@id\":\"https:\/\/54.146.219.34:443\/#\/schema\/logo\/image\/\"}}]}<\/script>\n<!-- \/ Yoast SEO plugin. -->","yoast_head_json":{"title":"C\u00f3mo activar el seguimiento de Bing Ads - Clixtell Support Academy","robots":{"index":"index","follow":"follow","max-snippet":"max-snippet:-1","max-image-preview":"max-image-preview:large","max-video-preview":"max-video-preview:-1"},"canonical":"https:\/\/54.146.219.34\/es\/como-activar-el-seguimiento-de-bing-ads\/","og_locale":"es_ES","og_type":"article","og_title":"C\u00f3mo activar el seguimiento de Bing Ads - Clixtell Support Academy","og_description":"&#13; Para activar el seguimiento de Bing Ads, primero aseg\u00farese de que su sitio web o p\u00e1gina de destino contenga C\u00f3digo de seguimiento de Clixtell . Tambi\u00e9n puede verificar esto a trav\u00e9s de la p\u00e1gina Scripts e integraciones de los paneles en el bot\u00f3n \u00abVerificar\u00bb. &#13; &#13; 1. En Bing Ads, haga clic en el [&hellip;]","og_url":"https:\/\/54.146.219.34\/es\/como-activar-el-seguimiento-de-bing-ads\/","og_site_name":"Clixtell Support Academy","article_modified_time":"2020-09-21T07:06:12+00:00","og_image":[{"url":"https:\/\/support.clixtell.com\/wp-content\/uploads\/2020\/06\/Annotation-2020-06-09-031424.png"}],"twitter_card":"summary_large_image","twitter_misc":{"Tiempo de lectura":"1 minuto"},"schema":{"@context":"https:\/\/schema.org","@graph":[{"@type":"WebPage","@id":"https:\/\/54.146.219.34\/es\/como-activar-el-seguimiento-de-bing-ads\/","url":"https:\/\/54.146.219.34\/es\/como-activar-el-seguimiento-de-bing-ads\/","name":"C\u00f3mo activar el seguimiento de Bing Ads - Clixtell Support Academy","isPartOf":{"@id":"https:\/\/54.146.219.34:443\/#website"},"datePublished":"2020-09-21T07:06:10+00:00","dateModified":"2020-09-21T07:06:12+00:00","breadcrumb":{"@id":"https:\/\/54.146.219.34\/es\/como-activar-el-seguimiento-de-bing-ads\/#breadcrumb"},"inLanguage":"es","potentialAction":[{"@type":"ReadAction","target":["https:\/\/54.146.219.34\/es\/como-activar-el-seguimiento-de-bing-ads\/"]}]},{"@type":"BreadcrumbList","@id":"https:\/\/54.146.219.34\/es\/como-activar-el-seguimiento-de-bing-ads\/#breadcrumb","itemListElement":[{"@type":"ListItem","position":1,"name":"Home","item":"https:\/\/support.clixtell.com\/es\/"},{"@type":"ListItem","position":2,"name":"C\u00f3mo activar el seguimiento de Bing Ads"}]},{"@type":"WebSite","@id":"https:\/\/54.146.219.34:443\/#website","url":"https:\/\/54.146.219.34:443\/","name":"Clixtell Support Academy","description":"","publisher":{"@id":"https:\/\/54.146.219.34:443\/#organization"},"potentialAction":[{"@type":"SearchAction","target":{"@type":"EntryPoint","urlTemplate":"https:\/\/54.146.219.34:443\/?s={search_term_string}"},"query-input":"required name=search_term_string"}],"inLanguage":"es"},{"@type":"Organization","@id":"https:\/\/54.146.219.34:443\/#organization","name":"Clixtell Support Academy","url":"https:\/\/54.146.219.34:443\/","logo":{"@type":"ImageObject","inLanguage":"es","@id":"https:\/\/54.146.219.34:443\/#\/schema\/logo\/image\/","url":"https:\/\/support.clixtell.com\/wp-content\/uploads\/2020\/04\/logoc.png","contentUrl":"https:\/\/support.clixtell.com\/wp-content\/uploads\/2020\/04\/logoc.png","width":168,"height":43,"caption":"Clixtell Support Academy"},"image":{"@id":"https:\/\/54.146.219.34:443\/#\/schema\/logo\/image\/"}}]}},"_links":{"self":[{"href":"https:\/\/support.clixtell.com\/es\/wp-json\/wp\/v2\/pages\/564"}],"collection":[{"href":"https:\/\/support.clixtell.com\/es\/wp-json\/wp\/v2\/pages"}],"about":[{"href":"https:\/\/support.clixtell.com\/es\/wp-json\/wp\/v2\/types\/page"}],"author":[{"embeddable":true,"href":"https:\/\/support.clixtell.com\/es\/wp-json\/wp\/v2\/users\/1"}],"replies":[{"embeddable":true,"href":"https:\/\/support.clixtell.com\/es\/wp-json\/wp\/v2\/comments?post=564"}],"version-history":[{"count":3,"href":"https:\/\/support.clixtell.com\/es\/wp-json\/wp\/v2\/pages\/564\/revisions"}],"predecessor-version":[{"id":582,"href":"https:\/\/support.clixtell.com\/es\/wp-json\/wp\/v2\/pages\/564\/revisions\/582"}],"wp:attachment":[{"href":"https:\/\/support.clixtell.com\/es\/wp-json\/wp\/v2\/media?parent=564"}],"curies":[{"name":"wp","href":"https:\/\/api.w.org\/{rel}","templated":true}]}}