{"id":563,"date":"2020-09-21T07:06:10","date_gmt":"2020-09-21T07:06:10","guid":{"rendered":"https:\/\/support.clixtell.com\/cuantos-numeros-de-telefono-necesito\/"},"modified":"2020-09-21T07:06:10","modified_gmt":"2020-09-21T07:06:10","slug":"cuantos-numeros-de-telefono-necesito","status":"publish","type":"page","link":"https:\/\/support.clixtell.com\/es\/cuantos-numeros-de-telefono-necesito\/","title":{"rendered":"\u00bfCu\u00e1ntos n\u00fameros de tel\u00e9fono necesito?"},"content":{"rendered":"<p>Seg\u00fan sus necesidades de marketing, puede utilizar un n\u00famero de tel\u00e9fono o cientos de n\u00fameros de tel\u00e9fono en una cuenta de Clixtell. Puede organizar sus n\u00fameros de tel\u00e9fono en \u00abPools\u00bb de n\u00fameros, grupos de n\u00fameros que se nombran para que tengan sentido para usted. Esta gu\u00eda analizar\u00e1 las diferentes opciones de configuraci\u00f3n para configurar el seguimiento de llamadas adecuado para su empresa.<\/p>\n<h4>Seguimiento est\u00e1tico<\/h4>\n<p>Un grupo est\u00e1tico contiene al menos 1 n\u00famero de tel\u00e9fono. Puede usar el n\u00famero en cualquier lugar que desee, por ejemplo, su sitio web o un anuncio en un peri\u00f3dico. Puede asignar un n\u00famero de seguimiento para toda su actividad digital y medir los resultados junto con registros de datos de llamadas detallados para cada llamada.<\/p>\n<p>Si es una agencia de marketing, es posible que desee asignar un n\u00famero de tel\u00e9fono de seguimiento para cada cliente y utilizarlo en toda la campa\u00f1a. Al medir las conversiones de llamadas, podr\u00e1 enviar al cliente un informe completo y detallado de los resultados de las llamadas que las campa\u00f1as han generado para \u00e9l.<\/p>\n<p>Puede asignar un n\u00famero de tel\u00e9fono \u00abest\u00e1tico\u00bb a un canal de marketing para rastrear todas las llamadas desde \u00e9l, por ejemplo, un n\u00famero de tel\u00e9fono para su p\u00e1gina de Facebook y un n\u00famero diferente para su sitio web. Al usar diferentes n\u00fameros de tel\u00e9fono en diferentes canales de medios, podr\u00e1 medir los resultados (en llamadas telef\u00f3nicas) de ese canal en particular.<\/p>\n<h4>Inserci\u00f3n din\u00e1mica de sitios web<\/h4>\n<p>Clixtell puede realizar el proceso anterior autom\u00e1ticamente por usted, en su sitio web. Al asignar un \u00abGrupo din\u00e1mico\u00bb, podr\u00e1 realizar un seguimiento de todas las llamadas al sitio web que se originan en las fuentes que seleccione: Google Ads, Bing Ads, Social, Organic, Direct, etc.<\/p>\n<p>El sistema hace esto asignando un n\u00famero de tel\u00e9fono diferente del grupo a cada usuario y adjuntando datos valiosos de clics a las llamadas a ese n\u00famero. Esto permite muchos beneficios avanzados de seguimiento de llamadas:<\/p>\n<ol>\n<li>Atribuya cada llamada a un clic con datos de canales, palabras clave, anuncios y campa\u00f1as.<\/li>\n<li>Obtenga transparencia sobre qu\u00e9 canales y clics generan llamadas y cu\u00e1les no.<\/li>\n<li>Informe los datos de conversi\u00f3n de llamadas a Google Ads y Google Analytics para optimizar la campa\u00f1a<\/li>\n<li>Mida la efectividad y tome decisiones basadas en datos s\u00f3lidos<\/li>\n<\/ol>\n<p>El tama\u00f1o de un grupo de inserci\u00f3n din\u00e1mica est\u00e1 determinado por la ocupaci\u00f3n de su sitio web y la cantidad de tr\u00e1fico que desea rastrear. Un grupo din\u00e1mico debe contener al menos 5 n\u00fameros para un sitio web peque\u00f1o. Cuantos m\u00e1s visitantes por hora desee rastrear, m\u00e1s n\u00fameros requerir\u00e1 su grupo din\u00e1mico para seguir siendo preciso y mantener una atribuci\u00f3n correcta para cada llamada. Si su sitio web est\u00e1 demasiado ocupado y no tiene suficientes n\u00fameros de tel\u00e9fono en su grupo, las llamadas telef\u00f3nicas no se atribuir\u00e1n a los clics.<\/p>\n<p>Como regla general, la cantidad de visitantes que desea rastrear en una hora durante la hora pico es igual a la cantidad m\u00ednima de n\u00fameros requeridos en su grupo. Por ejemplo, si selecciona Google Ads y Facebook como fuentes rastreadas y tiene 20 visitantes de ambas fuentes por hora (durante el pico), entonces necesitar\u00e1 un grupo din\u00e1mico que contenga 20 n\u00fameros de tel\u00e9fono.<\/p>\n","protected":false},"excerpt":{"rendered":"<p>Seg\u00fan sus necesidades de marketing, puede utilizar un n\u00famero de tel\u00e9fono o cientos de n\u00fameros de tel\u00e9fono en una cuenta de Clixtell. Puede organizar sus n\u00fameros de tel\u00e9fono en \u00abPools\u00bb de n\u00fameros, grupos de n\u00fameros que se nombran para que tengan sentido para usted. Esta gu\u00eda analizar\u00e1 las diferentes opciones de configuraci\u00f3n para configurar el [&hellip;]<\/p>\n","protected":false},"author":1,"featured_media":0,"parent":0,"menu_order":0,"comment_status":"closed","ping_status":"closed","template":"","meta":[],"yoast_head":"<!-- This site is optimized with the Yoast SEO plugin v19.9 - https:\/\/yoast.com\/wordpress\/plugins\/seo\/ -->\n<title>\u00bfCu\u00e1ntos n\u00fameros de tel\u00e9fono necesito? - Clixtell Support Academy<\/title>\n<meta name=\"robots\" content=\"index, follow, max-snippet:-1, max-image-preview:large, max-video-preview:-1\" \/>\n<link rel=\"canonical\" href=\"https:\/\/54.146.219.34\/es\/cuantos-numeros-de-telefono-necesito\/\" \/>\n<meta property=\"og:locale\" content=\"es_ES\" \/>\n<meta property=\"og:type\" content=\"article\" \/>\n<meta property=\"og:title\" content=\"\u00bfCu\u00e1ntos n\u00fameros de tel\u00e9fono necesito? - Clixtell Support Academy\" \/>\n<meta property=\"og:description\" content=\"Seg\u00fan sus necesidades de marketing, puede utilizar un n\u00famero de tel\u00e9fono o cientos de n\u00fameros de tel\u00e9fono en una cuenta de Clixtell. Puede organizar sus n\u00fameros de tel\u00e9fono en \u00abPools\u00bb de n\u00fameros, grupos de n\u00fameros que se nombran para que tengan sentido para usted. Esta gu\u00eda analizar\u00e1 las diferentes opciones de configuraci\u00f3n para configurar el [&hellip;]\" \/>\n<meta property=\"og:url\" content=\"https:\/\/54.146.219.34\/es\/cuantos-numeros-de-telefono-necesito\/\" \/>\n<meta property=\"og:site_name\" content=\"Clixtell Support Academy\" \/>\n<meta name=\"twitter:card\" content=\"summary_large_image\" \/>\n<meta name=\"twitter:label1\" content=\"Tiempo de lectura\" \/>\n\t<meta name=\"twitter:data1\" content=\"3 minutos\" \/>\n<script type=\"application\/ld+json\" class=\"yoast-schema-graph\">{\"@context\":\"https:\/\/schema.org\",\"@graph\":[{\"@type\":\"WebPage\",\"@id\":\"https:\/\/54.146.219.34\/es\/cuantos-numeros-de-telefono-necesito\/\",\"url\":\"https:\/\/54.146.219.34\/es\/cuantos-numeros-de-telefono-necesito\/\",\"name\":\"\u00bfCu\u00e1ntos n\u00fameros de tel\u00e9fono necesito? - Clixtell Support Academy\",\"isPartOf\":{\"@id\":\"https:\/\/54.146.219.34\/es\/#website\"},\"datePublished\":\"2020-09-21T07:06:10+00:00\",\"dateModified\":\"2020-09-21T07:06:10+00:00\",\"breadcrumb\":{\"@id\":\"https:\/\/54.146.219.34\/es\/cuantos-numeros-de-telefono-necesito\/#breadcrumb\"},\"inLanguage\":\"es\",\"potentialAction\":[{\"@type\":\"ReadAction\",\"target\":[\"https:\/\/54.146.219.34\/es\/cuantos-numeros-de-telefono-necesito\/\"]}]},{\"@type\":\"BreadcrumbList\",\"@id\":\"https:\/\/54.146.219.34\/es\/cuantos-numeros-de-telefono-necesito\/#breadcrumb\",\"itemListElement\":[{\"@type\":\"ListItem\",\"position\":1,\"name\":\"Home\",\"item\":\"https:\/\/54.146.219.34\/es\/\"},{\"@type\":\"ListItem\",\"position\":2,\"name\":\"\u00bfCu\u00e1ntos n\u00fameros de tel\u00e9fono necesito?\"}]},{\"@type\":\"WebSite\",\"@id\":\"https:\/\/54.146.219.34\/es\/#website\",\"url\":\"https:\/\/54.146.219.34\/es\/\",\"name\":\"Clixtell Support Academy\",\"description\":\"\",\"publisher\":{\"@id\":\"https:\/\/54.146.219.34\/es\/#organization\"},\"potentialAction\":[{\"@type\":\"SearchAction\",\"target\":{\"@type\":\"EntryPoint\",\"urlTemplate\":\"https:\/\/54.146.219.34\/es\/?s={search_term_string}\"},\"query-input\":\"required name=search_term_string\"}],\"inLanguage\":\"es\"},{\"@type\":\"Organization\",\"@id\":\"https:\/\/54.146.219.34\/es\/#organization\",\"name\":\"Clixtell Support Academy\",\"url\":\"https:\/\/54.146.219.34\/es\/\",\"logo\":{\"@type\":\"ImageObject\",\"inLanguage\":\"es\",\"@id\":\"https:\/\/54.146.219.34\/es\/#\/schema\/logo\/image\/\",\"url\":\"https:\/\/support.clixtell.com\/wp-content\/uploads\/2020\/04\/logoc.png\",\"contentUrl\":\"https:\/\/support.clixtell.com\/wp-content\/uploads\/2020\/04\/logoc.png\",\"width\":168,\"height\":43,\"caption\":\"Clixtell Support Academy\"},\"image\":{\"@id\":\"https:\/\/54.146.219.34\/es\/#\/schema\/logo\/image\/\"}}]}<\/script>\n<!-- \/ Yoast SEO plugin. -->","yoast_head_json":{"title":"\u00bfCu\u00e1ntos n\u00fameros de tel\u00e9fono necesito? - Clixtell Support Academy","robots":{"index":"index","follow":"follow","max-snippet":"max-snippet:-1","max-image-preview":"max-image-preview:large","max-video-preview":"max-video-preview:-1"},"canonical":"https:\/\/54.146.219.34\/es\/cuantos-numeros-de-telefono-necesito\/","og_locale":"es_ES","og_type":"article","og_title":"\u00bfCu\u00e1ntos n\u00fameros de tel\u00e9fono necesito? - Clixtell Support Academy","og_description":"Seg\u00fan sus necesidades de marketing, puede utilizar un n\u00famero de tel\u00e9fono o cientos de n\u00fameros de tel\u00e9fono en una cuenta de Clixtell. Puede organizar sus n\u00fameros de tel\u00e9fono en \u00abPools\u00bb de n\u00fameros, grupos de n\u00fameros que se nombran para que tengan sentido para usted. Esta gu\u00eda analizar\u00e1 las diferentes opciones de configuraci\u00f3n para configurar el [&hellip;]","og_url":"https:\/\/54.146.219.34\/es\/cuantos-numeros-de-telefono-necesito\/","og_site_name":"Clixtell Support Academy","twitter_card":"summary_large_image","twitter_misc":{"Tiempo de lectura":"3 minutos"},"schema":{"@context":"https:\/\/schema.org","@graph":[{"@type":"WebPage","@id":"https:\/\/54.146.219.34\/es\/cuantos-numeros-de-telefono-necesito\/","url":"https:\/\/54.146.219.34\/es\/cuantos-numeros-de-telefono-necesito\/","name":"\u00bfCu\u00e1ntos n\u00fameros de tel\u00e9fono necesito? - Clixtell Support Academy","isPartOf":{"@id":"https:\/\/54.146.219.34\/es\/#website"},"datePublished":"2020-09-21T07:06:10+00:00","dateModified":"2020-09-21T07:06:10+00:00","breadcrumb":{"@id":"https:\/\/54.146.219.34\/es\/cuantos-numeros-de-telefono-necesito\/#breadcrumb"},"inLanguage":"es","potentialAction":[{"@type":"ReadAction","target":["https:\/\/54.146.219.34\/es\/cuantos-numeros-de-telefono-necesito\/"]}]},{"@type":"BreadcrumbList","@id":"https:\/\/54.146.219.34\/es\/cuantos-numeros-de-telefono-necesito\/#breadcrumb","itemListElement":[{"@type":"ListItem","position":1,"name":"Home","item":"https:\/\/54.146.219.34\/es\/"},{"@type":"ListItem","position":2,"name":"\u00bfCu\u00e1ntos n\u00fameros de tel\u00e9fono necesito?"}]},{"@type":"WebSite","@id":"https:\/\/54.146.219.34\/es\/#website","url":"https:\/\/54.146.219.34\/es\/","name":"Clixtell Support Academy","description":"","publisher":{"@id":"https:\/\/54.146.219.34\/es\/#organization"},"potentialAction":[{"@type":"SearchAction","target":{"@type":"EntryPoint","urlTemplate":"https:\/\/54.146.219.34\/es\/?s={search_term_string}"},"query-input":"required name=search_term_string"}],"inLanguage":"es"},{"@type":"Organization","@id":"https:\/\/54.146.219.34\/es\/#organization","name":"Clixtell Support Academy","url":"https:\/\/54.146.219.34\/es\/","logo":{"@type":"ImageObject","inLanguage":"es","@id":"https:\/\/54.146.219.34\/es\/#\/schema\/logo\/image\/","url":"https:\/\/support.clixtell.com\/wp-content\/uploads\/2020\/04\/logoc.png","contentUrl":"https:\/\/support.clixtell.com\/wp-content\/uploads\/2020\/04\/logoc.png","width":168,"height":43,"caption":"Clixtell Support Academy"},"image":{"@id":"https:\/\/54.146.219.34\/es\/#\/schema\/logo\/image\/"}}]}},"_links":{"self":[{"href":"https:\/\/support.clixtell.com\/es\/wp-json\/wp\/v2\/pages\/563"}],"collection":[{"href":"https:\/\/support.clixtell.com\/es\/wp-json\/wp\/v2\/pages"}],"about":[{"href":"https:\/\/support.clixtell.com\/es\/wp-json\/wp\/v2\/types\/page"}],"author":[{"embeddable":true,"href":"https:\/\/support.clixtell.com\/es\/wp-json\/wp\/v2\/users\/1"}],"replies":[{"embeddable":true,"href":"https:\/\/support.clixtell.com\/es\/wp-json\/wp\/v2\/comments?post=563"}],"version-history":[{"count":0,"href":"https:\/\/support.clixtell.com\/es\/wp-json\/wp\/v2\/pages\/563\/revisions"}],"wp:attachment":[{"href":"https:\/\/support.clixtell.com\/es\/wp-json\/wp\/v2\/media?parent=563"}],"curies":[{"name":"wp","href":"https:\/\/api.w.org\/{rel}","templated":true}]}}